{"id":8087,"date":"2025-11-14T15:45:24","date_gmt":"2025-11-14T12:45:24","guid":{"rendered":"https:\/\/iubeste.md\/?post_type=product&#038;p=8087"},"modified":"2026-02-11T19:42:04","modified_gmt":"2026-02-11T16:42:04","slug":"buchet-din-trandafiri-spray-si-matricaria","status":"publish","type":"product","link":"https:\/\/iubeste.md\/ru\/product\/buchet-din-trandafiri-spray-si-matricaria\/","title":{"rendered":"Buchet din trandafiri spray \u0219i matricaria"},"content":{"rendered":"<p>Buchet delicat \u0219i natural, format din 7 fire de trandafiri spray roz pal \u0219i 4 fire de matricaria (mu\u015fe\u021bel), \u00een ambalaj alb. O alegere proasp\u0103t\u0103 \u0219i romantic\u0103.<\/p>\n<p>\ud83d\udc49 Vezi buchete similare \u00een categoria \u201e<a href=\"https:\/\/iubeste.md\/prod-cat\/buchete\/\">Buchete<\/a>&#8221;<br \/>\n\ud83d\udc8c Vezi cele mai noi modele pe <a href=\"https:\/\/www.instagram.com\/iubeste.md\/\">Instagram<\/a><\/p>\n","protected":false},"excerpt":{"rendered":"<p>Buchet delicat \u0219i natural, format din 7 fire de trandafiri spray roz pal \u0219i 4 fire de matricaria (mu\u015fe\u021bel), \u00een ambalaj alb.<\/p>\n","protected":false},"featured_media":8088,"template":"","meta":[],"product_brand":[],"product_cat":[496],"product_tag":[],"class_list":{"0":"post-8087","1":"product","2":"type-product","3":"status-publish","4":"has-post-thumbnail","6":"product_cat-bukety","8":"first","9":"instock","10":"shipping-taxable","11":"purchasable","12":"product-type-simple"},"aioseo_notices":[],"_links":{"self":[{"href":"https:\/\/iubeste.md\/ru\/wp-json\/wp\/v2\/product\/8087","targetHints":{"allow":["GET"]}}],"collection":[{"href":"https:\/\/iubeste.md\/ru\/wp-json\/wp\/v2\/product"}],"about":[{"href":"https:\/\/iubeste.md\/ru\/wp-json\/wp\/v2\/types\/product"}],"wp:featuredmedia":[{"embeddable":true,"href":"https:\/\/iubeste.md\/ru\/wp-json\/wp\/v2\/media\/8088"}],"wp:attachment":[{"href":"https:\/\/iubeste.md\/ru\/wp-json\/wp\/v2\/media?parent=8087"}],"wp:term":[{"taxonomy":"product_brand","embeddable":true,"href":"https:\/\/iubeste.md\/ru\/wp-json\/wp\/v2\/product_brand?post=8087"},{"taxonomy":"product_cat","embeddable":true,"href":"https:\/\/iubeste.md\/ru\/wp-json\/wp\/v2\/product_cat?post=8087"},{"taxonomy":"product_tag","embeddable":true,"href":"https:\/\/iubeste.md\/ru\/wp-json\/wp\/v2\/product_tag?post=8087"}],"curies":[{"name":"wp","href":"https:\/\/api.w.org\/{rel}","templated":true}]}}