{"id":8057,"date":"2025-11-13T20:39:51","date_gmt":"2025-11-13T17:39:51","guid":{"rendered":"https:\/\/iubeste.md\/?post_type=product&#038;p=8057"},"modified":"2025-11-13T20:39:51","modified_gmt":"2025-11-13T17:39:51","slug":"buchet-din-101-trandafiri-alb-si-rosii-cu-coroana","status":"publish","type":"product","link":"https:\/\/iubeste.md\/ru\/product\/buchet-din-101-trandafiri-alb-si-rosii-cu-coroana\/","title":{"rendered":"Buchet din 101 trandafiri alb si rosii cu coroan\u0103"},"content":{"rendered":"<p>Buchet grandios, format din 101 trandafiri albi \u0219i ro\u0219ii, cu coroan\u0103 decorativ\u0103. Lungimea trandafirilor: 80\u201390 cm. O declara\u021bie de dragoste \u00een form\u0103 floral\u0103.<\/p>\n<p>\ud83d\udc49 Vezi buchete similare \u00een categoria \u201e<a href=\"https:\/\/iubeste.md\/prod-cat\/buchete-trandafiri\/\">Buchete cu trandafiri<\/a>\u201d<br \/>\n\ud83d\udc8c Urm\u0103re\u0219te-ne pe <a href=\"https:\/\/www.instagram.com\/iubeste.md\/\">Instagram<\/a> pentru inspira\u021bie floral\u0103<\/p>\n","protected":false},"excerpt":{"rendered":"<p>Buchet grandios, format din 101 trandafiri albi \u0219i ro\u0219ii, cu coroan\u0103 decorativ\u0103. Lungimea trandafirilor: 80\u201390 cm.<\/p>\n","protected":false},"featured_media":8058,"template":"","meta":[],"product_brand":[],"product_cat":[496,505],"product_tag":[575],"class_list":{"0":"post-8057","1":"product","2":"type-product","3":"status-publish","4":"has-post-thumbnail","6":"product_cat-bukety","7":"product_cat-bukety-iz-roz","8":"product_tag-101-trandafiri","10":"first","11":"instock","12":"shipping-taxable","13":"purchasable","14":"product-type-simple"},"aioseo_notices":[],"_links":{"self":[{"href":"https:\/\/iubeste.md\/ru\/wp-json\/wp\/v2\/product\/8057","targetHints":{"allow":["GET"]}}],"collection":[{"href":"https:\/\/iubeste.md\/ru\/wp-json\/wp\/v2\/product"}],"about":[{"href":"https:\/\/iubeste.md\/ru\/wp-json\/wp\/v2\/types\/product"}],"wp:featuredmedia":[{"embeddable":true,"href":"https:\/\/iubeste.md\/ru\/wp-json\/wp\/v2\/media\/8058"}],"wp:attachment":[{"href":"https:\/\/iubeste.md\/ru\/wp-json\/wp\/v2\/media?parent=8057"}],"wp:term":[{"taxonomy":"product_brand","embeddable":true,"href":"https:\/\/iubeste.md\/ru\/wp-json\/wp\/v2\/product_brand?post=8057"},{"taxonomy":"product_cat","embeddable":true,"href":"https:\/\/iubeste.md\/ru\/wp-json\/wp\/v2\/product_cat?post=8057"},{"taxonomy":"product_tag","embeddable":true,"href":"https:\/\/iubeste.md\/ru\/wp-json\/wp\/v2\/product_tag?post=8057"}],"curies":[{"name":"wp","href":"https:\/\/api.w.org\/{rel}","templated":true}]}}