{"id":8038,"date":"2025-11-13T19:31:11","date_gmt":"2025-11-13T16:31:11","guid":{"rendered":"https:\/\/iubeste.md\/?post_type=product&#038;p=8038"},"modified":"2026-01-21T16:15:58","modified_gmt":"2026-01-21T13:15:58","slug":"buchet-din-romanita-alba-cu-eucalipt","status":"publish","type":"product","link":"https:\/\/iubeste.md\/ru\/product\/buchet-din-romanita-alba-cu-eucalipt\/","title":{"rendered":"Buchet din romanita alba cu eucalipt"},"content":{"rendered":"<p>Buchet realizat din 5 fire de crizantem\u0103 tuf\u0103, soi romanita, completat cu eucalipt, \u00een ambalaj voluminos alb. Perfect pentru a aduce un z\u00e2mbet \u00een orice zi.<br \/>\n\ud83d\udc49 Vezi buchete similare \u00een categoria <a href=\"https:\/\/iubeste.md\/prod-cat\/buchete\/\">BUCHETE<\/a><br \/>\n\ud83d\udc8c Descoper\u0103 mai multe modele pe <a href=\"https:\/\/www.instagram.com\/iubeste.md\/\">Instagram<\/a><\/p>\n","protected":false},"excerpt":{"rendered":"<p>Buchet realizat din 5 fire de crizantem\u0103 tuf\u0103, soi romanita, completat cu eucalipt, \u00een ambalaj voluminos alb.<\/p>\n","protected":false},"featured_media":8039,"template":"","meta":[],"product_brand":[],"product_cat":[496],"product_tag":[232,645],"class_list":{"0":"post-8038","1":"product","2":"type-product","3":"status-publish","4":"has-post-thumbnail","6":"product_cat-bukety","7":"product_tag-romanita","8":"product_tag-romanita-alba","10":"first","11":"instock","12":"shipping-taxable","13":"purchasable","14":"product-type-simple"},"aioseo_notices":[],"_links":{"self":[{"href":"https:\/\/iubeste.md\/ru\/wp-json\/wp\/v2\/product\/8038","targetHints":{"allow":["GET"]}}],"collection":[{"href":"https:\/\/iubeste.md\/ru\/wp-json\/wp\/v2\/product"}],"about":[{"href":"https:\/\/iubeste.md\/ru\/wp-json\/wp\/v2\/types\/product"}],"wp:featuredmedia":[{"embeddable":true,"href":"https:\/\/iubeste.md\/ru\/wp-json\/wp\/v2\/media\/8039"}],"wp:attachment":[{"href":"https:\/\/iubeste.md\/ru\/wp-json\/wp\/v2\/media?parent=8038"}],"wp:term":[{"taxonomy":"product_brand","embeddable":true,"href":"https:\/\/iubeste.md\/ru\/wp-json\/wp\/v2\/product_brand?post=8038"},{"taxonomy":"product_cat","embeddable":true,"href":"https:\/\/iubeste.md\/ru\/wp-json\/wp\/v2\/product_cat?post=8038"},{"taxonomy":"product_tag","embeddable":true,"href":"https:\/\/iubeste.md\/ru\/wp-json\/wp\/v2\/product_tag?post=8038"}],"curies":[{"name":"wp","href":"https:\/\/api.w.org\/{rel}","templated":true}]}}