{"id":7961,"date":"2025-07-16T20:08:16","date_gmt":"2025-07-16T17:08:16","guid":{"rendered":"https:\/\/iubeste.md\/?post_type=product&#038;p=7961"},"modified":"2026-02-11T19:36:03","modified_gmt":"2026-02-11T16:36:03","slug":"buchet-in-forma-de-inima-din-trandafiri-crema-si-raffaello","status":"publish","type":"product","link":"https:\/\/iubeste.md\/ru\/product\/buchet-in-forma-de-inima-din-trandafiri-crema-si-raffaello\/","title":{"rendered":"Buchet \u00een form\u0103 de inim\u0103 din trandafiri crem\u0103 \u0219i Raffaello"},"content":{"rendered":"","protected":false},"excerpt":{"rendered":"","protected":false},"featured_media":7962,"template":"","meta":[],"product_brand":[],"product_cat":[496,505],"product_tag":[],"class_list":{"0":"post-7961","1":"product","2":"type-product","3":"status-publish","4":"has-post-thumbnail","6":"product_cat-bukety","7":"product_cat-bukety-iz-roz","9":"first","10":"instock","11":"shipping-taxable","12":"purchasable","13":"product-type-simple"},"aioseo_notices":[],"_links":{"self":[{"href":"https:\/\/iubeste.md\/ru\/wp-json\/wp\/v2\/product\/7961","targetHints":{"allow":["GET"]}}],"collection":[{"href":"https:\/\/iubeste.md\/ru\/wp-json\/wp\/v2\/product"}],"about":[{"href":"https:\/\/iubeste.md\/ru\/wp-json\/wp\/v2\/types\/product"}],"wp:featuredmedia":[{"embeddable":true,"href":"https:\/\/iubeste.md\/ru\/wp-json\/wp\/v2\/media\/7962"}],"wp:attachment":[{"href":"https:\/\/iubeste.md\/ru\/wp-json\/wp\/v2\/media?parent=7961"}],"wp:term":[{"taxonomy":"product_brand","embeddable":true,"href":"https:\/\/iubeste.md\/ru\/wp-json\/wp\/v2\/product_brand?post=7961"},{"taxonomy":"product_cat","embeddable":true,"href":"https:\/\/iubeste.md\/ru\/wp-json\/wp\/v2\/product_cat?post=7961"},{"taxonomy":"product_tag","embeddable":true,"href":"https:\/\/iubeste.md\/ru\/wp-json\/wp\/v2\/product_tag?post=7961"}],"curies":[{"name":"wp","href":"https:\/\/api.w.org\/{rel}","templated":true}]}}