{"id":7940,"date":"2025-07-16T18:28:17","date_gmt":"2025-07-16T15:28:17","guid":{"rendered":"https:\/\/iubeste.md\/?post_type=product&#038;p=7940"},"modified":"2026-03-02T21:14:04","modified_gmt":"2026-03-02T18:14:04","slug":"101-trandafiri-in-nuante-de-roz-si-rosu-50-cm","status":"publish","type":"product","link":"https:\/\/iubeste.md\/ru\/product\/101-trandafiri-in-nuante-de-roz-si-rosu-50-cm\/","title":{"rendered":"101 trandafiri in nuante de roz si rosu (50 cm)"},"content":{"rendered":"<p>Un buchet impresionant din 101 trandafiri \u00een nuan\u021be delicate de roz \u0219i ro\u0219u \u2013 o adev\u0103rat\u0103 declara\u021bie de dragoste \u0219i elegan\u021b\u0103. Fiecare floare este aleas\u0103 cu grij\u0103 pentru a crea un joc armonios de culori calde \u0219i romantice.<\/p>\n<p>Acest buchet de trandafiri este alegerea perfect\u0103 pentru anivers\u0103ri, cereri \u00een c\u0103s\u0103torie, surprize romantice sau cadouri deosebite.<\/p>\n<p>\ud83d\udce6 Ambalat cu grij\u0103 \u00eentr-un stil rafinat, gata de oferit.<br \/>\n\ud83d\ude9a Livr\u0103m flori \u00een B\u0103l\u021bi \u0219i \u00een toat\u0103 zona de nord a Moldovei \u2013 rapid, sigur \u0219i cu mult\u0103 grij\u0103.<\/p>\n","protected":false},"excerpt":{"rendered":"<p>Un buchet impresionant din 101 trandafiri \u00een nuan\u021be delicate de roz \u0219i ro\u0219u \u2013 o adev\u0103rat\u0103 declara\u021bie de dragoste \u0219i elegan\u021b\u0103. Fiecare floare este aleas\u0103 cu grij\u0103 pentru a crea un joc armonios de culori&hellip;<\/p>\n","protected":false},"featured_media":7945,"template":"","meta":[],"product_brand":[],"product_cat":[496,505],"product_tag":[575,633,628,629,622,614],"class_list":{"0":"post-7940","1":"product","2":"type-product","3":"status-publish","4":"has-post-thumbnail","6":"product_cat-bukety","7":"product_cat-bukety-iz-roz","8":"product_tag-101-trandafiri","9":"product_tag-101-roza","10":"product_tag-livrare-trandafiri-in-balti","11":"product_tag-trandafiri-roz","12":"product_tag-belye-rozy","13":"product_tag-buket-iz-roz-belczy","15":"first","16":"instock","17":"shipping-taxable","18":"purchasable","19":"product-type-simple"},"aioseo_notices":[],"_links":{"self":[{"href":"https:\/\/iubeste.md\/ru\/wp-json\/wp\/v2\/product\/7940","targetHints":{"allow":["GET"]}}],"collection":[{"href":"https:\/\/iubeste.md\/ru\/wp-json\/wp\/v2\/product"}],"about":[{"href":"https:\/\/iubeste.md\/ru\/wp-json\/wp\/v2\/types\/product"}],"wp:featuredmedia":[{"embeddable":true,"href":"https:\/\/iubeste.md\/ru\/wp-json\/wp\/v2\/media\/7945"}],"wp:attachment":[{"href":"https:\/\/iubeste.md\/ru\/wp-json\/wp\/v2\/media?parent=7940"}],"wp:term":[{"taxonomy":"product_brand","embeddable":true,"href":"https:\/\/iubeste.md\/ru\/wp-json\/wp\/v2\/product_brand?post=7940"},{"taxonomy":"product_cat","embeddable":true,"href":"https:\/\/iubeste.md\/ru\/wp-json\/wp\/v2\/product_cat?post=7940"},{"taxonomy":"product_tag","embeddable":true,"href":"https:\/\/iubeste.md\/ru\/wp-json\/wp\/v2\/product_tag?post=7940"}],"curies":[{"name":"wp","href":"https:\/\/api.w.org\/{rel}","templated":true}]}}