{"id":7455,"date":"2024-11-21T19:15:01","date_gmt":"2024-11-21T16:15:01","guid":{"rendered":"https:\/\/iubeste.md\/?post_type=product&#038;p=7455"},"modified":"2026-01-21T16:00:31","modified_gmt":"2026-01-21T13:00:31","slug":"buchet-cu-hortensie-si-trandafiri-roz","status":"publish","type":"product","link":"https:\/\/iubeste.md\/ru\/product\/buchet-cu-hortensie-si-trandafiri-roz\/","title":{"rendered":"Buchet cu Hortensie si Trandafiri roz"},"content":{"rendered":"<p>Buchetul este compus dintr-o hortensie, 7 fire de trandafiri spray \u0219i 7 trandafiri clasici, cu adaos de eucalipt, ambalat \u00een h\u00e2rtie alb\u0103.<\/p>\n<p>V\u0103 rug\u0103m s\u0103 re\u021bine\u021bi c\u0103 nuan\u021ba sau culoarea florilor poate varia u\u0219or, \u00een func\u021bie de stocul disponibil, p\u0103str\u00e2nd \u00eens\u0103 stilul \u0219i compozi\u021bia general\u0103 a aranjamentului.<\/p>\n","protected":false},"excerpt":{"rendered":"<p>Buchetul este compus dintr-o hortensie, 7 fire de trandafiri spray \u0219i 7 trandafiri clasici, cu adaos de eucalipt, ambalat \u00een h\u00e2rtie alb\u0103.<\/p>\n<p><img decoding=\"async\" class=\"emoji\" role=\"img\" draggable=\"false\" src=\"https:\/\/s.w.org\/images\/core\/emoji\/17.0.2\/svg\/1f449.svg\" alt=\"\ud83d\udc49\" \/>\u00a0Vezi buchete similare \u00een categoria \u201e<a href=\"https:\/\/iubeste.md\/prod-cat\/buchete-trandafiri\/\">Buchete cu trandafiri<\/a>\u201d<br \/>\n<img decoding=\"async\" class=\"emoji\" role=\"img\" draggable=\"false\" src=\"https:\/\/s.w.org\/images\/core\/emoji\/17.0.2\/svg\/1f48c.svg\" alt=\"\ud83d\udc8c\" \/>\u00a0Urm\u0103re\u0219te-ne pe\u00a0<a href=\"https:\/\/www.instagram.com\/iubeste.md\/\">Instagram<\/a>\u00a0pentru inspira\u021bie floral\u0103<\/p>\n","protected":false},"featured_media":7456,"template":"","meta":[],"product_brand":[],"product_cat":[496],"product_tag":[151,497],"class_list":{"0":"post-7455","1":"product","2":"type-product","3":"status-publish","4":"has-post-thumbnail","6":"product_cat-bukety","7":"product_tag-hortensie","8":"product_tag-trandafiri-ru","10":"first","11":"instock","12":"shipping-taxable","13":"purchasable","14":"product-type-simple"},"aioseo_notices":[],"_links":{"self":[{"href":"https:\/\/iubeste.md\/ru\/wp-json\/wp\/v2\/product\/7455","targetHints":{"allow":["GET"]}}],"collection":[{"href":"https:\/\/iubeste.md\/ru\/wp-json\/wp\/v2\/product"}],"about":[{"href":"https:\/\/iubeste.md\/ru\/wp-json\/wp\/v2\/types\/product"}],"wp:featuredmedia":[{"embeddable":true,"href":"https:\/\/iubeste.md\/ru\/wp-json\/wp\/v2\/media\/7456"}],"wp:attachment":[{"href":"https:\/\/iubeste.md\/ru\/wp-json\/wp\/v2\/media?parent=7455"}],"wp:term":[{"taxonomy":"product_brand","embeddable":true,"href":"https:\/\/iubeste.md\/ru\/wp-json\/wp\/v2\/product_brand?post=7455"},{"taxonomy":"product_cat","embeddable":true,"href":"https:\/\/iubeste.md\/ru\/wp-json\/wp\/v2\/product_cat?post=7455"},{"taxonomy":"product_tag","embeddable":true,"href":"https:\/\/iubeste.md\/ru\/wp-json\/wp\/v2\/product_tag?post=7455"}],"curies":[{"name":"wp","href":"https:\/\/api.w.org\/{rel}","templated":true}]}}