{"id":7370,"date":"2024-11-11T19:49:02","date_gmt":"2024-11-11T16:49:02","guid":{"rendered":"https:\/\/iubeste.md\/?post_type=product&#038;p=7370"},"modified":"2026-02-11T19:35:29","modified_gmt":"2026-02-11T16:35:29","slug":"buchet-in-forma-de-inima-din-trandafiri-rosii-si-raffaello","status":"publish","type":"product","link":"https:\/\/iubeste.md\/ru\/product\/buchet-in-forma-de-inima-din-trandafiri-rosii-si-raffaello\/","title":{"rendered":"Buchet \u00een form\u0103 de inim\u0103 din trandafiri ro\u0219ii \u0219i Raffaello"},"content":{"rendered":"","protected":false},"excerpt":{"rendered":"","protected":false},"featured_media":7957,"template":"","meta":[],"product_brand":[],"product_cat":[496,505],"product_tag":[577,497],"class_list":{"0":"post-7370","1":"product","2":"type-product","3":"status-publish","4":"has-post-thumbnail","6":"product_cat-bukety","7":"product_cat-bukety-iz-roz","8":"product_tag-buchet-inima","9":"product_tag-trandafiri-ru","11":"first","12":"instock","13":"shipping-taxable","14":"purchasable","15":"product-type-simple"},"aioseo_notices":[],"_links":{"self":[{"href":"https:\/\/iubeste.md\/ru\/wp-json\/wp\/v2\/product\/7370","targetHints":{"allow":["GET"]}}],"collection":[{"href":"https:\/\/iubeste.md\/ru\/wp-json\/wp\/v2\/product"}],"about":[{"href":"https:\/\/iubeste.md\/ru\/wp-json\/wp\/v2\/types\/product"}],"wp:featuredmedia":[{"embeddable":true,"href":"https:\/\/iubeste.md\/ru\/wp-json\/wp\/v2\/media\/7957"}],"wp:attachment":[{"href":"https:\/\/iubeste.md\/ru\/wp-json\/wp\/v2\/media?parent=7370"}],"wp:term":[{"taxonomy":"product_brand","embeddable":true,"href":"https:\/\/iubeste.md\/ru\/wp-json\/wp\/v2\/product_brand?post=7370"},{"taxonomy":"product_cat","embeddable":true,"href":"https:\/\/iubeste.md\/ru\/wp-json\/wp\/v2\/product_cat?post=7370"},{"taxonomy":"product_tag","embeddable":true,"href":"https:\/\/iubeste.md\/ru\/wp-json\/wp\/v2\/product_tag?post=7370"}],"curies":[{"name":"wp","href":"https:\/\/api.w.org\/{rel}","templated":true}]}}