{"id":6794,"date":"2023-12-09T19:28:26","date_gmt":"2023-12-09T16:28:26","guid":{"rendered":"https:\/\/iubeste.md\/?post_type=product&#038;p=6794"},"modified":"2024-11-14T21:07:56","modified_gmt":"2024-11-14T18:07:56","slug":"ladita-de-craciun-cu-vin-roz-pahar-ciocolate-si-o-lumanare-parfumata","status":"publish","type":"product","link":"https:\/\/iubeste.md\/ru\/product\/ladita-de-craciun-cu-vin-roz-pahar-ciocolate-si-o-lumanare-parfumata\/","title":{"rendered":"Ladita de Craciun cu vin roz, pahar, ciocolate si o lum\u00e2nare parfumat\u0103"},"content":{"rendered":"<ul>\n<li>Ladita de lemn<\/li>\n<li>Vin sec roz CHATEAU VARTELY<\/li>\n<li>Pahar de vin<\/li>\n<li>Ciocolate Heidi (2 buc)<\/li>\n<li>Lum\u00e2nare parfumat\u0103 cu fructe de p\u0103dure<\/li>\n<li>Ramuri artificiale de molid cu acoperire de z\u0103pad\u0103<\/li>\n<li>Decoratiuni pentru pomul de Craciun<\/li>\n<li>Luminite pentru brad<\/li>\n<\/ul>\n","protected":false},"excerpt":{"rendered":"<p>Ladita de lemn Vin sec roz CHATEAU VARTELY Pahar de vin Ciocolate Heidi (2 buc) Lum\u00e2nare parfumat\u0103 cu fructe de p\u0103dure Ramuri artificiale de molid cu acoperire de z\u0103pad\u0103 Decoratiuni pentru pomul de Craciun Luminite&hellip;<\/p>\n","protected":false},"featured_media":6789,"template":"","meta":[],"product_brand":[],"product_cat":[503],"product_tag":[465,358,468,467,466,160,330],"class_list":{"0":"post-6794","1":"product","2":"type-product","3":"status-publish","4":"has-post-thumbnail","6":"product_cat-korobki-s-podarkami","7":"product_tag-cadou-de-anul-nou","8":"product_tag-cadouri","9":"product_tag-ladita-cu-ciocolate","10":"product_tag-ladita-cu-vin","11":"product_tag-livrare-cadouri","12":"product_tag-vin","13":"product_tag-vin-roz","15":"first","16":"instock","17":"shipping-taxable","18":"purchasable","19":"product-type-simple"},"aioseo_notices":[],"_links":{"self":[{"href":"https:\/\/iubeste.md\/ru\/wp-json\/wp\/v2\/product\/6794","targetHints":{"allow":["GET"]}}],"collection":[{"href":"https:\/\/iubeste.md\/ru\/wp-json\/wp\/v2\/product"}],"about":[{"href":"https:\/\/iubeste.md\/ru\/wp-json\/wp\/v2\/types\/product"}],"wp:featuredmedia":[{"embeddable":true,"href":"https:\/\/iubeste.md\/ru\/wp-json\/wp\/v2\/media\/6789"}],"wp:attachment":[{"href":"https:\/\/iubeste.md\/ru\/wp-json\/wp\/v2\/media?parent=6794"}],"wp:term":[{"taxonomy":"product_brand","embeddable":true,"href":"https:\/\/iubeste.md\/ru\/wp-json\/wp\/v2\/product_brand?post=6794"},{"taxonomy":"product_cat","embeddable":true,"href":"https:\/\/iubeste.md\/ru\/wp-json\/wp\/v2\/product_cat?post=6794"},{"taxonomy":"product_tag","embeddable":true,"href":"https:\/\/iubeste.md\/ru\/wp-json\/wp\/v2\/product_tag?post=6794"}],"curies":[{"name":"wp","href":"https:\/\/api.w.org\/{rel}","templated":true}]}}