{"id":3958,"date":"2021-12-11T14:45:47","date_gmt":"2021-12-11T11:45:47","guid":{"rendered":"https:\/\/iubeste.md\/?post_type=product&#038;p=3958"},"modified":"2026-04-07T22:28:36","modified_gmt":"2026-04-07T19:28:36","slug":"buchet-cu-raffaello-si-sampanie","status":"publish","type":"product","link":"https:\/\/iubeste.md\/ru\/product\/buchet-cu-raffaello-si-sampanie\/","title":{"rendered":"Buchet \u201eSparkling Raffaello\u201d cu \u0218ampanie Bacio di Bolle"},"content":{"rendered":"<div style=\"width: 100%; font-family: 'Segoe UI', Roboto, Helvetica, Arial, sans-serif; color: #1a1a1a; line-height: 1.8; background-color: #ffffff; border-radius: 40px; overflow: hidden; margin: 20px 0; border: 1px solid #f3f4f6; box-shadow: 0 40px 100px rgba(217, 119, 6, 0.05);\">\n<div style=\"background: linear-gradient(135deg, #fffbeb 0%, #ffffff 100%); padding: clamp(60px, 10vw, 90px) 20px; text-align: center; border-bottom: 10px solid #fbbf24; position: relative;\">\n<div style=\"font-size: clamp(60px, 12vw, 90px); margin-bottom: 20px; filter: drop-shadow(0 10px 20px rgba(251, 191, 36, 0.2));\">\ud83e\udd42\u26aa\u2728<\/div>\n<h2 style=\"margin: 0; font-size: clamp(28px, 6vw, 48px); text-transform: uppercase; letter-spacing: 8px; color: #1a1a1a; font-weight: 950;\">Sparkling Raffaello<\/h2>\n<p style=\"margin: 15px 0 0; font-size: 14px; color: #b45309; font-weight: bold; letter-spacing: 5px; text-transform: uppercase;\">Elegan\u021b\u0103 &#038; R\u0103sf\u0103\u021b All-in-One<\/p>\n<\/p><\/div>\n<div style=\"padding: clamp(30px, 6vw, 80px);\">\n<div style=\"max-width: 900px; margin: 0 auto 60px auto; text-align: center; border-left: 5px solid #fbbf24; padding: 25px; background: #fffdfa; border-radius: 0 20px 20px 0;\">\n<p style=\"font-size: 18px; color: #1a1a1a; margin: 0; font-weight: 600;\">\n                Buchetul este conceput pentru a impresiona prin volum \u0219i armonie vizual\u0103, fiind un cadou \u201eall-in-one\u201d ideal.\n            <\/p>\n<\/p><\/div>\n<div style=\"display: grid; grid-template-columns: repeat(auto-fit, minmax(320px, 1fr)); gap: 30px; margin-bottom: 70px;\">\n<div style=\"background: #ffffff; padding: 35px; border-radius: 30px; border: 1px solid #fbbf24; box-shadow: 0 10px 30px rgba(0,0,0,0.02);\">\n<h3 style=\"color: #b45309; text-transform: uppercase; font-size: 18px; margin-bottom: 25px; letter-spacing: 2px; border-bottom: 2px solid #fbbf24; padding-bottom: 10px;\">\ud83d\udc8e Ingrediente Premium<\/h3>\n<ul style=\"list-style: none; padding: 0; margin: 0;\">\n<li style=\"margin-bottom: 15px; color: #1a1a1a;\"><strong style=\"color: #b45309;\">Spumant Bacio di Bolle:<\/strong> Inima buchetului este format\u0103 din sticle de spumant de calitate superioar\u0103, recunoscut pentru perlajul s\u0103u fin \u0219i aromele fructate.<\/li>\n<li style=\"color: #1a1a1a;\"><strong style=\"color: #b45309;\">Bomboane Raffaello:<\/strong> O abunden\u021b\u0103 de specialit\u0103\u021bi crocante cu cocos \u0219i migdal\u0103 \u00eentreag\u0103, dispuse strategic pentru un efect vizual de nor alb.<\/li>\n<\/ul><\/div>\n<div style=\"background: #ffffff; padding: 35px; border-radius: 30px; border: 1px solid #fbbf24; box-shadow: 0 10px 30px rgba(0,0,0,0.02);\">\n<h3 style=\"color: #b45309; text-transform: uppercase; font-size: 18px; margin-bottom: 25px; letter-spacing: 2px; border-bottom: 2px solid #fbbf24; padding-bottom: 10px;\">\ud83c\udf80 Ambalaj Versatil<\/h3>\n<p style=\"margin-bottom: 15px; color: #1a1a1a;\">Aranjamentul este finisat cu o h\u00e2rtie special\u0103 rezistent\u0103 \u0219i o fund\u0103 generoas\u0103 din satin.<\/p>\n<div style=\"font-size: 13px; color: #1a1a1a; font-style: italic; background: #fffbeb; padding: 15px; border-radius: 15px; border: 1px solid #fef3c7;\">\n                    <strong>Not\u0103:<\/strong> Culoarea ambalajului poate fi diferit\u0103 \u00een func\u021bie de preferin\u021be, p\u0103str\u00e2nd \u00eentotdeauna elegan\u021ba produsului.\n                <\/div><\/div><\/div>\n<div style=\"background: linear-gradient(135deg, #b45309 0%, #92400e 100%); color: #ffffff; padding: 50px 40px; border-radius: 40px; margin-bottom: 70px; box-shadow: 0 20px 50px rgba(180, 83, 9, 0.2);\">\n<h3 style=\"color: #ffffff; text-transform: uppercase; text-align: center; margin-top: 0; margin-bottom: 40px; letter-spacing: 3px; font-weight: 900;\">\ud83c\udf1f De ce s\u0103 alegi acest buchet?<\/h3>\n<div style=\"display: grid; grid-template-columns: repeat(auto-fit, minmax(250px, 1fr)); gap: 30px;\">\n<div style=\"display: flex; align-items: flex-start;\">\n                    <span style=\"font-size: 25px; margin-right: 15px;\">\ud83d\udc51<\/span><br \/>\n                    <span><strong style=\"color: #ffffff; display: block; margin-bottom: 5px;\">Combina\u021bie Clasic\u0103:<\/strong> Simbol universal al elegan\u021bei, apreciat la orice v\u00e2rst\u0103.<\/span>\n                <\/div>\n<div style=\"display: flex; align-items: flex-start;\">\n                    <span style=\"font-size: 25px; margin-right: 15px;\">\ud83c\udfd7\ufe0f<\/span><br \/>\n                    <span><strong style=\"color: #ffffff; display: block; margin-bottom: 5px;\">Impact Garantat:<\/strong> Dimensiunile generoase fac din acest buchet o pies\u0103 central\u0103.<\/span>\n                <\/div>\n<div style=\"display: flex; align-items: flex-start;\">\n                    <span style=\"font-size: 25px; margin-right: 15px;\">\ud83d\ude9a<\/span><br \/>\n                    <span><strong style=\"color: #ffffff; display: block; margin-bottom: 5px;\">Livrare f\u0103r\u0103 Efort:<\/strong> Transport\u0103m \u00een siguran\u021b\u0103 sticlele p\u00e2n\u0103 la u\u0219a dumneavoastr\u0103.<\/span>\n                <\/div><\/div><\/div>\n<div style=\"margin-bottom: 70px; border: 2px solid #fef3c7; padding: 40px; border-radius: 40px; background: #fffdfa;\">\n<h3 style=\"text-align: center; color: #1a1a1a; text-transform: uppercase; letter-spacing: 3px; margin-bottom: 40px; font-weight: 900;\">\ud83c\udf81 Sugestii de asortare<\/h3>\n<div style=\"display: grid; grid-template-columns: repeat(auto-fit, minmax(250px, 1fr)); gap: 30px;\">\n<div style=\"text-align: center;\">\n<div style=\"font-size: 40px; margin-bottom: 15px;\">\ud83c\udf38<\/div>\n<p style=\"color: #1a1a1a;\"><strong>Ging\u0103\u0219ie Floral\u0103:<\/strong> Buchet delicat din eustoma pentru prospe\u021bime.<\/p>\n<\/p><\/div>\n<div style=\"text-align: center;\">\n<div style=\"font-size: 40px; margin-bottom: 15px;\">\ud83d\udd4a\ufe0f<\/div>\n<p style=\"color: #1a1a1a;\"><strong>Simbolul Dragostei:<\/strong> Co\u0219ul cu 101 trandafiri albi, pentru o tematic\u0103 imaculat\u0103.<\/p>\n<\/p><\/div>\n<div style=\"text-align: center;\">\n<div style=\"font-size: 40px; margin-bottom: 15px;\">\ud83c\udf70<\/div>\n<p style=\"color: #1a1a1a;\"><strong>R\u0103sf\u0103\u021b Adicional:<\/strong> Cutia \u201eFlowers &#038; Macarons\u201d #3040, pentru un plus de textur\u0103 dulce.<\/p>\n<\/p><\/div><\/div><\/div>\n<div style=\"max-width: 900px; margin: 0 auto; border-top: 2px solid #fbbf24; padding-top: 50px;\">\n<h4 style=\"text-align: center; text-transform: uppercase; letter-spacing: 4px; font-weight: 900; margin-bottom: 40px; color: #1a1a1a;\">\ud83d\udca1 FAQ \u2013 \u00centreb\u0103ri Frecvente<\/h4>\n<div style=\"margin-bottom: 20px; padding: 25px; background: #fffbeb; border-radius: 20px; border: 1px solid #fef3c7;\">\n                <strong style=\"color: #b45309; display: block; margin-bottom: 10px; font-size: 16px;\">Q: Pot alege un alt tip de spumant?<\/strong><\/p>\n<p style=\"margin: 0; color: #1a1a1a;\">A: Modelul standard este realizat cu Bacio di Bolle. Contacta\u021bi-ne pentru a verifica op\u021biunile de personalizare.<\/p>\n<\/p><\/div>\n<div style=\"margin-bottom: 20px; padding: 25px; background: #fffbeb; border-radius: 20px; border: 1px solid #fef3c7;\">\n                <strong style=\"color: #b45309; display: block; margin-bottom: 10px; font-size: 16px;\">Q: C\u00e2t de greu este acest buchet?<\/strong><\/p>\n<p style=\"margin: 0; color: #1a1a1a;\">A: Are o greutate considerabil\u0103 datorit\u0103 sticlelor de spumant, oferind o prezen\u021b\u0103 impun\u0103toare \u0219i solid\u0103.<\/p>\n<\/p><\/div>\n<div style=\"padding: 25px; background: #fffbeb; border-radius: 20px; border: 1px solid #fef3c7;\">\n                <strong style=\"color: #b45309; display: block; margin-bottom: 10px; font-size: 16px;\">Q: Este disponibil\u0103 livrarea \u00een aceea\u0219i zi?<\/strong><\/p>\n<p style=\"margin: 0; color: #1a1a1a;\">A: Recomand\u0103m comanda din timp, \u00eens\u0103 ne pute\u021bi contacta pentru urgen\u021be \u00een ora\u0219ul B\u0103l\u021bi.<\/p>\n<\/p><\/div><\/div><\/div>\n<div style=\"background-color: #fbbf24; text-align: center; padding: 0;\">\n        <button style=\"width: 100%; background: none; border: none; color: #ffffff; padding: clamp(30px, 5vw, 45px); font-weight: 950; text-transform: uppercase; letter-spacing: 5px; font-size: 20px; cursor: pointer; display: block;\" onclick=\"document.querySelector('.single_add_to_cart_button').click();\"><br \/>\n            Comand\u0103 acum pe iubeste.md<br \/>\n        <\/button>\n    <\/div>\n<\/div>\n","protected":false},"excerpt":{"rendered":"<div style=\"width: 100%; font-family: 'Segoe UI', Roboto, Helvetica, Arial, sans-serif; color: #1a1a1a; line-height: 1.6; background-color: #ffffff; border-radius: 20px; overflow: hidden; margin: 10px 0; border: 1px solid #f3f4f6; box-shadow: 0 15px 40px rgba(0,0,0,0.05);\">\n<div style=\"background: linear-gradient(135deg, #ffffff 0%, #fffbeb 100%); padding: 25px 15px; text-align: center; border-bottom: 5px solid #fbbf24; position: relative; overflow: hidden;\">\n<div style=\"position: absolute; top: -30px; right: -30px; width: 100px; height: 100px; background: rgba(251, 191, 36, 0.1); border-radius: 50%;\"><\/div>\n<div style=\"font-size: 50px; margin-bottom: 10px; position: relative; filter: drop-shadow(0 5px 10px rgba(251, 191, 36, 0.2));\">\ud83e\udd42\u26aa\u2728<\/div>\n<h2 style=\"margin: 0; font-size: 24px; text-transform: uppercase; letter-spacing: 4px; color: #1a1a1a; font-weight: 950; position: relative;\">Efervescen\u021b\u0103 &#038; Stil<\/h2>\n<p style=\"margin: 8px 0 0; font-size: 12px; color: #b45309; font-weight: bold; letter-spacing: 3px; text-transform: uppercase; position: relative;\">Sparkling Raffaello Edition<\/p>\n<\/p><\/div>\n<div style=\"padding: 20px 15px;\">\n<div style=\"position: relative; max-width: 800px; margin: 0 auto 25px auto; text-align: center;\">\n<div style=\"font-size: 60px; color: #fbbf24; position: absolute; top: -35px; left: -10px; opacity: 0.2; font-family: serif;\">\u201c<\/div>\n<p style=\"font-size: 15px; color: #1a1a1a; line-height: 1.8; margin: 0; font-style: italic; position: relative; font-weight: 400;\">\n                Transform\u0103 orice moment \u00eentr-o s\u0103rb\u0103toare cu buchetul \u201eSparkling Raffaello\u201d de la iubeste.md. Acest aranjament spectaculos \u00eembin\u0103 fine\u021bea celor mai iubite bomboane cu nuc\u0103 de cocos \u0219i efervescen\u021ba spumantului Bacio di Bolle, totul \u00eentr-o prezentare elegant\u0103 \u0219i modern\u0103. Indiferent de ocazie, serviciul nostru de livrare p\u00e2n\u0103 la u\u0219a dumneavoastr\u0103 asigur\u0103 o surpriz\u0103 reu\u0219it\u0103 \u0219i rafinat\u0103.\n            <\/p>\n<div style=\"font-size: 60px; color: #fbbf24; position: absolute; bottom: -65px; right: -10px; opacity: 0.2; font-family: serif;\">\u201d<\/div>\n<\/p><\/div>\n<div style=\"display: grid; grid-template-columns: repeat(auto-fit, minmax(220px, 1fr)); gap: 15px; margin-bottom: 25px;\">\n<div style=\"background: #fffdfa; padding: 15px; border-radius: 15px; border: 1px solid #fef3c7; text-align: center; display: flex; align-items: center; justify-content: center;\">\n<div style=\"font-size: 25px; margin-right: 12px;\">\ud83e\udd65<\/div>\n<div style=\"text-align: left;\">\n<h3 style=\"color: #b45309; font-size: 13px; text-transform: uppercase; letter-spacing: 1px; margin: 0;\">R\u0103sf\u0103\u021b Fin<\/h3>\n<p style=\"margin: 0; font-size: 12px; color: #4b5563;\">Raffaello &#038; Bacio di Bolle.<\/p>\n<\/p><\/div>\n<\/p><\/div>\n<div style=\"background: #fffdfa; padding: 15px; border-radius: 15px; border: 1px solid #fef3c7; text-align: center; display: flex; align-items: center; justify-content: center;\">\n<div style=\"font-size: 25px; margin-right: 12px;\">\ud83d\ude9a<\/div>\n<div style=\"text-align: left;\">\n<h3 style=\"color: #b45309; font-size: 13px; text-transform: uppercase; letter-spacing: 1px; margin: 0;\">Livrare Prompt\u0103<\/h3>\n<p style=\"margin: 0; font-size: 12px; color: #4b5563;\">Surprize sigure la u\u0219a ta.<\/p>\n<\/p><\/div>\n<\/p><\/div>\n<\/p><\/div>\n<\/p><\/div>\n<div style=\"background-color: #ffffff; text-align: center; border-top: 1px solid #fef3c7;\">\n        <button style=\"width: 100%; background: linear-gradient(135deg, #fbbf24 0%, #d97706 100%); border: none; color: #ffffff; padding: 20px; font-weight: 950; text-transform: uppercase; letter-spacing: 3px; font-size: 16px; cursor: pointer; display: block;\" onclick=\"document.querySelector('.single_add_to_cart_button').click();\"><br \/>\n            Comand\u0103 pe iubeste.md<br \/>\n        <\/button>\n    <\/div>\n<\/div>\n<p>Vezi \u0219i alte buchete dulci pe <a href=\"https:\/\/iubeste.md\/prod-cat\/buchete-din-dulciuri\/\">iubeste.md<\/a> sau urm\u0103re\u0219te-ne pe <a href=\"https:\/\/www.instagram.com\/iubeste.md\/\">Instagram<\/a> pentru inspira\u021bie.<\/p>\n","protected":false},"featured_media":4515,"template":"","meta":[],"product_brand":[],"product_cat":[504,507],"product_tag":[1746,225,1744,717,215,663,658,228,1745,587],"class_list":{"0":"post-3958","1":"product","2":"type-product","3":"status-publish","4":"has-post-thumbnail","6":"product_cat-sladkie-bukety","7":"product_cat-bukety-iz-sladostei-i-alkogolya","8":"product_tag-buchet-cu-dulciuri-si-alcool","9":"product_tag-buchet-din-dulciuri","10":"product_tag-buchet-raffaello","11":"product_tag-cadou-femei-moldova","12":"product_tag-dulciuri","13":"product_tag-iubeste-md","14":"product_tag-livrare-cadouri-balti","15":"product_tag-raffaello","16":"product_tag-spumant-bacio-di-bolle","17":"product_tag-surprize-la-domiciliu","19":"first","20":"instock","21":"shipping-taxable","22":"purchasable","23":"product-type-simple"},"aioseo_notices":[],"_links":{"self":[{"href":"https:\/\/iubeste.md\/ru\/wp-json\/wp\/v2\/product\/3958","targetHints":{"allow":["GET"]}}],"collection":[{"href":"https:\/\/iubeste.md\/ru\/wp-json\/wp\/v2\/product"}],"about":[{"href":"https:\/\/iubeste.md\/ru\/wp-json\/wp\/v2\/types\/product"}],"wp:featuredmedia":[{"embeddable":true,"href":"https:\/\/iubeste.md\/ru\/wp-json\/wp\/v2\/media\/4515"}],"wp:attachment":[{"href":"https:\/\/iubeste.md\/ru\/wp-json\/wp\/v2\/media?parent=3958"}],"wp:term":[{"taxonomy":"product_brand","embeddable":true,"href":"https:\/\/iubeste.md\/ru\/wp-json\/wp\/v2\/product_brand?post=3958"},{"taxonomy":"product_cat","embeddable":true,"href":"https:\/\/iubeste.md\/ru\/wp-json\/wp\/v2\/product_cat?post=3958"},{"taxonomy":"product_tag","embeddable":true,"href":"https:\/\/iubeste.md\/ru\/wp-json\/wp\/v2\/product_tag?post=3958"}],"curies":[{"name":"wp","href":"https:\/\/api.w.org\/{rel}","templated":true}]}}