{"id":3906,"date":"2021-12-07T21:27:46","date_gmt":"2021-12-07T18:27:46","guid":{"rendered":"https:\/\/iubeste.md\/?post_type=product&#038;p=3906"},"modified":"2026-04-07T21:40:27","modified_gmt":"2026-04-07T18:40:27","slug":"buchet-cu-dulciuri-ferrero-rocher-heidi-si-assorti-de-alcool","status":"publish","type":"product","link":"https:\/\/iubeste.md\/ru\/product\/buchet-cu-dulciuri-ferrero-rocher-heidi-si-assorti-de-alcool\/","title":{"rendered":"Buchet Gourmet cu Ferrero Rocher, Ciocolat\u0103 Heidi \u0219i Selec\u021bie Premium de Alcool Mini"},"content":{"rendered":"<div style=\"width: 100%; font-family: 'Segoe UI', Roboto, Helvetica, Arial, sans-serif; color: #ffffff; line-height: 1.8; background-color: #0c0f16; border-radius: 40px; overflow: hidden; margin: 20px 0; border: 2px solid #ca8a04; box-shadow: 0 40px 100px rgba(0,0,0,0.6);\">\n<div style=\"background: linear-gradient(135deg, #1f2937 0%, #111827 50%, #000000 100%); padding: clamp(50px, 10vw, 100px) 20px; text-align: center; border-bottom: 10px solid #ca8a04; position: relative; overflow: hidden;\">\n<div style=\"position: absolute; top: 50%; left: 50%; transform: translate(-50%, -50%); width: 300px; height: 300px; background: rgba(202, 138, 4, 0.2); filter: blur(100px); border-radius: 50%;\"><\/div>\n<div style=\"font-size: clamp(60px, 12vw, 90px); margin-bottom: 20px; position: relative; filter: drop-shadow(0 10px 20px rgba(202, 138, 4, 0.4));\">\ud83e\udd43<\/div>\n<h2 style=\"margin: 0; font-size: clamp(28px, 6vw, 48px); text-transform: uppercase; letter-spacing: 6px; color: #ffffff; font-weight: 950; text-shadow: 0 4px 10px rgba(0,0,0,0.5); position: relative;\">Edi\u021bie de Lux<\/h2>\n<p style=\"margin: 15px 0 0; font-size: 14px; color: #ca8a04; font-weight: bold; letter-spacing: 4px; text-transform: uppercase; position: relative; opacity: 1;\">Premium Alcool &#038; Dulciuri<\/p>\n<\/p><\/div>\n<div style=\"padding: clamp(25px, 6vw, 70px);\">\n<div style=\"position: relative; max-width: 900px; margin: 0 auto 60px auto; text-align: center;\">\n<div style=\"font-size: 100px; color: #ca8a04; position: absolute; top: -50px; left: -30px; opacity: 0.3; font-family: serif;\">\u201c<\/div>\n<p style=\"font-size: clamp(17px, 2.5vw, 21px); color: #ffffff; line-height: 2; margin: 0; font-style: italic; position: relative; font-weight: 400;\">\n                Fiecare detaliu al acestui buchet a fost g\u00e2ndit pentru a oferi varietate \u0219i rafinament, de la ciocolata premium p\u00e2n\u0103 la b\u0103uturile spirtoase de renume mondial.\n            <\/p>\n<div style=\"font-size: 100px; color: #ca8a04; position: absolute; bottom: -90px; right: -30px; opacity: 0.3; font-family: serif;\">\u201d<\/div><\/div>\n<div style=\"display: grid; grid-template-columns: repeat(auto-fit, minmax(320px, 1fr)); gap: 30px; margin-bottom: 50px;\">\n<div style=\"background: linear-gradient(135deg, #1f2937 0%, #111827 100%); padding: 35px; border-radius: 30px; border: 1px solid #374151; box-shadow: 0 15px 35px rgba(0,0,0,0.3);\">\n<div style=\"display: flex; align-items: center; margin-bottom: 25px; border-bottom: 2px solid #ca8a04; padding-bottom: 15px;\">\n<div style=\"font-size: 35px; margin-right: 15px;\">\ud83c\udf7e<\/div>\n<h3 style=\"color: #ffffff; text-transform: uppercase; font-size: 19px; margin: 0; letter-spacing: 2px; font-weight: 800;\">Selec\u021bie de Alcool<\/h3>\n<\/p><\/div>\n<ul style=\"list-style: none; padding: 0; margin: 0; font-size: 15px; color: #ffffff;\">\n<li style=\"margin-bottom: 15px; display: flex; align-items: flex-start;\">\n                        <span style=\"color: #ca8a04; margin-right: 10px; font-size: 18px;\">\u2022<\/span><br \/>\n                        <span><strong>Whisky Jack Daniels 50 ml:<\/strong> Un clasic american, recunoscut pentru aroma sa fin\u0103 de caramel \u0219i stejar.<\/span>\n                    <\/li>\n<li style=\"margin-bottom: 15px; display: flex; align-items: flex-start;\">\n                        <span style=\"color: #ca8a04; margin-right: 10px; font-size: 18px;\">\u2022<\/span><br \/>\n                        <span><strong>Whisky Jameson 50 ml:<\/strong> Un whisky irlandez triplu distilat, apreciat pentru echilibrul s\u0103u perfect.<\/span>\n                    <\/li>\n<li style=\"margin-bottom: 15px; display: flex; align-items: flex-start;\">\n                        <span style=\"color: #ca8a04; margin-right: 10px; font-size: 18px;\">\u2022<\/span><br \/>\n                        <span><strong>Lichior J\u00e4germeister 50 ml:<\/strong> Celebra b\u0103utur\u0103 digestiv\u0103 german\u0103, infuzat\u0103 cu 56 de plante.<\/span>\n                    <\/li>\n<li style=\"margin-bottom: 15px; display: flex; align-items: flex-start;\">\n                        <span style=\"color: #ca8a04; margin-right: 10px; font-size: 18px;\">\u2022<\/span><br \/>\n                        <span><strong>Rom Bacardi 50 ml:<\/strong> Un rom alb versatil, ideal pentru a ad\u0103uga o not\u0103 exotic\u0103 serii.<\/span>\n                    <\/li>\n<li style=\"display: flex; align-items: flex-start;\">\n                        <span style=\"color: #ca8a04; margin-right: 10px; font-size: 18px;\">\u2022<\/span><br \/>\n                        <span><strong>Vodka Finlandia 50 ml:<\/strong> O vodc\u0103 pur\u0103 \u0219i clar\u0103, simbol al calit\u0103\u021bii nordice.<\/span>\n                    <\/li>\n<\/ul><\/div>\n<div style=\"background: linear-gradient(135deg, #1f2937 0%, #111827 100%); padding: 35px; border-radius: 30px; border: 1px solid #374151; box-shadow: 0 15px 35px rgba(0,0,0,0.3);\">\n<div style=\"display: flex; align-items: center; margin-bottom: 25px; border-bottom: 2px solid #ca8a04; padding-bottom: 15px;\">\n<div style=\"font-size: 35px; margin-right: 15px;\">\ud83c\udf6b<\/div>\n<h3 style=\"color: #ffffff; text-transform: uppercase; font-size: 19px; margin: 0; letter-spacing: 2px; font-weight: 800;\">Dulciuri Premium<\/h3>\n<\/p><\/div>\n<ul style=\"list-style: none; padding: 0; margin: 0; font-size: 15px; color: #ffffff;\">\n<li style=\"margin-bottom: 15px; display: flex; align-items: flex-start;\">\n                        <span style=\"color: #ca8a04; margin-right: 10px; font-size: 18px;\">\u2022<\/span><br \/>\n                        <span><strong>Bomboane Ferrero Rocher (24 buc.):<\/strong> O &#8220;inim\u0103&#8221; generoas\u0103 format\u0103 din specialit\u0103\u021bi crocante de alune \u0219i ciocolat\u0103 fin\u0103.<\/span>\n                    <\/li>\n<li style=\"margin-bottom: 15px; display: flex; align-items: flex-start;\">\n                        <span style=\"color: #ca8a04; margin-right: 10px; font-size: 18px;\">\u2022<\/span><br \/>\n                        <span><strong>Ciocolate Heidi (2 buc.):<\/strong> Tablete de ciocolat\u0103 din gama Grand&#8217;Or, cu ingrediente \u00eentregi pentru o textur\u0103 bogat\u0103.<\/span>\n                    <\/li>\n<li style=\"display: flex; align-items: flex-start;\">\n                        <span style=\"color: #ca8a04; margin-right: 10px; font-size: 18px;\">\u2022<\/span><br \/>\n                        <span><strong>Ciocolate Merci (5 buc.):<\/strong> Selec\u021bie de batoane fine de ciocolat\u0103, ad\u0103ug\u00e2nd un plus de diversitate gustului.<\/span>\n                    <\/li>\n<\/ul><\/div><\/div>\n<div style=\"background: rgba(0,0,0,0.4); padding: clamp(25px, 5vw, 50px); border-radius: 35px; border: 2px solid #ca8a04; margin-bottom: 50px; box-shadow: inset 0 0 30px rgba(202, 138, 4, 0.1);\">\n<h3 style=\"color: #ca8a04; text-transform: uppercase; font-size: clamp(18px, 3vw, 22px); margin-top: 0; margin-bottom: 30px; text-align: center; letter-spacing: 2px; font-weight: 900;\">De ce s\u0103 alegi acest buchet de pe iubeste.md?<\/h3>\n<div style=\"display: grid; grid-template-columns: repeat(auto-fit, minmax(250px, 1fr)); gap: 25px;\">\n<div style=\"display: flex; align-items: flex-start; background: #111827; padding: 20px; border-radius: 20px; border: 1px solid #ca8a04;\">\n<div style=\"font-size: 35px; margin-right: 15px;\">\ud83d\udd76\ufe0f<\/div>\n<p style=\"margin: 0; font-size: 14px; color: #ffffff;\"><strong>Design Masculin \u0219i Impun\u0103tor:<\/strong> Ambalajul negru mat cu margini aurii subliniaz\u0103 caracterul premium al cadoului.<\/p>\n<\/p><\/div>\n<div style=\"display: flex; align-items: flex-start; background: #111827; padding: 20px; border-radius: 20px; border: 1px solid #ca8a04;\">\n<div style=\"font-size: 35px; margin-right: 15px;\">\ud83c\udf81<\/div>\n<p style=\"margin: 0; font-size: 14px; color: #ffffff;\"><strong>Cadou All-in-One:<\/strong> Combin\u0103 b\u0103utura preferat\u0103 cu cele mai apreciate dulciuri, elimin\u00e2nd necesitatea altor cump\u0103r\u0103turi.<\/p>\n<\/p><\/div>\n<div style=\"display: flex; align-items: flex-start; background: #111827; padding: 20px; border-radius: 20px; border: 1px solid #ca8a04;\">\n<div style=\"font-size: 35px; margin-right: 15px;\">\ud83d\ude80<\/div>\n<p style=\"margin: 0; font-size: 14px; color: #ffffff;\"><strong>Livrare Profesional\u0103:<\/strong> Serviciul nostru asigur\u0103 livrare \u00een Chi\u0219in\u0103u, B\u0103l\u021bi \u0219i \u00een restul Moldovei, p\u0103str\u00e2nd integritatea miniaturilor.<\/p>\n<\/p><\/div><\/div><\/div>\n<div style=\"border-top: 2px solid #374151; padding-top: 40px; max-width: 900px; margin: 0 auto;\">\n<div style=\"display: flex; align-items: center; justify-content: center; margin-bottom: 35px;\">\n<div style=\"font-size: 30px; margin-right: 15px;\">\ud83e\udd14<\/div>\n<h4 style=\"color: #ffffff; text-transform: uppercase; font-size: clamp(18px, 3vw, 22px); margin: 0; letter-spacing: 2px; font-weight: 900;\">\u00centreb\u0103ri Frecvente<\/h4>\n<\/p><\/div>\n<div style=\"margin-bottom: 25px; background: #111827; padding: 25px; border-radius: 20px; border: 1px solid #374151;\">\n                <strong style=\"color: #ca8a04; display: flex; align-items: center; margin-bottom: 10px; font-size: 15px;\"><br \/>\n                    <span style=\"margin-right: 10px;\">\u2714<\/span> Q: Alcoolul inclus \u00een buchet este original?<br \/>\n                <\/strong><\/p>\n<p style=\"margin: 0 0 0 25px; font-size: 14px; color: #ffffff;\">A: Da, toate miniaturile (Jack Daniels, Jameson, J\u00e4germeister, Bacardi, Finlandia) sunt produse originale, sigilate, achizi\u021bionate de la distribuitori autoriza\u021bi.<\/p>\n<\/p><\/div>\n<div style=\"margin-bottom: 25px; background: #111827; padding: 25px; border-radius: 20px; border: 1px solid #374151;\">\n                <strong style=\"color: #ca8a04; display: flex; align-items: center; margin-bottom: 10px; font-size: 15px;\"><br \/>\n                    <span style=\"margin-right: 10px;\">\u2714<\/span> Q: Pot solicita \u00eenlocuirea unei b\u0103uturi din buchet?<br \/>\n                <\/strong><\/p>\n<p style=\"margin: 0 0 0 25px; font-size: 14px; color: #ffffff;\">A: Echipa iubeste.md este flexibil\u0103. Dac\u0103 dori\u021bi s\u0103 schimba\u021bi una dintre miniaturi cu un alt tip de alcool disponibil \u00een stocul nostru, v\u0103 rug\u0103m s\u0103 specifica\u021bi acest lucru \u00een momentul comenzii.<\/p>\n<\/p><\/div>\n<div style=\"background: #111827; padding: 25px; border-radius: 20px; border: 1px solid #374151;\">\n                <strong style=\"color: #ca8a04; display: flex; align-items: center; margin-bottom: 10px; font-size: 15px;\"><br \/>\n                    <span style=\"margin-right: 10px;\">\u2714<\/span> Q: C\u00e2t de sigur este buchetul \u00een timpul transportului?<br \/>\n                <\/strong><\/p>\n<p style=\"margin: 0 0 0 25px; font-size: 14px; color: #ffffff;\">A: Buchetul este construit pe o structur\u0103 rigid\u0103, iar fiecare sticl\u0103 de 50 ml \u0219i tablet\u0103 Heidi este fixat\u0103 individual pentru a garanta siguran\u021ba \u00een timpul procesului de livrare p\u00e2n\u0103 la u\u0219a dumneavoastr\u0103.<\/p>\n<\/p><\/div><\/div><\/div>\n<div style=\"background-color: #000000; text-align: center; border-top: 2px solid #ca8a04;\">\n        <button style=\"width: 100%; background: linear-gradient(135deg, #ca8a04 0%, #a16207 100%); border: none; color: #ffffff; padding: clamp(25px, 5vw, 35px); font-weight: 950; text-transform: uppercase; letter-spacing: 4px; font-size: clamp(16px, 3vw, 20px); cursor: pointer; display: block;\" onclick=\"document.querySelector('.single_add_to_cart_button').click();\"><br \/>\n            Comand\u0103 pe iubeste.md<br \/>\n        <\/button>\n    <\/div>\n<\/div>\n","protected":false},"excerpt":{"rendered":"<div style=\"width: 100%; font-family: 'Segoe UI', Roboto, Helvetica, Arial, sans-serif; color: #f3f4f6; line-height: 1.6; background-color: #111827; border: 1px solid #374151; border-radius: 40px; overflow: hidden; box-shadow: 0 30px 70px rgba(0, 0, 0, 0.3); margin: 20px 0;\">\n<div style=\"background: linear-gradient(135deg, #1f2937 0%, #111827 100%); padding: clamp(40px, 8vw, 80px) 20px; text-align: center; border-bottom: 8px solid #ca8a04;\">\n<div style=\"font-size: clamp(45px, 10vw, 70px); margin-bottom: 10px; filter: drop-shadow(0 10px 15px rgba(202, 138, 4, 0.3));\">\ud83e\udd43\ud83c\udf6b\u2728<\/div>\n<h2 style=\"margin: 0; font-size: clamp(22px, 5vw, 36px); text-transform: uppercase; letter-spacing: 5px; color: #ffffff; font-weight: 950;\">Rafinament Masculin<\/h2>\n<\/p><\/div>\n<div style=\"padding: clamp(25px, 6vw, 70px); text-align: center;\">\n<p style=\"font-size: clamp(17px, 2.2vw, 21px); color: #d1d5db; line-height: 2; margin: 0 auto; max-width: 850px; font-weight: 400; font-style: italic;\">\n            Acest buchet cu dulciuri Ferrero Rocher, Heidi \u0219i assorti de alcool este defini\u021bia elegan\u021bei masculine \u0219i a rafinamentului gourmet. Creat \u00eentr-un ambalaj negru mat cu accente aurii, acest aranjament este cadoul perfect pentru anivers\u0103ri, succese profesionale sau momente \u00een care vrei s\u0103 impresionezi cu adev\u0103rat.\n        <\/p>\n<div style=\"margin-top: clamp(35px, 5vw, 55px); padding-top: 35px; border-top: 1px solid #374151;\">\n             <span style=\"font-size: 11px; text-transform: uppercase; letter-spacing: 6px; color: #ca8a04; font-weight: 800;\">\u2660\ufe0f EXCLUSIV \u2022 GOURMET \u2022 SURPRIZE LA U\u0218A TA \u2660\ufe0f<\/span>\n        <\/div>\n<\/p><\/div>\n<div style=\"background-color: #000000; padding: clamp(35px, 6vw, 55px) 20px; text-align: center;\">\n        <a style=\"display: inline-block; background-color: #ca8a04; color: #ffffff; padding: 22px clamp(35px, 12vw, 85px); border-radius: 15px; font-weight: 950; text-decoration: none; font-size: 16px; text-transform: uppercase; letter-spacing: 2px; box-shadow: 0 15px 35px rgba(202, 138, 4, 0.2); cursor: pointer;\" \n           href=\"#\" \n           onclick=\"document.querySelector('.single_add_to_cart_button').click(); return false;\"><br \/>\n           Comand\u0103 pe iubeste.md<br \/>\n        <\/a><\/p>\n<div style=\"margin-top: 30px; font-size: 11px; color: #9ca3af; font-weight: bold; text-transform: uppercase; letter-spacing: 3px; opacity: 0.8;\">\n            \ud83d\ude9a Livrare Premium \u00een Chi\u0219in\u0103u, B\u0103l\u021bi \u0219i toat\u0103 Moldova \ud83c\uddf2\ud83c\udde9\n        <\/div>\n<\/p><\/div>\n<\/div>\n<p>Vezi \u0219i alte buchete dulci pe <a href=\"https:\/\/iubeste.md\/prod-cat\/buchete-din-dulciuri\/\">iubeste.md<\/a> sau urm\u0103re\u0219te-ne pe <a href=\"https:\/\/www.instagram.com\/iubeste.md\/\">Instagram<\/a> pentru inspira\u021bie.<\/p>\n","protected":false},"featured_media":6712,"template":"","meta":[],"product_brand":[],"product_cat":[504],"product_tag":[1719,1368,235,1721,225,1712,863,1713,1714,329,1720,210,663,159,1716,1718,454,1717,658,1715,589,455],"class_list":{"0":"post-3906","1":"product","2":"type-product","3":"status-publish","4":"has-post-thumbnail","6":"product_cat-sladkie-bukety","7":"product_tag-bacardi-50ml","8":"product_tag-bomboane-ferrero-rocher","9":"product_tag-buchet-barbatesc","10":"product_tag-buchet-comestibil-premium","11":"product_tag-buchet-din-dulciuri","12":"product_tag-buchet-ferrero-rocher","13":"product_tag-cadou-barbati-moldova","14":"product_tag-ciocolata-heidi","15":"product_tag-ciocolata-merci","16":"product_tag-ferrero-rocher","17":"product_tag-finlandia-50ml","18":"product_tag-heidi","19":"product_tag-iubeste-md","20":"product_tag-jack-daniels","21":"product_tag-jack-daniels-50ml","22":"product_tag-jagermeister-50ml","23":"product_tag-jameson","24":"product_tag-jameson-50ml","25":"product_tag-livrare-cadouri-balti","26":"product_tag-miniaturi-alcool","27":"product_tag-surprize-la-usa-ta","28":"product_tag-vodka","30":"first","31":"instock","32":"shipping-taxable","33":"purchasable","34":"product-type-simple"},"aioseo_notices":[],"_links":{"self":[{"href":"https:\/\/iubeste.md\/ru\/wp-json\/wp\/v2\/product\/3906","targetHints":{"allow":["GET"]}}],"collection":[{"href":"https:\/\/iubeste.md\/ru\/wp-json\/wp\/v2\/product"}],"about":[{"href":"https:\/\/iubeste.md\/ru\/wp-json\/wp\/v2\/types\/product"}],"wp:featuredmedia":[{"embeddable":true,"href":"https:\/\/iubeste.md\/ru\/wp-json\/wp\/v2\/media\/6712"}],"wp:attachment":[{"href":"https:\/\/iubeste.md\/ru\/wp-json\/wp\/v2\/media?parent=3906"}],"wp:term":[{"taxonomy":"product_brand","embeddable":true,"href":"https:\/\/iubeste.md\/ru\/wp-json\/wp\/v2\/product_brand?post=3906"},{"taxonomy":"product_cat","embeddable":true,"href":"https:\/\/iubeste.md\/ru\/wp-json\/wp\/v2\/product_cat?post=3906"},{"taxonomy":"product_tag","embeddable":true,"href":"https:\/\/iubeste.md\/ru\/wp-json\/wp\/v2\/product_tag?post=3906"}],"curies":[{"name":"wp","href":"https:\/\/api.w.org\/{rel}","templated":true}]}}