{"id":3823,"date":"2021-11-02T16:16:05","date_gmt":"2021-11-02T13:16:05","guid":{"rendered":"https:\/\/iubeste.md\/?post_type=product&#038;p=3823"},"modified":"2026-04-07T20:26:13","modified_gmt":"2026-04-07T17:26:13","slug":"buchet-cu-vin-rosu-ciocolate-ritter-sport-schogetten-si-ferrero-rocher","status":"publish","type":"product","link":"https:\/\/iubeste.md\/ru\/product\/buchet-cu-vin-rosu-ciocolate-ritter-sport-schogetten-si-ferrero-rocher\/","title":{"rendered":"Buchet Gourmet &#8220;Noble\u021be Ro\u0219ie&#8221; \u2013 Vin Sec \u0219i Selec\u021bie de Ciocolat\u0103 Premium"},"content":{"rendered":"<div style=\"max-width: 100%; margin: 20px auto; font-family: 'Segoe UI', Roboto, Helvetica, Arial, sans-serif; color: #1e293b; line-height: 1.6; background-color: #ffffff; border: 1px solid #fee2e2; border-radius: 40px; overflow: hidden; box-shadow: 0 30px 70px rgba(153, 27, 27, 0.1);\">\n<div style=\"background: linear-gradient(135deg, #ffffff 0%, #fef2f2 100%); padding: clamp(55px, 11vw, 90px) 20px; text-align: center; border-bottom: 8px solid #991b1b; position: relative;\">\n<div style=\"font-size: 70px; margin-bottom: 15px; filter: drop-shadow(0 10px 20px rgba(153, 27, 27, 0.15));\">\ud83c\udf77\ud83d\udc51\ud83c\udf6b<\/div>\n<h1 style=\"margin: 0; font-size: clamp(26px, 6.5vw, 40px); text-transform: uppercase; letter-spacing: 6px; font-weight: 950; color: #111827;\">Noble\u021be Ro\u0219ie<\/h1>\n<p style=\"font-size: clamp(14px, 3.5vw, 20px); font-style: italic; color: #991b1b; margin-top: 10px; font-weight: 700;\">Experien\u021b\u0103 Senzorial\u0103 \u2022 Vin Nobil &#038; Ciocolat\u0103<\/p>\n<\/p><\/div>\n<div style=\"padding: clamp(25px, 6vw, 55px);\">\n<p style=\"font-size: 17px; text-align: center; color: #334155; margin-bottom: 45px; border-bottom: 1px solid #fee2e2; padding-bottom: 35px; max-width: 780px; margin-left: auto; margin-right: auto; line-height: 1.9;\">\n            Acest aranjament gourmet este conceput pentru a oferi o experien\u021b\u0103 senzorial\u0103 complet\u0103, fiind un cadou vizual impun\u0103tor \u0219i bogat \u00een arome. Piesa central\u0103 este un vin nobil ce reprezint\u0103 <strong>m\u00e2ndria viticulturii din Moldova<\/strong>, acompaniat de o selec\u021bie riguroas\u0103 de ciocolat\u0103 neagr\u0103 \u0219i praline aurii, acum pe <strong>iubeste.md<\/strong>.\n        <\/p>\n<h3 style=\"color: #7f1d1d; text-transform: uppercase; letter-spacing: 2px; font-size: 19px; margin-bottom: 25px; text-align: center; font-weight: 800;\">\ud83c\udf77 Selec\u021bie Premium<\/h3>\n<div style=\"display: grid; grid-template-columns: repeat(auto-fit, minmax(200px, 1fr)); gap: 15px; margin-bottom: 45px;\">\n<div style=\"background: #fdf2f2; padding: 25px; border-radius: 20px; border: 1px solid #fee2e2; text-align: center;\">\n            <strong style=\"color: #991b1b; display: block; font-size: 11px; text-transform: uppercase; letter-spacing: 1px;\">Vin Ro\u0219u Sec<\/strong><br \/>\n            <span style=\"font-size: 14px; font-weight: 700; color: #1e293b;\">S\u0103lcu\u021ba Feteasc\u0103 Neagr\u0103<\/span>\n        <\/div>\n<div style=\"background: #fdf2f2; padding: 25px; border-radius: 20px; border: 1px solid #fee2e2; text-align: center;\">\n            <strong style=\"color: #991b1b; display: block; font-size: 11px; text-transform: uppercase; letter-spacing: 1px;\">Praline Fine<\/strong><br \/>\n            <span style=\"font-size: 14px; font-weight: 700; color: #1e293b;\">Ferrero Rocher (Aurii)<\/span>\n        <\/div>\n<div style=\"background: #fdf2f2; padding: 25px; border-radius: 20px; border: 1px solid #fee2e2; text-align: center;\">\n            <strong style=\"color: #991b1b; display: block; font-size: 11px; text-transform: uppercase; letter-spacing: 1px;\">Ciocolat\u0103 Neagr\u0103<\/strong><br \/>\n            <span style=\"font-size: 14px; font-weight: 700; color: #1e293b;\">Schogetten &#038; Ritter Sport<\/span>\n        <\/div>\n<div style=\"background: #fdf2f2; padding: 25px; border-radius: 20px; border: 1px solid #fee2e2; text-align: center;\">\n            <strong style=\"color: #991b1b; display: block; font-size: 11px; text-transform: uppercase; letter-spacing: 1px;\">Design<\/strong><br \/>\n            <span style=\"font-size: 14px; font-weight: 700; color: #1e293b;\">Negru Mat &#038; Margini Aurii<\/span>\n        <\/div><\/div>\n<div style=\"display: grid; grid-template-columns: repeat(auto-fit, minmax(300px, 1fr)); gap: 25px; margin-bottom: 45px;\">\n<div style=\"background: #ffffff; color: #1e293b; padding: 35px; border-radius: 30px; border: 2px solid #f1f5f9; border-left: 10px solid #991b1b;\">\n<h3 style=\"color: #7f1d1d; margin-top: 0; font-size: 18px; text-transform: uppercase; font-weight: 800; border-bottom: 1px solid #f1f5f9; padding-bottom: 10px; display: inline-block;\">\ud83c\udfaf Ocazii de Protocol<\/h3>\n<ul style=\"padding-left: 20px; font-size: 14px; margin-top: 15px; margin-bottom: 0; line-height: 2.2;\">\n<li><strong>Cadouri Business:<\/strong> Alegerea sigur\u0103 pentru parteneri.<\/li>\n<li><strong>Anivers\u0103ri:<\/strong> Un r\u0103sf\u0103\u021b complet pentru cunosc\u0103tori.<\/li>\n<li><strong>Evenimente Formale:<\/strong> Ideal pentru momente festive de sear\u0103.<\/li>\n<li><strong>Branding:<\/strong> Sigiliul de calitate <strong>iubeste.md<\/strong> inclus.<\/li>\n<\/ul><\/div>\n<div style=\"background: #ffffff; color: #1e293b; padding: 35px; border-radius: 30px; border: 2px solid #f1f5f9; border-left: 10px solid #1f2937;\">\n<h3 style=\"color: #111827; margin-top: 0; font-size: 18px; text-transform: uppercase; font-weight: 900;\">\u2705 De Ce S\u0103 Comanzi?<\/h3>\n<ul style=\"padding-left: 20px; font-size: 14px; margin-top: 15px; margin-bottom: 0; line-height: 2.2;\">\n<li><strong>Produse Autentice:<\/strong> Originea vinului garantat\u0103.<\/li>\n<li><strong>Prezentare de Lux:<\/strong> Asamblat cu precizie chirurgical\u0103.<\/li>\n<li><strong>Livrare Pro:<\/strong> B\u0103l\u021bi, Chi\u0219in\u0103u \u0219i toat\u0103 Moldova.<\/li>\n<li><strong>Condi\u021bii Optime:<\/strong> Temperatur\u0103 controlat\u0103 la transport.<\/li>\n<\/ul><\/div><\/div>\n<div style=\"margin-bottom: 45px; border-top: 2px solid #f1f5f9; padding-top: 35px;\">\n<h3 style=\"color: #991b1b; font-size: 19px; text-transform: uppercase; letter-spacing: 1px; text-align: center; margin-bottom: 25px;\">\u2728 \u00centrege\u0219te Experien\u021ba (Gift Pairing)<\/h3>\n<div style=\"display: flex; flex-wrap: wrap; gap: 20px; justify-content: center;\">\n<div style=\"flex: 1 1 250px; background: #fafafa; padding: 25px; border-radius: 20px; text-align: center; border: 1px solid #e5e7eb;\">\n                <span style=\"font-size: 14px; color: #991b1b; font-weight: bold; display: block; margin-bottom: 5px;\">\ud83e\uddf8 Plus de C\u0103ldur\u0103<\/span><br \/>\n                <span style=\"font-size: 13px;\">Ursule\u021b galben de 40 cm pentru un ton cald.<\/span>\n            <\/div>\n<div style=\"flex: 1 1 250px; background: #fafafa; padding: 25px; border-radius: 20px; text-align: center; border: 1px solid #e5e7eb;\">\n                <span style=\"font-size: 14px; color: #991b1b; font-weight: bold; display: block; margin-bottom: 5px;\">\ud83c\udf82 Desert Festiv<\/span><br \/>\n                <span style=\"font-size: 13px;\">Tort &#8220;Elegance Gold&#8221; #3039 cu decor auriu.<\/span>\n            <\/div>\n<div style=\"flex: 1 1 250px; background: #fafafa; padding: 25px; border-radius: 20px; text-align: center; border: 1px solid #e5e7eb;\">\n                <span style=\"font-size: 14px; color: #991b1b; font-weight: bold; display: block; margin-bottom: 5px;\">\ud83c\udf38 Simbolul Succesului<\/span><br \/>\n                <span style=\"font-size: 13px;\">Orhidee galben\u0103 pentru un decor permanent.<\/span>\n            <\/div><\/div><\/div>\n<div style=\"background: #fdf2f2; padding: clamp(50px, 9vw, 80px) 20px; border-radius: 35px; text-align: center; border: 2px solid #fee2e2; position: relative; overflow: hidden;\">\n<div style=\"position: absolute; top: -30px; right: -30px; font-size: 150px; color: #991b1b; opacity: 0.05; transform: rotate(15deg);\">\ud83e\udd42<\/div>\n<p style=\"font-size: 28px; color: #111827; margin-bottom: 15px; font-weight: 950; letter-spacing: 1px;\">\ud83c\udf81 Surprinde cu un cadou impun\u0103tor!<\/p>\n<p style=\"font-size: 16px; color: #475569; margin-bottom: 40px; max-width: 650px; margin-left: auto; margin-right: auto;\">\n            Alege <strong>Buchetul \u201eNoble\u021be Ro\u0219ie\u201d<\/strong> pe <strong>iubeste.md<\/strong> pentru momentele care cer un standard de lux incontestabil. Livrare punctual\u0103 \u0219i sigur\u0103 \u00een orice localitate din Republica Moldova!\n        <\/p>\n<p>        <a style=\"display: inline-block; background-color: #991b1b; color: #ffffff; padding: 24px clamp(50px, 15vw, 95px); border-radius: 15px; font-weight: 900; text-decoration: none; font-size: 17px; text-transform: uppercase; letter-spacing: 2px; transition: 0.3s; cursor: pointer; box-shadow: 0 15px 40px rgba(153, 27, 27, 0.2);\" \n           href=\"#\" \n           onclick=\"document.querySelector('.single_add_to_cart_button').click(); return false;\"><br \/>\n           Comand\u0103 pe iubeste.md<br \/>\n        <\/a><\/p>\n<div style=\"margin-top: 45px; font-size: 11px; color: #64748b; font-weight: bold; text-transform: uppercase; letter-spacing: 6px; opacity: 0.8;\">\n            \ud83c\udf77 NOBLE\u021aE RO\u0218IE \u2022 EXPERIEN\u021a\u0102 GOURMET \u2022 LIVRARE TOAT\u0102 MOLDOVA \ud83c\uddf2\ud83c\udde9\ud83d\ude9a\n        <\/div><\/div><\/div>\n<\/div>\n","protected":false},"excerpt":{"rendered":"<div style=\"max-width: 100%; ; margin: 20px auto; font-family: 'Segoe UI', Roboto, Helvetica, Arial, sans-serif; color: #1a1a1a; line-height: 1.6; background-color: #ffffff; border: 1px solid #e5e7eb; border-radius: 40px; overflow: hidden; box-shadow: 0 30px 70px rgba(153, 27, 27, 0.12);\">\n<div style=\"background: linear-gradient(135deg, #ffffff 0%, #fef2f2 100%); padding: clamp(55px, 11vw, 90px) 20px; text-align: center; border-bottom: 8px solid #991b1b; position: relative;\">\n<div style=\"font-size: 70px; margin-bottom: 15px; filter: drop-shadow(0 10px 20px rgba(153, 27, 27, 0.15));\">\ud83c\udf77\ud83c\udf6b\u2728<\/div>\n<h1 style=\"margin: 0; font-size: clamp(26px, 6.5vw, 40px); text-transform: uppercase; letter-spacing: 6px; font-weight: 950; color: #111827;\">Noble\u021be Ro\u0219ie<\/h1>\n<p style=\"font-size: clamp(14px, 3.5vw, 20px); font-style: italic; color: #991b1b; margin-top: 10px; font-weight: 700;\">Vin de Prestigiu \u2022 Ciocolat\u0103 Fin\u0103 \u2022 Lux Absolut<\/p>\n<\/p><\/div>\n<div style=\"padding: clamp(25px, 6vw, 55px);\">\n<p style=\"font-size: 17px; text-align: center; color: #374151; margin-bottom: 45px; border-bottom: 1px solid #fee2e2; padding-bottom: 35px; max-width: 780px; margin-left: auto; margin-right: auto; line-height: 1.9;\">\n            Elegan\u021ba \u00eent\u00e2lne\u0219te gustul rafinat \u00eentr-o compozi\u021bie exclusivist\u0103! Creat pentru a impresiona, acest buchet combin\u0103 un <strong>vin autohton de prestigiu<\/strong> cu cele mai iubite branduri de ciocolat\u0103 interna\u021bional\u0103, totul protejat de un ambalaj negru sofisticat care eman\u0103 lux, acum pe <strong>iubeste.md<\/strong>.\n        <\/p>\n<h3 style=\"color: #7f1d1d; text-transform: uppercase; letter-spacing: 2px; font-size: 19px; margin-bottom: 25px; text-align: center; font-weight: 800;\">\ud83c\udfa9 Defini\u021bia Rafinamentului<\/h3>\n<div style=\"display: grid; grid-template-columns: repeat(auto-fit, minmax(180px, 1fr)); gap: 15px; margin-bottom: 45px;\">\n<div style=\"background: #fef2f2; padding: 25px; border-radius: 20px; border: 1px solid #fee2e2; text-align: center;\">\n                <strong style=\"color: #991b1b; display: block; font-size: 11px; text-transform: uppercase; letter-spacing: 1px;\">Prestigiu<\/strong><br \/>\n                <span style=\"font-size: 14px; font-weight: 700; color: #111827;\">Vin Autohton Ales<\/span>\n            <\/div>\n<div style=\"background: #fef2f2; padding: 25px; border-radius: 20px; border: 1px solid #fee2e2; text-align: center;\">\n                <strong style=\"color: #991b1b; display: block; font-size: 11px; text-transform: uppercase; letter-spacing: 1px;\">Savoare<\/strong><br \/>\n                <span style=\"font-size: 14px; font-weight: 700; color: #111827;\">Selec\u021bie Chocolatier<\/span>\n            <\/div>\n<div style=\"background: #fef2f2; padding: 25px; border-radius: 20px; border: 1px solid #fee2e2; text-align: center;\">\n                <strong style=\"color: #991b1b; display: block; font-size: 11px; text-transform: uppercase; letter-spacing: 1px;\">Ambalaj<\/strong><br \/>\n                <span style=\"font-size: 14px; font-weight: 700; color: #111827;\">Negru Mat &#038; Satin<\/span>\n            <\/div>\n<div style=\"background: #fef2f2; padding: 25px; border-radius: 20px; border: 1px solid #fee2e2; text-align: center;\">\n                <strong style=\"color: #991b1b; display: block; font-size: 11px; text-transform: uppercase; letter-spacing: 1px;\">Efect<\/strong><br \/>\n                <span style=\"font-size: 14px; font-weight: 700; color: #111827;\">Impact Vizual Garantat<\/span>\n            <\/div>\n<\/p><\/div>\n<div style=\"display: grid; grid-template-columns: repeat(auto-fit, minmax(300px, 1fr)); gap: 25px; margin-bottom: 45px;\">\n<div style=\"background: #ffffff; color: #111827; padding: 35px; border-radius: 30px; border: 2px solid #f3f4f6; border-left: 10px solid #991b1b;\">\n<h3 style=\"color: #7f1d1d; margin-top: 0; font-size: 18px; text-transform: uppercase; font-weight: 800; border-bottom: 1px solid #f3f4f6; padding-bottom: 10px; display: inline-block;\">\ud83c\udfaf Ocazii de Gal\u0103<\/h3>\n<ul style=\"padding-left: 20px; font-size: 14px; margin-top: 15px; margin-bottom: 0; line-height: 2.2;\">\n<li><strong>Anivers\u0103ri:<\/strong> Un omagiu adus anilor petrecu\u021bi frumos.<\/li>\n<li><strong>Cadou Corporate:<\/strong> Elegan\u021b\u0103 pentru parteneri de afaceri.<\/li>\n<li><strong>Evenimente Gold:<\/strong> Ideal pentru tematici de lux.<\/li>\n<li><strong>Mul\u021bumire:<\/strong> Un gest grandios de recuno\u0219tin\u021b\u0103.<\/li>\n<\/ul><\/div>\n<div style=\"background: #ffffff; color: #111827; padding: 35px; border-radius: 30px; border: 2px solid #f3f4f6; border-left: 10px solid #1f2937;\">\n<h3 style=\"color: #111827; margin-top: 0; font-size: 18px; text-transform: uppercase; font-weight: 900;\">\u2705 Garan\u021bia Calit\u0103\u021bii<\/h3>\n<ul style=\"padding-left: 20px; font-size: 14px; margin-top: 15px; margin-bottom: 0; line-height: 2.2;\">\n<li><strong>Branduri de Top:<\/strong> Ciocolat\u0103 fin\u0103 interna\u021bional\u0103.<\/li>\n<li><strong>Asamblare Manual\u0103:<\/strong> Aten\u021bie la fiecare detaliu.<\/li>\n<li><strong>Livrare Premium:<\/strong> Chi\u0219in\u0103u, B\u0103l\u021bi \u0219i toat\u0103 Moldova.<\/li>\n<li><strong>Prezentare Impecabil\u0103:<\/strong> Gata de a fi d\u0103ruit.<\/li>\n<\/ul><\/div>\n<\/p><\/div>\n<div style=\"background: #f9fafb; padding: clamp(50px, 9vw, 80px) 20px; border-radius: 35px; text-align: center; border: 2px solid #e5e7eb; position: relative; overflow: hidden;\">\n<div style=\"position: absolute; top: -30px; right: -30px; font-size: 150px; color: #991b1b; opacity: 0.03; transform: rotate(15deg);\">\ud83c\udf77<\/div>\n<p style=\"font-size: 28px; color: #111827; margin-bottom: 15px; font-weight: 950; letter-spacing: 1px;\">\ud83c\udf81 D\u0103ruie\u0219te Noble\u021be \u0219i Gust!<\/p>\n<p style=\"font-size: 16px; color: #4b5563; margin-bottom: 40px; max-width: 650px; margin-left: auto; margin-right: auto;\">\n                Comand\u0103 <strong>Buchetul \u201eNoble\u021be Ro\u0219ie\u201d<\/strong> pe <strong>iubeste.md<\/strong> \u0219i transform\u0103 orice moment \u00eentr-o celebrare a luxului. Livrare impecabil\u0103 \u00een orice localitate din Republica Moldova!\n            <\/p>\n<p>            <a style=\"display: inline-block; background-color: #991b1b; color: #ffffff; padding: 24px clamp(50px, 15vw, 95px); border-radius: 15px; font-weight: 900; text-decoration: none; font-size: 17px; text-transform: uppercase; letter-spacing: 2px; transition: 0.3s; cursor: pointer; box-shadow: 0 15px 40px rgba(153, 27, 27, 0.2);\" \n               href=\"#\" \n               onclick=\"document.querySelector('.single_add_to_cart_button').click(); return false;\"><br \/>\n               Comand\u0103 pe iubeste.md<br \/>\n            <\/a><\/p>\n<div style=\"margin-top: 45px; font-size: 11px; color: #6b7280; font-weight: bold; text-transform: uppercase; letter-spacing: 6px; opacity: 0.8;\">\n                \ud83c\udf39 NOBLE\u021aE RO\u0218IE \u2022 LUX &#038; SAVOARE \u2022 LIVRARE TOAT\u0102 MOLDOVA \ud83c\uddf2\ud83c\udde9\ud83d\ude9a\n            <\/div>\n<\/p><\/div>\n<\/p><\/div>\n<\/div>\n<p>Vezi \u0219i alte buchete dulci pe <a href=\"https:\/\/iubeste.md\/prod-cat\/buchete-din-dulciuri\/\">iubeste.md<\/a> sau urm\u0103re\u0219te-ne pe <a href=\"https:\/\/www.instagram.com\/iubeste.md\/\">Instagram<\/a> pentru inspira\u021bie.<\/p>\n","protected":false},"featured_media":4555,"template":"","meta":[],"product_brand":[],"product_cat":[504,507],"product_tag":[1672,225,863,1671,663,658,219,1674,1673,1670],"class_list":{"0":"post-3823","1":"product","2":"type-product","3":"status-publish","4":"has-post-thumbnail","6":"product_cat-sladkie-bukety","7":"product_cat-bukety-iz-sladostei-i-alkogolya","8":"product_tag-buchet-ciocolata-ritter-sport","9":"product_tag-buchet-din-dulciuri","10":"product_tag-cadou-barbati-moldova","11":"product_tag-cadou-ferrero-rocher","12":"product_tag-iubeste-md","13":"product_tag-livrare-cadouri-balti","14":"product_tag-milka","15":"product_tag-set-cadou-premium","16":"product_tag-surpriza-gourmet","17":"product_tag-vin-salcuta-feteasca-neagra","19":"first","20":"instock","21":"shipping-taxable","22":"purchasable","23":"product-type-simple"},"aioseo_notices":[],"_links":{"self":[{"href":"https:\/\/iubeste.md\/ru\/wp-json\/wp\/v2\/product\/3823","targetHints":{"allow":["GET"]}}],"collection":[{"href":"https:\/\/iubeste.md\/ru\/wp-json\/wp\/v2\/product"}],"about":[{"href":"https:\/\/iubeste.md\/ru\/wp-json\/wp\/v2\/types\/product"}],"wp:featuredmedia":[{"embeddable":true,"href":"https:\/\/iubeste.md\/ru\/wp-json\/wp\/v2\/media\/4555"}],"wp:attachment":[{"href":"https:\/\/iubeste.md\/ru\/wp-json\/wp\/v2\/media?parent=3823"}],"wp:term":[{"taxonomy":"product_brand","embeddable":true,"href":"https:\/\/iubeste.md\/ru\/wp-json\/wp\/v2\/product_brand?post=3823"},{"taxonomy":"product_cat","embeddable":true,"href":"https:\/\/iubeste.md\/ru\/wp-json\/wp\/v2\/product_cat?post=3823"},{"taxonomy":"product_tag","embeddable":true,"href":"https:\/\/iubeste.md\/ru\/wp-json\/wp\/v2\/product_tag?post=3823"}],"curies":[{"name":"wp","href":"https:\/\/api.w.org\/{rel}","templated":true}]}}