{"id":3670,"date":"2021-09-10T16:38:50","date_gmt":"2021-09-10T13:38:50","guid":{"rendered":"https:\/\/iubeste.md\/?post_type=product&#038;p=3670"},"modified":"2026-04-07T20:15:55","modified_gmt":"2026-04-07T17:15:55","slug":"tort-3040","status":"publish","type":"product","link":"https:\/\/iubeste.md\/ru\/product\/tort-3040\/","title":{"rendered":"Tort Festiv #3040 cu Flori \u0219i Macarons \u2013 Elegan\u021b\u0103 \u00een Nuan\u021be de Roz"},"content":{"rendered":"<div style=\"max-width: 100%;  margin: 20px auto; font-family: 'Segoe UI', Roboto, Helvetica, Arial, sans-serif; color: #374151; line-height: 1.6; background-color: #ffffff; border: 1px solid #fce7f3; border-radius: 40px; overflow: hidden; box-shadow: 0 30px 70px rgba(219, 39, 119, 0.08);\">\n<div style=\"background: linear-gradient(135deg, #ffffff 0%, #fdf2f8 100%); padding: clamp(55px, 11vw, 90px) 20px; text-align: center; border-bottom: 8px solid #db2777; position: relative;\">\n<div style=\"font-size: 70px; margin-bottom: 15px; filter: drop-shadow(0 10px 20px rgba(219, 39, 119, 0.1));\">\ud83c\udf82\ud83d\udc96\ud83c\udf39<\/div>\n<h1 style=\"margin: 0; font-size: clamp(26px, 6.5vw, 40px); text-transform: uppercase; letter-spacing: 6px; font-weight: 950; color: #1f2937;\">Tort Festiv #3040<\/h1>\n<p style=\"font-size: clamp(14px, 3.5vw, 20px); font-style: italic; color: #be185d; margin-top: 10px; font-weight: 600;\">Drip Cake Design \u2022 Romantism &#038; Savoare<\/p>\n<\/p><\/div>\n<div style=\"padding: clamp(25px, 6vw, 55px);\">\n<p style=\"font-size: 17px; text-align: center; color: #4b5563; margin-bottom: 45px; border-bottom: 1px solid #fbcfe8; padding-bottom: 35px; max-width: 780px; margin-left: auto; margin-right: auto; line-height: 1.9;\">\n            Acest tort se distinge printr-un design vizual atr\u0103g\u0103tor: o baz\u0103 alb\u0103 imaculat\u0103 ce contrasteaz\u0103 superb cu <strong>glazura curg\u0103toare roz<\/strong>. Decorat cu trandafiri proaspeti, macarons \u0219i delicii Kinder, este fundalul perfect pentru cele mai frumoase fotografii de eveniment, disponibil acum pe <strong>iubeste.md<\/strong>.\n        <\/p>\n<h3 style=\"color: #9d174d; text-transform: uppercase; letter-spacing: 2px; font-size: 19px; margin-bottom: 25px; text-align: center; font-weight: 800;\">\ud83c\udf70 Arhitectura Decorului<\/h3>\n<div style=\"grid-template-columns: repeat(auto-fit, minmax(180px, 1fr)); display: grid; gap: 15px; margin-bottom: 45px;\">\n<div style=\"background: #fff5f7; padding: 20px; border-radius: 20px; border: 1px solid #fbcfe8; text-align: center;\">\n                <strong style=\"color: #be185d; display: block; font-size: 11px; text-transform: uppercase; letter-spacing: 1px;\">Flori<\/strong><br \/>\n                <span style=\"font-size: 14px; font-weight: 700; color: #1f2937;\">Trandafir &#038; Eustoma<\/span>\n            <\/div>\n<div style=\"background: #fff5f7; padding: 20px; border-radius: 20px; border: 1px solid #fbcfe8; text-align: center;\">\n                <strong style=\"color: #be185d; display: block; font-size: 11px; text-transform: uppercase; letter-spacing: 1px;\">Dulciuri<\/strong><br \/>\n                <span style=\"font-size: 14px; font-weight: 700; color: #1f2937;\">Macarons &#038; Raffaello<\/span>\n            <\/div>\n<div style=\"background: #fff5f7; padding: 20px; border-radius: 20px; border: 1px solid #fbcfe8; text-align: center;\">\n                <strong style=\"color: #be185d; display: block; font-size: 11px; text-transform: uppercase; letter-spacing: 1px;\">Efect<\/strong><br \/>\n                <span style=\"font-size: 14px; font-weight: 700; color: #1f2937;\">Roz Drip Cake<\/span>\n            <\/div>\n<div style=\"background: #fff5f7; padding: 20px; border-radius: 20px; border: 1px solid #fbcfe8; text-align: center;\">\n                <strong style=\"color: #be185d; display: block; font-size: 11px; text-transform: uppercase; letter-spacing: 1px;\">Suport<\/strong><br \/>\n                <span style=\"font-size: 14px; font-weight: 700; color: #1f2937;\">Auriu Rezistent<\/span>\n            <\/div><\/div>\n<div style=\"grid-template-columns: repeat(auto-fit, minmax(300px, 1fr)); display: grid; gap: 25px; margin-bottom: 45px;\">\n<div style=\"background: #ffffff; color: #1f2937; padding: 35px; border-radius: 30px; border: 2px solid #f3f4f6; border-left: 10px solid #db2777;\">\n<h3 style=\"color: #9d174d; margin-top: 0; font-size: 18px; text-transform: uppercase; font-weight: 800; border-bottom: 1px solid #f3f4f6; padding-bottom: 10px; display: inline-block;\">\ud83c\udfaf Ocazii Ideale<\/h3>\n<ul style=\"padding-left: 20px; font-size: 14px; margin-top: 15px; margin-bottom: 0; line-height: 2.2;\">\n<li><strong>Zile de Na\u0219tere:<\/strong> Un clasic roz \u00eendr\u0103git de fete \u0219i femei.<\/li>\n<li><strong>Majorate:<\/strong> Design spectaculos pentru fotografii reu\u0219ite.<\/li>\n<li><strong>8 Martie:<\/strong> Cromatic\u0103 ideal\u0103 pentru s\u0103rb\u0103tori feminine.<\/li>\n<li><strong>Anivers\u0103ri:<\/strong> O not\u0103 de prospe\u021bime \u0219i romantism.<\/li>\n<\/ul><\/div>\n<div style=\"background: #ffffff; color: #1f2937; padding: 35px; border-radius: 30px; border: 2px solid #f3f4f6; border-left: 10px solid #f472b6;\">\n<h3 style=\"color: #be185d; margin-top: 0; font-size: 18px; text-transform: uppercase; font-weight: 900;\">\u2705 De Ce S\u0103 Comanzi?<\/h3>\n<ul style=\"padding-left: 20px; font-size: 14px; margin-top: 15px; margin-bottom: 0; line-height: 2.2;\">\n<li><strong>Pre\u021b Adaptabil:<\/strong> Po\u021bi opta pentru varianta f\u0103r\u0103 topper.<\/li>\n<li><strong>Personalizare:<\/strong> Topper de lemn \u201eLa mul\u021bi ani\u201d.<\/li>\n<li><strong>Livrare Pro:<\/strong> Condi\u021bii optime \u00een Chi\u0219in\u0103u &#038; B\u0103l\u021bi.<\/li>\n<li><strong>Ingrediente:<\/strong> Echilibru \u00eentre gust \u0219i estetic\u0103.<\/li>\n<\/ul><\/div><\/div>\n<div style=\"margin-bottom: 45px; border-top: 2px solid #f3f4f6; padding-top: 35px;\">\n<h3 style=\"color: #be185d; font-size: 19px; text-transform: uppercase; letter-spacing: 1px; text-align: center; margin-bottom: 25px;\">\u2728 \u00centrege\u0219te Surpriza (Gift Pairing)<\/h3>\n<div style=\"display: flex; flex-wrap: wrap; gap: 20px; justify-content: center;\">\n<div style=\"flex: 1 1 250px; background: #fffcfd; padding: 25px; border-radius: 20px; text-align: center; border: 1px solid #fbcfe8;\">\n                    <span style=\"font-size: 14px; color: #be185d; font-weight: bold; display: block; margin-bottom: 5px;\">\ud83e\uddf8 Gest Grandios<\/span><br \/>\n                    <span style=\"font-size: 13px; color: #4b5563;\">Urs de plu\u0219 de 1m pentru un moment memorabil.<\/span>\n                <\/div>\n<div style=\"flex: 1 1 250px; background: #fffcfd; padding: 25px; border-radius: 20px; text-align: center; border: 1px solid #fbcfe8;\">\n                    <span style=\"font-size: 14px; color: #be185d; font-weight: bold; display: block; margin-bottom: 5px;\">\ud83e\udd42 Toast Elegant<\/span><br \/>\n                    <span style=\"font-size: 13px; color: #4b5563;\">Cutie &#8220;Liliac Symphony&#8221; cu Bacio di Bolle.<\/span>\n                <\/div>\n<div style=\"flex: 1 1 250px; background: #fffcfd; padding: 25px; border-radius: 20px; text-align: center; border: 1px solid #fbcfe8;\">\n                    <span style=\"font-size: 14px; color: #be185d; font-weight: bold; display: block; margin-bottom: 5px;\">\ud83c\udf38 Contrast Floral<\/span><br \/>\n                    <span style=\"font-size: 13px; color: #4b5563;\">Orhidee mov vibrant\u0103 pentru un decor complet.<\/span>\n                <\/div><\/div><\/div>\n<div style=\"background: #fff5f7; padding: clamp(50px, 9vw, 80px) 20px; border-radius: 35px; text-align: center; border: 2px solid #fbcfe8; position: relative; overflow: hidden;\">\n<p style=\"font-size: 28px; color: #1f2937; margin-bottom: 15px; font-weight: 950; letter-spacing: 1px;\">\ud83c\udf81 D\u0103ruie\u0219te un moment de vis!<\/p>\n<p style=\"font-size: 16px; color: #4b5563; margin-bottom: 40px; max-width: 650px; margin-left: auto; margin-right: auto;\">\n                Alege <strong>Tortul #3040<\/strong> pe <strong>iubeste.md<\/strong> pentru o celebrare plin\u0103 de culoare \u0219i rafinament. Calitate garantat\u0103 \u0219i livrare sigur\u0103 \u00een Chi\u0219in\u0103u, B\u0103l\u021bi \u0219i \u00een toat\u0103 Republica Moldova!\n            <\/p>\n<p>            <a style=\"display: inline-block; background-color: #db2777; color: #ffffff; padding: 24px clamp(50px, 15vw, 95px); border-radius: 15px; font-weight: 900; text-decoration: none; font-size: 17px; text-transform: uppercase; letter-spacing: 2px; transition: 0.3s; cursor: pointer; box-shadow: 0 15px 40px rgba(219, 39, 119, 0.2);\" \n               href=\"#\" \n               onclick=\"document.querySelector('.single_add_to_cart_button').click(); return false;\"><br \/>\n               Comand\u0103 pe iubeste.md<br \/>\n            <\/a><\/p>\n<div style=\"margin-top: 45px; font-size: 11px; color: #be185d; font-weight: bold; text-transform: uppercase; letter-spacing: 6px; opacity: 0.8;\">\n                \ud83d\udc96 TORT #3040 \u2022 DRIP CAKE \u2022 LIVRARE TOAT\u0102 MOLDOVA \ud83c\uddf2\ud83c\udde9\ud83d\ude9a\n            <\/div><\/div><\/div>\n<\/div>\n","protected":false},"excerpt":{"rendered":"<div style=\"max-width: 100%;  margin: 20px auto; font-family: 'Segoe UI', Roboto, Helvetica, Arial, sans-serif; color: #3e2723; line-height: 1.6; background-color: #ffffff; border: 1px solid #f3f4f6; border-radius: 40px; overflow: hidden; box-shadow: 0 30px 70px rgba(0,0,0,0.08);\">\n<div style=\"background: linear-gradient(135deg, #ffffff 0%, #f9fafb 100%); padding: 60px 20px; text-align: center; border-bottom: 6px solid #d4af37; position: relative;\">\n<div style=\"font-size: 65px; margin-bottom: 15px; filter: drop-shadow(0 5px 10px rgba(0,0,0,0.05));\">\ud83c\udf82\ud83c\udf38\u2728<\/div>\n<h1 style=\"margin: 0; font-size: 38px; text-transform: uppercase; letter-spacing: 4px; font-weight: 900; color: #1a1a1a;\">Tort Festiv #3040<\/h1>\n<p style=\"font-size: 18px; color: #b48c32; margin-top: 10px; font-weight: 700; text-transform: uppercase; letter-spacing: 5px;\">Glazur\u0103 Drip \u2022 Flori Proaspete \u2022 Rafinament<\/p>\n<\/p><\/div>\n<div style=\"padding: 45px;\">\n<p style=\"font-size: 18px; text-align: center; color: #374151; margin-bottom: 45px; border-bottom: 1px solid #f3f4f6; padding-bottom: 35px; max-width: 750px; margin-left: auto; margin-right: auto; line-height: 1.9;\">\n            Adaug\u0103 o not\u0103 de gra\u021bie oric\u0103rei petreceri! Acest desert impresionant de pe <strong>iubeste.md<\/strong> combin\u0103 estetica modern\u0103 a glazurii &#8220;drip&#8221; cu un decor bogat din flori \u0219i dulciuri fine, fiind creat special pentru a transforma o zi de na\u0219tere \u00eentr-un <strong>eveniment memorabil<\/strong>.\n        <\/p>\n<div style=\"display: grid; grid-template-columns: repeat(auto-fit, minmax(180px, 1fr)); gap: 15px; margin-bottom: 45px;\">\n<div style=\"background: #fffcf0; padding: 25px; border-radius: 20px; border: 1px solid #fef3c7; text-align: center;\">\n                <strong style=\"color: #854d0e; display: block; font-size: 12px; text-transform: uppercase; margin-bottom: 8px;\">Design<\/strong><br \/>\n                <span style=\"font-size: 15px; font-weight: 700; color: #1a1a1a;\">Efect &#8220;Drip&#8221; Modern<\/span>\n            <\/div>\n<div style=\"background: #f0fdf4; padding: 25px; border-radius: 20px; border: 1px solid #dcfce7; text-align: center;\">\n                <strong style=\"color: #166534; display: block; font-size: 12px; text-transform: uppercase; margin-bottom: 8px;\">Decor<\/strong><br \/>\n                <span style=\"font-size: 15px; font-weight: 700; color: #1a1a1a;\">Flori Naturale<\/span>\n            <\/div>\n<div style=\"background: #fef2f2; padding: 25px; border-radius: 20px; border: 1px solid #fee2e2; text-align: center;\">\n                <strong style=\"color: #991b1b; display: block; font-size: 12px; text-transform: uppercase; margin-bottom: 8px;\">Savoare<\/strong><br \/>\n                <span style=\"font-size: 15px; font-weight: 700; color: #1a1a1a;\">Dulciuri Fine<\/span>\n            <\/div>\n<div style=\"background: #f8fafc; padding: 25px; border-radius: 20px; border: 1px solid #e2e8f0; text-align: center;\">\n                <strong style=\"color: #334155; display: block; font-size: 12px; text-transform: uppercase; margin-bottom: 8px;\">Ocazie<\/strong><br \/>\n                <span style=\"font-size: 15px; font-weight: 700; color: #1a1a1a;\">Zile de Na\u0219tere<\/span>\n            <\/div>\n<\/p><\/div>\n<div style=\"display: grid; grid-template-columns: repeat(auto-fit, minmax(300px, 1fr)); gap: 25px; margin-bottom: 45px;\">\n<div style=\"background: #ffffff; color: #1f2937; padding: 35px; border-radius: 30px; border: 2px solid #f3f4f6; border-left: 10px solid #d4af37;\">\n<h3 style=\"color: #92400e; margin-top: 0; font-size: 19px; text-transform: uppercase; font-weight: 800;\">\u2728 De ce #3040?<\/h3>\n<ul style=\"padding-left: 20px; font-size: 15px; margin-top: 15px; line-height: 2;\">\n<li><strong>Impact Vizual:<\/strong> O combina\u021bie unic\u0103 de texturi.<\/li>\n<li><strong>Ingrediente Proaspete:<\/strong> Calitate premium garantat\u0103.<\/li>\n<li><strong>Artizanal:<\/strong> Decorat manual cu aten\u021bie la detalii.<\/li>\n<\/ul><\/div>\n<div style=\"background: #ffffff; color: #1f2937; padding: 35px; border-radius: 30px; border: 2px solid #f3f4f6; border-left: 10px solid #10b981;\">\n<h3 style=\"color: #065f46; margin-top: 0; font-size: 19px; text-transform: uppercase; font-weight: 800;\">\ud83d\ude9a Livrare Premium<\/h3>\n<ul style=\"padding-left: 20px; font-size: 15px; margin-top: 15px; line-height: 2;\">\n<li><strong>Siguran\u021b\u0103:<\/strong> Transport \u00een condi\u021bii optime.<\/li>\n<li><strong>Arie:<\/strong> Chi\u0219in\u0103u, B\u0103l\u021bi \u0219i toat\u0103 Moldova.<\/li>\n<li><strong>Promptitudine:<\/strong> Ajunge exact la momentul festiv.<\/li>\n<\/ul><\/div>\n<\/p><\/div>\n<div style=\"background-color: #f9fafb; padding: 50px 20px; border-radius: 35px; text-align: center; border: 1px solid #e5e7eb;\">\n<p style=\"font-size: 26px; color: #1a1a1a; margin-bottom: 15px; font-weight: 900; letter-spacing: 1px;\">\ud83c\udf81 Transform\u0103 petrecerea \u00eentr-o amintire!<\/p>\n<p style=\"font-size: 16px; color: #4b5563; margin-bottom: 35px; max-width: 600px; margin-left: auto; margin-right: auto;\">\n                Alege <strong>Tortul Festiv #3040<\/strong> pentru o celebrare plin\u0103 de stil \u0219i savoare. Comand\u0103 online pe <strong>iubeste.md<\/strong>!\n            <\/p>\n<p>            <a style=\"display: inline-block; background-color: #d4af37; color: #ffffff; padding: 22px 70px; border-radius: 15px; font-weight: 900; text-decoration: none; font-size: 18px; text-transform: uppercase; letter-spacing: 2px; box-shadow: 0 10px 25px rgba(212, 175, 55, 0.3);\" \n               href=\"#\"><br \/>\n               Comand\u0103 pe iubeste.md<br \/>\n            <\/a>\n        <\/div>\n<\/p><\/div>\n<\/div>\n<p>Vezi \u0219i alte buchete dulci pe <a href=\"https:\/\/iubeste.md\/prod-cat\/buchete-din-dulciuri\/\">iubeste.md<\/a> sau urm\u0103re\u0219te-ne pe <a href=\"https:\/\/www.instagram.com\/iubeste.md\/\">Instagram<\/a> pentru inspira\u021bie.<\/p>\n","protected":false},"featured_media":3671,"template":"","meta":[],"product_brand":[],"product_cat":[515],"product_tag":[965,1656,663,1657,1659,1658,1655,1654,111],"class_list":{"0":"post-3670","1":"product","2":"type-product","3":"status-publish","4":"has-post-thumbnail","6":"product_cat-torty","7":"product_tag-cadou-dulce-femei","8":"product_tag-desert-festiv-chisinau","9":"product_tag-iubeste-md","10":"product_tag-livrare-torturi-balti","11":"product_tag-tort-aniversar-fara-topper","12":"product_tag-tort-cu-flori-naturale","13":"product_tag-tort-decorat-cu-macarons","14":"product_tag-tort-drip-roz","15":"product_tag-torte","17":"first","18":"onbackorder","19":"shipping-taxable","20":"purchasable","21":"product-type-simple"},"aioseo_notices":[],"_links":{"self":[{"href":"https:\/\/iubeste.md\/ru\/wp-json\/wp\/v2\/product\/3670","targetHints":{"allow":["GET"]}}],"collection":[{"href":"https:\/\/iubeste.md\/ru\/wp-json\/wp\/v2\/product"}],"about":[{"href":"https:\/\/iubeste.md\/ru\/wp-json\/wp\/v2\/types\/product"}],"wp:featuredmedia":[{"embeddable":true,"href":"https:\/\/iubeste.md\/ru\/wp-json\/wp\/v2\/media\/3671"}],"wp:attachment":[{"href":"https:\/\/iubeste.md\/ru\/wp-json\/wp\/v2\/media?parent=3670"}],"wp:term":[{"taxonomy":"product_brand","embeddable":true,"href":"https:\/\/iubeste.md\/ru\/wp-json\/wp\/v2\/product_brand?post=3670"},{"taxonomy":"product_cat","embeddable":true,"href":"https:\/\/iubeste.md\/ru\/wp-json\/wp\/v2\/product_cat?post=3670"},{"taxonomy":"product_tag","embeddable":true,"href":"https:\/\/iubeste.md\/ru\/wp-json\/wp\/v2\/product_tag?post=3670"}],"curies":[{"name":"wp","href":"https:\/\/api.w.org\/{rel}","templated":true}]}}