{"id":3571,"date":"2021-09-06T20:29:53","date_gmt":"2021-09-06T17:29:53","guid":{"rendered":"https:\/\/iubeste.md\/?post_type=product&#038;p=3571"},"modified":"2026-04-07T13:53:43","modified_gmt":"2026-04-07T10:53:43","slug":"buchet-cu-sampanie-bacio-di-bolle-si-bomboane","status":"publish","type":"product","link":"https:\/\/iubeste.md\/ru\/product\/buchet-cu-sampanie-bacio-di-bolle-si-bomboane\/","title":{"rendered":"Buchet Gourmet cu \u0218ampanie Bacio di Bolle \u0219i Bomboane \u2013 Elegan\u021b\u0103 \u0219i R\u0103sf\u0103\u021b"},"content":{"rendered":"<div style=\"max-width: 100%; width: 850px; margin: 20px auto; font-family: 'Segoe UI', Roboto, Helvetica, Arial, sans-serif; color: #374151; line-height: 1.6; background-color: #ffffff; border: 1px solid #fff7ed; border-radius: 40px; overflow: hidden; box-shadow: 0 30px 70px rgba(120, 53, 15, 0.1);\">\n<div style=\"background: linear-gradient(135deg, #fff7ed 0%, #ffedd5 100%); padding: clamp(50px, 10vw, 85px) 20px; text-align: center; border-bottom: 8px solid #fb923c; position: relative;\">\n<div style=\"font-size: 65px; margin-bottom: 15px; filter: drop-shadow(0 10px 20px rgba(0,0,0,0.05));\">\ud83e\udd42\ud83c\udf53\u2728<\/div>\n<h1 style=\"margin: 0; font-size: clamp(26px, 6vw, 38px); text-transform: uppercase; letter-spacing: 5px; font-weight: 950; color: #7c2d12;\">Gourmet Bacio di Bolle<\/h1>\n<p style=\"font-size: clamp(14px, 3.5vw, 20px); font-style: italic; color: #9a3412; margin-top: 10px; font-weight: 600;\">Efervescen\u021b\u0103 &#038; Dulcea\u021b\u0103 \u2022 O Experien\u021b\u0103 Senzorial\u0103<\/p>\n<\/p><\/div>\n<div style=\"padding: clamp(25px, 6vw, 50px);\">\n<p style=\"font-size: 17px; text-align: center; color: #44403c; margin-bottom: 45px; border-bottom: 1px solid #fed7aa; padding-bottom: 35px; max-width: 780px; margin-left: auto; margin-right: auto; line-height: 1.9;\">\n            Conceput ca o alternativ\u0103 modern\u0103 la buchetele clasice, acest mix de lux ofer\u0103 o experien\u021b\u0103 senzorial\u0103 complet\u0103. Reune\u0219te notele delicate de c\u0103p\u0219uni ale <strong>\u0219ampaniei Fragolino<\/strong> cu o baz\u0103 generoas\u0103 de <strong>bomboane fine<\/strong>, totul \u00eentr-un ambalaj premium cu margini aurii, disponibil pe <strong>iubeste.md<\/strong>.\n        <\/p>\n<h3 style=\"color: #7c2d12; text-transform: uppercase; letter-spacing: 2px; font-size: 19px; margin-bottom: 25px; text-align: center; font-weight: 800;\">\ud83c\udf7e Compozi\u021bie de Lux<\/h3>\n<div style=\"display: grid; grid-template-columns: repeat(auto-fit, minmax(180px, 1fr)); gap: 15px; margin-bottom: 45px;\">\n<div style=\"background: #fffcf0; padding: 20px; border-radius: 20px; border: 1px solid #fde68a; text-align: center;\">\n                <strong style=\"color: #92400e; display: block; font-size: 12px; text-transform: uppercase; letter-spacing: 1px;\">B\u0103uturi<\/strong><br \/>\n                <span style=\"font-size: 14px; font-weight: 700;\">2 x Bacio di Bolle Fragolino<\/span>\n            <\/div>\n<div style=\"background: #fffcf0; padding: 20px; border-radius: 20px; border: 1px solid #fde68a; text-align: center;\">\n                <strong style=\"color: #92400e; display: block; font-size: 12px; text-transform: uppercase; letter-spacing: 1px;\">Dulciuri<\/strong><br \/>\n                <span style=\"font-size: 14px; font-weight: 700;\">Bomboane Auriu &#038; Vi\u0219iniu<\/span>\n            <\/div>\n<div style=\"background: #fffcf0; padding: 20px; border-radius: 20px; border: 1px solid #fde68a; text-align: center;\">\n                <strong style=\"color: #92400e; display: block; font-size: 12px; text-transform: uppercase; letter-spacing: 1px;\">Design<\/strong><br \/>\n                <span style=\"font-size: 14px; font-weight: 700;\">H\u00e2rtie Piersic\u0103 &#038; Margini Aurii<\/span>\n            <\/div>\n<div style=\"background: #fffcf0; padding: 20px; border-radius: 20px; border: 1px solid #fde68a; text-align: center;\">\n                <strong style=\"color: #92400e; display: block; font-size: 12px; text-transform: uppercase; letter-spacing: 1px;\">Accesorii<\/strong><br \/>\n                <span style=\"font-size: 14px; font-weight: 700;\">Fund\u0103 Organza &#038; Inimi Aurii<\/span>\n            <\/div><\/div>\n<div style=\"display: grid; grid-template-columns: repeat(auto-fit, minmax(300px, 1fr)); gap: 25px; margin-bottom: 45px;\">\n<div style=\"background: #7c2d12; color: #ffffff; padding: 35px; border-radius: 30px; border-left: 10px solid #fb923c;\">\n<h3 style=\"color: #ffedd5; margin-top: 0; font-size: 18px; text-transform: uppercase; font-weight: 800; border-bottom: 1px solid rgba(255,255,255,0.2); padding-bottom: 10px; display: inline-block;\">\ud83c\udfaf Ocazii de Neuitat<\/h3>\n<ul style=\"padding-left: 20px; font-size: 14px; margin-top: 15px; margin-bottom: 0; line-height: 2.2;\">\n<li><strong>Jubileuri:<\/strong> Un cadou memorabil pentru momente cheie.<\/li>\n<li><strong>Romantic:<\/strong> \u0218ampanie &#038; ciocolat\u0103 \u00eentr-o form\u0103 inedit\u0103.<\/li>\n<li><strong>Recuno\u0219tin\u021b\u0103:<\/strong> Exprim\u0103 aprecierea cu mult rafinament.<\/li>\n<li><strong>S\u0103rb\u0103tori:<\/strong> O adi\u021bie elegant\u0103 pentru masa festiv\u0103.<\/li>\n<\/ul><\/div>\n<div style=\"background: #ffffff; color: #44403c; padding: 35px; border-radius: 30px; border: 1px solid #fed7aa; border-left: 10px solid #ea580c;\">\n<h3 style=\"color: #7c2d12; margin-top: 0; font-size: 18px; text-transform: uppercase; font-weight: 900;\">\u2705 De Ce Iubeste.md?<\/h3>\n<ul style=\"padding-left: 20px; font-size: 14px; margin-top: 15px; margin-bottom: 0; line-height: 2.2;\">\n<li><strong>Prezentare Impecabil\u0103:<\/strong> Structur\u0103 profesional\u0103 stabil\u0103.<\/li>\n<li><strong>Produse de Marc\u0103:<\/strong> Exclusiv Bacio di Bolle autentic.<\/li>\n<li><strong>Livrare Premium:<\/strong> Promptitudine \u00een Chi\u0219in\u0103u, B\u0103l\u021bi &#038; Moldova.<\/li>\n<li><strong>Detalii Speciale:<\/strong> Felicitare tematic\u0103 inclus\u0103.<\/li>\n<\/ul><\/div><\/div>\n<div style=\"margin-bottom: 45px; border-top: 2px solid #ffedd5; padding-top: 35px;\">\n<h3 style=\"color: #9a3412; font-size: 19px; text-transform: uppercase; letter-spacing: 1px; text-align: center; margin-bottom: 25px;\">\u2728 \u00centrege\u0219te Celebrarea (Gift Pairing)<\/h3>\n<div style=\"display: flex; flex-wrap: wrap; gap: 20px; justify-content: center;\">\n<div style=\"flex: 1 1 250px; background: #fffafb; padding: 25px; border-radius: 20px; text-align: center; border: 1px solid #fed7aa;\">\n                    <span style=\"font-size: 14px; color: #7c2d12; font-weight: bold; display: block; margin-bottom: 5px;\">\ud83c\udf38 Rafinament Floral<\/span><br \/>\n                    <span style=\"font-size: 13px;\">Orhidee Phalaenopsis \u00een nuan\u021be purpurii.<\/span>\n                <\/div>\n<div style=\"flex: 1 1 250px; background: #fffafb; padding: 25px; border-radius: 20px; text-align: center; border: 1px solid #fed7aa;\">\n                    <span style=\"font-size: 14px; color: #7c2d12; font-weight: bold; display: block; margin-bottom: 5px;\">\ud83e\uddf8 Un Z\u00e2mbet Cald<\/span><br \/>\n                    <span style=\"font-size: 13px;\">Ursule\u021b de plu\u0219 de dimensiuni medii.<\/span>\n                <\/div>\n<div style=\"flex: 1 1 250px; background: #fffafb; padding: 25px; border-radius: 20px; text-align: center; border: 1px solid #fed7aa;\">\n                    <span style=\"font-size: 14px; color: #7c2d12; font-weight: bold; display: block; margin-bottom: 5px;\">\ud83c\udf82 Desert Suplimentar<\/span><br \/>\n                    <span style=\"font-size: 13px;\">Tort festiv cu macarons \u0219i flori naturale.<\/span>\n                <\/div><\/div><\/div>\n<div style=\"background: linear-gradient(135deg, #7c2d12 0%, #ea580c 100%); padding: clamp(50px, 9vw, 75px) 20px; border-radius: 35px; text-align: center; box-shadow: 0 20px 50px rgba(124, 45, 18, 0.25); position: relative; overflow: hidden;\">\n<div style=\"position: absolute; top: -30px; right: -30px; font-size: 150px; color: #ffffff; opacity: 0.05; transform: rotate(15deg);\">\ud83e\udd42<\/div>\n<p style=\"font-size: 28px; color: #ffffff; margin-bottom: 15px; font-weight: 900; letter-spacing: 1px;\">\ud83c\udf81 Eleveaz\u0103 orice moment festiv!<\/p>\n<p style=\"font-size: 16px; color: #ffedd5; opacity: 0.9; margin-bottom: 40px; max-width: 650px; margin-left: auto; margin-right: auto;\">\n                Alege <strong>Buchetul Gourmet Exclusivist<\/strong> pe <strong>iubeste.md<\/strong> \u0219i transform\u0103 orice aniversare \u00eentr-un eveniment legendar. Calitate garantat\u0103 \u0219i livrare discret\u0103 oriunde \u00een Republica Moldova!\n            <\/p>\n<p>            <a style=\"display: inline-block; background-color: #ffffff; color: #7c2d12; padding: 24px clamp(50px, 15vw, 95px); border-radius: 15px; font-weight: 900; text-decoration: none; font-size: 17px; text-transform: uppercase; letter-spacing: 2px; transition: 0.3s; cursor: pointer; box-shadow: 0 15px 40px rgba(0,0,0,0.2);\" \n               href=\"#\" \n               onclick=\"document.querySelector('.single_add_to_cart_button').click(); return false;\"><br \/>\n               Comand\u0103 pe iubeste.md<br \/>\n            <\/a><\/p>\n<div style=\"margin-top: 45px; font-size: 11px; color: #fed7aa; font-weight: bold; text-transform: uppercase; letter-spacing: 6px; opacity: 0.8;\">\n                \ud83e\udd42 BACIO DI BOLLE \u2022 MIX GOURMET \u2022 LIVRARE TOAT\u0102 MOLDOVA \ud83c\uddf2\ud83c\udde9\ud83d\ude9a\n            <\/div><\/div><\/div>\n<\/div>\n","protected":false},"excerpt":{"rendered":"<div style=\"max-width: 100%; width: 700px; margin: 30px auto; font-family: 'Segoe UI', Roboto, Helvetica, Arial, sans-serif; background-color: #ffffff; border: 1px solid #f3f4f6; border-radius: 35px; overflow: hidden; box-shadow: 0 20px 50px rgba(0, 0, 0, 0.1);\">\n<div style=\"background: linear-gradient(135deg, #111827 0%, #1f2937 100%); padding: clamp(40px, 8vw, 65px) 20px; text-align: center; border-bottom: 6px solid #d4af37; position: relative;\">\n<div style=\"font-size: 55px; margin-bottom: 12px; filter: drop-shadow(0 5px 15px rgba(212, 175, 55, 0.3));\">\ud83e\udd42\u2728\ud83c\udf6b<\/div>\n<h1 style=\"margin: 0; font-size: clamp(22px, 5.5vw, 28px); color: #ffffff; text-transform: uppercase; letter-spacing: 4px; font-weight: 900; line-height: 1.2;\">\n            Buchet Gourmet Exclusivist<br \/>\n        <\/h1>\n<p style=\"font-size: 15px; color: #d4af37; margin-top: 10px; font-weight: 700; text-transform: uppercase; letter-spacing: 5px;\">Bacio di Bolle \u2022 Selec\u021bie Premium<\/p>\n<\/p><\/div>\n<div style=\"padding: clamp(25px, 6vw, 45px); text-align: center;\">\n<p style=\"font-size: clamp(16px, 4vw, 19px); color: #374151; line-height: 1.8; margin-bottom: 35px; max-width: 580px; margin-left: auto; margin-right: auto; font-weight: 400;\">\n            Eleveaz\u0103 orice celebrare! Acest aranjament reune\u0219te efervescen\u021ba <strong>\u0219ampaniei Bacio di Bolle<\/strong> cu dulcea\u021ba fin\u0103 a bomboanelor de ciocolat\u0103, fiind ambalat cu o fine\u021be aparte pentru a impresiona orice destinatar, acum pe <strong>iubeste.md<\/strong>.\n        <\/p>\n<div style=\"display: flex; flex-wrap: wrap; justify-content: center; gap: 15px; margin-bottom: 35px;\">\n<div style=\"background: #ffffff; border: 1px solid #e5e7eb; padding: 15px 25px; border-radius: 20px; color: #111827; flex: 1 1 200px; box-shadow: 0 5px 15px rgba(0,0,0,0.02);\">\n                <span style=\"display: block; font-size: 28px; font-weight: 900;\">\ud83c\udf7e<\/span><br \/>\n                <span style=\"font-size: 11px; text-transform: uppercase; letter-spacing: 2px; font-weight: 800;\">Bacio di Bolle<\/span>\n            <\/div>\n<div style=\"background: #ffffff; border: 1px solid #e5e7eb; padding: 15px 25px; border-radius: 20px; color: #111827; flex: 1 1 200px; box-shadow: 0 5px 15px rgba(0,0,0,0.02);\">\n                <span style=\"display: block; font-size: 28px;\">\ud83c\udf6c<\/span><br \/>\n                <span style=\"font-size: 11px; text-transform: uppercase; letter-spacing: 2px; font-weight: 800;\">Bomboane Fine<\/span>\n            <\/div>\n<\/p><\/div>\n<div style=\"background-color: #fafafa; padding: 25px; border-radius: 20px; border-left: 8px solid #111827; margin-bottom: 40px; text-align: left;\">\n<p style=\"margin: 0; font-size: 15px; color: #4b5563; line-height: 1.7; font-style: italic;\">\n                &#8220;Un cadou care vorbe\u0219te despre bun gust \u0219i rafinament. Ideal pentru a marca succesele, anivers\u0103rile de cuplu sau pentru a oferi un mul\u021bumesc memorabil partenerilor de afaceri.&#8221;\n            <\/p>\n<\/p><\/div>\n<p>        <a style=\"display: inline-block; background: #111827; color: #ffffff; padding: 20px clamp(40px, 12vw, 80px); border-radius: 12px; font-weight: 900; font-size: 16px; letter-spacing: 2px; text-decoration: none; box-shadow: 0 12px 30px rgba(17, 24, 39, 0.2); transition: 0.3s; cursor: pointer; text-transform: uppercase; border: 1px solid #d4af37;\"\n           href=\"#\"\n           onclick=\"document.querySelector('.single_add_to_cart_button').click(); return false;\"><br \/>\n            Comand\u0103 pe iubeste.md<br \/>\n        <\/a><\/p>\n<div style=\"margin-top: 40px; font-size: 11px; color: #94a3b8; font-weight: 800; text-transform: uppercase; letter-spacing: 3px;\">\n            \ud83d\ude9b LIVRARE PREMIUM \u2022 CHI\u0218IN\u0102U \u2022 B\u0102L\u021aI \u2022 TOAT\u0102 MOLDOVA \ud83c\uddf2\ud83c\udde9\n        <\/div>\n<\/p><\/div>\n<div style=\"background-color: #111827; padding: 18px; text-align: center;\">\n        <span style=\"font-size: 11px; color: #d4af37; text-transform: uppercase; letter-spacing: 4px; font-weight: bold;\">iubeste.md \u2014 Elegan\u021b\u0103 livrat\u0103 la u\u0219\u0103<\/span>\n    <\/div>\n<\/div>\n","protected":false},"featured_media":4559,"template":"","meta":[],"product_brand":[],"product_cat":[504,507],"product_tag":[1624,134,225,1622,803,663,1625,114,1623,1004],"class_list":{"0":"post-3571","1":"product","2":"type-product","3":"status-publish","4":"has-post-thumbnail","6":"product_cat-sladkie-bukety","7":"product_cat-bukety-iz-sladostei-i-alkogolya","8":"product_tag-aranjament-bomboane-si-alcool","9":"product_tag-bomboane","10":"product_tag-buchet-din-dulciuri","11":"product_tag-buchet-gourmet-bacio-di-bolle","12":"product_tag-cadou-elegant-femei","13":"product_tag-iubeste-md","14":"product_tag-livrare-flori-si-cadouri-chisinau","15":"product_tag-sampanie","16":"product_tag-sampanie-fragolino-cadou","17":"product_tag-surprize-la-domiciliu-moldova","19":"first","20":"instock","21":"shipping-taxable","22":"purchasable","23":"product-type-simple"},"aioseo_notices":[],"_links":{"self":[{"href":"https:\/\/iubeste.md\/ru\/wp-json\/wp\/v2\/product\/3571","targetHints":{"allow":["GET"]}}],"collection":[{"href":"https:\/\/iubeste.md\/ru\/wp-json\/wp\/v2\/product"}],"about":[{"href":"https:\/\/iubeste.md\/ru\/wp-json\/wp\/v2\/types\/product"}],"wp:featuredmedia":[{"embeddable":true,"href":"https:\/\/iubeste.md\/ru\/wp-json\/wp\/v2\/media\/4559"}],"wp:attachment":[{"href":"https:\/\/iubeste.md\/ru\/wp-json\/wp\/v2\/media?parent=3571"}],"wp:term":[{"taxonomy":"product_brand","embeddable":true,"href":"https:\/\/iubeste.md\/ru\/wp-json\/wp\/v2\/product_brand?post=3571"},{"taxonomy":"product_cat","embeddable":true,"href":"https:\/\/iubeste.md\/ru\/wp-json\/wp\/v2\/product_cat?post=3571"},{"taxonomy":"product_tag","embeddable":true,"href":"https:\/\/iubeste.md\/ru\/wp-json\/wp\/v2\/product_tag?post=3571"}],"curies":[{"name":"wp","href":"https:\/\/api.w.org\/{rel}","templated":true}]}}