{"id":3033,"date":"2021-04-24T21:18:09","date_gmt":"2021-04-24T18:18:09","guid":{"rendered":"https:\/\/iubeste.md\/?post_type=product&#038;p=3033"},"modified":"2026-04-07T01:26:18","modified_gmt":"2026-04-06T22:26:18","slug":"orhideie-violet-roz-2-crengute","status":"publish","type":"product","link":"https:\/\/iubeste.md\/ru\/product\/orhideie-violet-roz-2-crengute\/","title":{"rendered":"Orhidee Phalaenopsis Violet-Roz (2 crengu\u021be) \u2013 Articol: 5006"},"content":{"rendered":"<div style=\"max-width: 100%; width: 850px; margin: 20px auto; font-family: 'Segoe UI', Roboto, Helvetica, Arial, sans-serif; color: #4a148c; line-height: 1.6; background-color: #ffffff; border: 1px solid #fce4ec; border-radius: 25px; overflow: hidden; box-shadow: 0 15px 45px rgba(136, 14, 79, 0.1);\">\n<div style=\"background: linear-gradient(135deg, #880e4f 0%, #ad1457 100%); padding: clamp(40px, 8vw, 60px) 20px; text-align: center; border-bottom: 5px solid #f8bbd0;\">\n<div style=\"font-size: 45px; margin-bottom: 15px; filter: drop-shadow(0 5px 10px rgba(0,0,0,0.2));\">\ud83c\udf38\u2728\ud83c\udf3a<\/div>\n<h1 style=\"margin: 0; font-size: clamp(22px, 5vw, 30px); text-transform: uppercase; letter-spacing: 2px; font-weight: 900; color: #ffffff;\">Orhidee Purpurie Premium<\/h1>\n<p style=\"font-size: clamp(14px, 3.5vw, 18px); font-style: italic; color: #fce4ec; margin-top: 10px;\">Articol: 5006 \u2022 Un spectacol cromatic cu 2 tije viguroase<\/p>\n<\/p><\/div>\n<div style=\"padding: clamp(20px, 5vw, 40px);\">\n<p style=\"font-size: 16px; text-align: center; color: #333333; margin-bottom: 40px; border-bottom: 1px solid #fce4ec; padding-bottom: 30px; max-width: 750px; margin-left: auto; margin-right: auto;\">\n            Modelul 5006 se distinge prin contrastul fascinant dintre petalele purpurii \u0219i centrul luminos, amintind de un <strong>apus de soare exotic<\/strong>. Av\u00e2nd dou\u0103 tije florale, planta ofer\u0103 un volum generos \u0219i o prezen\u021b\u0103 impun\u0103toare \u00een orice decor.\n        <\/p>\n<h3 style=\"color: #880e4f; text-transform: uppercase; letter-spacing: 1px; font-size: 18px; margin-bottom: 25px; text-align: center; font-weight: 800;\">\ud83d\udccb Specifica\u021bii Tehnice<\/h3>\n<div style=\"display: grid; grid-template-columns: repeat(auto-fit, minmax(200px, 1fr)); gap: 15px; margin-bottom: 40px;\">\n<div style=\"background: #fff5f8; padding: 15px; border-radius: 12px; border: 1px solid #f8bbd0; text-align: center;\">\n                <strong style=\"color: #ad1457; display: block; font-size: 12px; text-transform: uppercase;\">Specie<\/strong><br \/>\n                <span style=\"font-size: 14px;\">Phalaenopsis (Orhideea Fluture)<\/span>\n            <\/div>\n<div style=\"background: #fff5f8; padding: 15px; border-radius: 12px; border: 1px solid #f8bbd0; text-align: center;\">\n                <strong style=\"color: #ad1457; display: block; font-size: 12px; text-transform: uppercase;\">Culoare<\/strong><br \/>\n                <span style=\"font-size: 14px;\">Violet-Roz intens (Purpuriu)<\/span>\n            <\/div>\n<div style=\"background: #fff5f8; padding: 15px; border-radius: 12px; border: 1px solid #f8bbd0; text-align: center;\">\n                <strong style=\"color: #ad1457; display: block; font-size: 12px; text-transform: uppercase;\">Structur\u0103<\/strong><br \/>\n                <span style=\"font-size: 14px;\">2 Crengu\u021be pline de boboci<\/span>\n            <\/div>\n<div style=\"background: #fff5f8; padding: 15px; border-radius: 12px; border: 1px solid #f8bbd0; text-align: center;\">\n                <strong style=\"color: #ad1457; display: block; font-size: 12px; text-transform: uppercase;\">Ghiveci<\/strong><br \/>\n                <span style=\"font-size: 14px;\">Transparent (monitorizare r\u0103d\u0103cini)<\/span>\n            <\/div><\/div>\n<div style=\"display: grid; grid-template-columns: repeat(auto-fit, minmax(300px, 1fr)); gap: 25px; margin-bottom: 40px;\">\n<div style=\"background: #880e4f; color: #ffffff; padding: 25px; border-radius: 20px; border-left: 6px solid #fce4ec;\">\n<h3 style=\"color: #f8bbd0; margin-top: 0; font-size: 17px; text-transform: uppercase; font-weight: 800;\">\ud83c\udfaf Ideal Pentru<\/h3>\n<ul style=\"padding-left: 20px; font-size: 14px; margin-bottom: 0; line-height: 1.8;\">\n<li><strong>Zile de Na\u0219tere:<\/strong> O pat\u0103 de culoare vibrant\u0103.<\/li>\n<li><strong>Ziua Mamei\/Femeii:<\/strong> Simbolul aprecierii profunde.<\/li>\n<li><strong>Cas\u0103 Nou\u0103:<\/strong> Un aer proasp\u0103t \u00een noul c\u0103min.<\/li>\n<li><strong>Decor Office:<\/strong> Adaug\u0103 prestigiu spa\u021biului de lucru.<\/li>\n<\/ul><\/div>\n<div style=\"background: #ffffff; color: #333; padding: 25px; border-radius: 20px; border: 1px solid #f8bbd0; border-left: 6px solid #ad1457;\">\n<h3 style=\"color: #ad1457; margin-top: 0; font-size: 17px; text-transform: uppercase; font-weight: 800;\">\u2705 De Ce Iubeste.md?<\/h3>\n<ul style=\"padding-left: 20px; font-size: 14px; margin-bottom: 0; line-height: 1.8;\">\n<li><strong>Dubl\u0103 Floraison:<\/strong> Aspect echilibrat \u0219i \u00eenflorire bogat\u0103.<\/li>\n<li><strong>Calitate Superioar\u0103:<\/strong> Frunze c\u0103rnoase \u0219i r\u0103d\u0103cini viguroase.<\/li>\n<li><strong>Logistic\u0103 Sigur\u0103:<\/strong> Livrare protejat\u0103 \u00een toat\u0103 Moldova.<\/li>\n<\/ul><\/div><\/div>\n<div style=\"margin-bottom: 40px; border-top: 2px solid #fce4ec; padding-top: 30px;\">\n<div style=\"display: flex; flex-wrap: wrap; gap: 30px;\">\n<div style=\"flex: 1 1 350px;\">\n<h3 style=\"color: #ad1457; font-size: 18px; border-bottom: 2px solid #f8bbd0; padding-bottom: 8px; display: inline-block;\">\u00centreb\u0103ri Frecvente \u2753<\/h3>\n<div style=\"font-size: 14px; margin-top: 15px; color: #333;\">\n<p><strong>\ud83d\udd52 C\u00e2t rezist\u0103 florile?<\/strong><br \/>Pot rezista pe tije \u00eentre 2 \u0219i 4 luni \u00een condi\u021bii optime de \u00eengrijire.<\/p>\n<p><strong>\ud83d\udca7 Este greu de \u00eentre\u021binut?<\/strong><br \/>Nu, are nevoie de lumin\u0103 indirect\u0103 \u0219i udare prin scufundare o dat\u0103 pe s\u0103pt\u0103m\u00e2n\u0103.<\/p>\n<\/p><\/div><\/div>\n<div style=\"flex: 1 1 300px;\">\n<h3 style=\"color: #ad1457; font-size: 18px; border-bottom: 2px solid #f8bbd0; padding-bottom: 8px; display: inline-block;\">Sugestii Pairing \u2728<\/h3>\n<div style=\"font-size: 13px; margin-top: 15px; color: #333;\">\n<ul style=\"padding-left: 15px; line-height: 2;\">\n<li><strong>Cutie Milka &#038; Oreo:<\/strong> Pentru un r\u0103sf\u0103\u021b binemeritat.<\/li>\n<li><strong>Baloane Rose Gold (7136):<\/strong> Un decor festiv de basm.<\/li>\n<li><strong>Baloane &#8220;Happy Birthday&#8221;:<\/strong> Accentuarea momentului festiv.<\/li>\n<\/ul><\/div><\/div><\/div><\/div>\n<div style=\"background: linear-gradient(135deg, #ad1457 0%, #880e4f 100%); padding: clamp(30px, 6vw, 50px) 20px; border-radius: 30px; text-align: center; box-shadow: 0 10px 30px rgba(173, 20, 87, 0.2);\">\n<p style=\"font-size: 22px; color: #ffffff; margin-bottom: 15px; font-weight: 900; letter-spacing: 1px;\">\ud83d\udc96 Celebreaz\u0103 via\u021ba cu un cadou nobil!<\/p>\n<p style=\"font-size: 15px; color: #ffffff; opacity: 0.9; margin-bottom: 30px; max-width: 600px; margin-left: auto; margin-right: auto;\">\n                Alege <strong>Orhideea 5006<\/strong> pentru a oferi o bucurie care continu\u0103 s\u0103 creasc\u0103. Livrare rapid\u0103 \u0219i sigur\u0103 \u00een Chi\u0219in\u0103u, B\u0103l\u021bi \u0219i restul \u021b\u0103rii!\n            <\/p>\n<p>            <a style=\"display: inline-block; background-color: #ffffff; color: #ad1457; padding: 18px clamp(35px, 10vw, 65px); border-radius: 50px; font-weight: 900; text-decoration: none; font-size: 15px; text-transform: uppercase; letter-spacing: 2px; transition: 0.3s; cursor: pointer; box-shadow: 0 5px 15px rgba(0,0,0,0.2);\" \n               href=\"#\" \n               onclick=\"document.querySelector('.single_add_to_cart_button').click(); return false;\"><br \/>\n               Adaug\u0103 \u00een Co\u0219 pe iubeste.md<br \/>\n            <\/a><\/p>\n<div style=\"margin-top: 30px; font-size: 11px; color: #ffffff; font-weight: bold; text-transform: uppercase; letter-spacing: 3px; opacity: 0.7;\">\n                \ud83c\udf38 CULOARE VIBRANT\u0102 \u2022 2 CRENGU\u021aE \u2022 LIVRARE TOAT\u0102 MOLDOVA \ud83d\ude9a\u2728\n            <\/div><\/div><\/div>\n<\/div>\n","protected":false},"excerpt":{"rendered":"<div style=\"max-width: 100%; width: 650px; margin: 30px auto; font-family: 'Segoe UI', Roboto, Helvetica, Arial, sans-serif; background-color: #ffffff; border: 1px solid #fce4ec; border-radius: 25px; overflow: hidden; box-shadow: 0 15px 40px rgba(194, 24, 91, 0.08);\">\n<div style=\"background: linear-gradient(135deg, #fce4ec 0%, #f8bbd0 100%); padding: clamp(35px, 7vw, 50px) 20px; text-align: center; border-bottom: 5px solid #ad1457;\">\n<div style=\"font-size: 45px; margin-bottom: 15px; filter: drop-shadow(0 5px 10px rgba(0,0,0,0.1));\">\ud83c\udf38\u2728\ud83c\udf3a<\/div>\n<h1 style=\"margin: 0; font-size: clamp(20px, 5vw, 26px); color: #880e4f; text-transform: uppercase; letter-spacing: 2px; font-weight: 800; line-height: 1.2;\">\n            Orhidee Violet-Roz<br \/>\n        <\/h1>\n<p style=\"font-size: 14px; color: #ad1457; margin-top: 10px; font-weight: 600; text-transform: uppercase; letter-spacing: 4px;\">Articol: 5006 \u2022 Intensitate Dual\u0103<\/p>\n<\/p><\/div>\n<div style=\"padding: clamp(25px, 6vw, 40px); text-align: center;\">\n<p style=\"font-size: clamp(16px, 4vw, 18px); color: #444444; line-height: 1.8; margin-bottom: 30px; max-width: 550px; margin-left: auto; margin-right: auto; font-weight: 400;\">\n            Surprinde prin elegan\u021b\u0103 \u0219i intensitate! Aceast\u0103 plant\u0103 spectaculoas\u0103 \u00eenc\u00e2nt\u0103 prin cele <strong>dou\u0103 crengu\u021be \u00eenc\u0103rcate<\/strong> cu flori \u00een nuan\u021be profunde de roz \u00eenchis \u0219i violet, oferind un decor floral durabil \u0219i plin de stil, acum pe <strong>iubeste.md<\/strong>.\n        <\/p>\n<div style=\"display: flex; flex-wrap: wrap; justify-content: center; gap: 12px; margin-bottom: 35px;\">\n<div style=\"background: #fff5f8; border: 1px solid #f8bbd0; padding: 10px 18px; border-radius: 12px; color: #ad1457; font-size: 13px; font-weight: bold; flex: 1 1 180px;\">\n                \ud83d\udc96 Roz \u00cenchis &#038; Violet\n            <\/div>\n<div style=\"background: #fff5f8; border: 1px solid #f8bbd0; padding: 10px 18px; border-radius: 12px; color: #ad1457; font-size: 13px; font-weight: bold; flex: 1 1 180px;\">\n                \ud83c\udf3f 2 Tije Florale Bogate\n            <\/div>\n<div style=\"background: #fff5f8; border: 1px solid #f8bbd0; padding: 10px 18px; border-radius: 12px; color: #ad1457; font-size: 13px; font-weight: bold; flex: 1 1 180px;\">\n                \ud83c\udfe0 Decor Durabil\n            <\/div>\n<\/p><\/div>\n<div style=\"background-color: #fafafa; padding: 25px; border-radius: 20px; border-left: 6px solid #ad1457; margin-bottom: 35px; text-align: left;\">\n<p style=\"margin: 0; font-size: 15px; color: #333333; line-height: 1.6;\">\n                <strong>Prezentare Premium:<\/strong> Orhideea este livrat\u0103 cu tije viguroase \u0219i numero\u0219i boboci, \u00eentr-un ambalaj festiv ce subliniaz\u0103 contrastul vibrant al petalelor, gata s\u0103 impresioneze din prima secund\u0103.\n            <\/p>\n<\/p><\/div>\n<p>        <a style=\"display: inline-block; background: #ad1457; color: #ffffff; padding: 18px clamp(35px, 10vw, 65px); border-radius: 50px; font-weight: 900; font-size: 15px; letter-spacing: 1px; text-decoration: none; box-shadow: 0 10px 25px rgba(173, 20, 87, 0.2); transition: 0.3s; cursor: pointer; text-transform: uppercase;\"\n           href=\"#\"\n           onclick=\"document.querySelector('.single_add_to_cart_button').click(); return false;\"><br \/>\n            Adaug\u0103 \u00een co\u0219 pe iubeste.md<br \/>\n        <\/a><\/p>\n<div style=\"margin-top: 35px; font-size: 11px; color: #9e9e9e; font-weight: 700; text-transform: uppercase; letter-spacing: 2px;\">\n            \ud83d\ude9a LIVRARE RAPID\u0102 \u2022 CHI\u0218IN\u0102U \u2022 B\u0102L\u021aI \u2022 TOAT\u0102 MOLDOVA \ud83c\uddf2\ud83c\udde9\n        <\/div>\n<\/p><\/div>\n<div style=\"background-color: #fce4ec; padding: 15px; text-align: center; border-top: 1px solid #f8bbd0;\">\n        <span style=\"font-size: 11px; color: #ad1457; text-transform: uppercase; letter-spacing: 3px; font-weight: bold;\">iubeste.md \u2014 Arta de a oferi emo\u021bii vii<\/span>\n    <\/div>\n<\/div>\n<p>Vezi \u0219i alte buchete dulci pe <a href=\"https:\/\/iubeste.md\/prod-cat\/buchete-din-dulciuri\/\">iubeste.md<\/a> sau urm\u0103re\u0219te-ne pe <a href=\"https:\/\/www.instagram.com\/iubeste.md\/\">Instagram<\/a> pentru inspira\u021bie.<\/p>\n","protected":false},"featured_media":3034,"template":"","meta":[],"product_brand":[],"product_cat":[513],"product_tag":[1526,1529,188,663,697,1531,1528,1530,108,1519,187],"class_list":{"0":"post-3033","1":"product","2":"type-product","3":"status-publish","4":"has-post-thumbnail","6":"product_cat-domashnie-czvety","7":"product_tag-cadou-elegant-aniversare","8":"product_tag-floare-la-ghiveci-5006","9":"product_tag-flori-de-camera","10":"product_tag-iubeste-md","11":"product_tag-livrare-flori-chisinau","12":"product_tag-orhidee-doua-crengute-roz","13":"product_tag-orhidee-phalaenopsis-roz","14":"product_tag-orhidee-purpurie","15":"product_tag-orhideie","16":"product_tag-plante-decorative-moldova","17":"product_tag-187","19":"first","20":"instock","21":"shipping-taxable","22":"purchasable","23":"product-type-simple"},"aioseo_notices":[],"_links":{"self":[{"href":"https:\/\/iubeste.md\/ru\/wp-json\/wp\/v2\/product\/3033","targetHints":{"allow":["GET"]}}],"collection":[{"href":"https:\/\/iubeste.md\/ru\/wp-json\/wp\/v2\/product"}],"about":[{"href":"https:\/\/iubeste.md\/ru\/wp-json\/wp\/v2\/types\/product"}],"wp:featuredmedia":[{"embeddable":true,"href":"https:\/\/iubeste.md\/ru\/wp-json\/wp\/v2\/media\/3034"}],"wp:attachment":[{"href":"https:\/\/iubeste.md\/ru\/wp-json\/wp\/v2\/media?parent=3033"}],"wp:term":[{"taxonomy":"product_brand","embeddable":true,"href":"https:\/\/iubeste.md\/ru\/wp-json\/wp\/v2\/product_brand?post=3033"},{"taxonomy":"product_cat","embeddable":true,"href":"https:\/\/iubeste.md\/ru\/wp-json\/wp\/v2\/product_cat?post=3033"},{"taxonomy":"product_tag","embeddable":true,"href":"https:\/\/iubeste.md\/ru\/wp-json\/wp\/v2\/product_tag?post=3033"}],"curies":[{"name":"wp","href":"https:\/\/api.w.org\/{rel}","templated":true}]}}