{"id":2582,"date":"2021-04-11T11:39:00","date_gmt":"2021-04-11T08:39:00","guid":{"rendered":"http:\/\/iubeste.md\/?post_type=product&#038;p=2582"},"modified":"2026-04-06T23:29:37","modified_gmt":"2026-04-06T20:29:37","slug":"articol-7156","status":"publish","type":"product","link":"https:\/\/iubeste.md\/ru\/product\/articol-7156\/","title":{"rendered":"Set de Baloane &#8220;Rose Gold Dream&#8221; \u2013 Articol: 7156"},"content":{"rendered":"<div style=\"font-family: 'Segoe UI', Roboto, Helvetica, Arial, sans-serif; color: #4a4a4a; line-height: 1.6; max-width: 100%; width: 850px; margin: 20px auto; background-color: #ffffff; border: 1px solid #fce4ec; border-radius: 25px; overflow: hidden; box-shadow: 0 15px 45px rgba(173, 20, 87, 0.1);\">\n<div style=\"background: linear-gradient(135deg, #f8bbd0 0%, #f48fb1 100%); padding: clamp(40px, 8vw, 60px) 20px; text-align: center; border-bottom: 5px solid #ad1457;\">\n<h1 style=\"margin: 0; font-size: clamp(20px, 5vw, 28px); text-transform: uppercase; letter-spacing: 2px; font-weight: 800; color: #ffffff; text-shadow: 1px 1px 3px rgba(0,0,0,0.1);\">Set Baloane Art: 7156<\/h1>\n<div style=\"width: 50px; height: 3px; background: #ffffff; margin: 15px auto; border-radius: 2px;\"><\/div>\n<p style=\"font-size: clamp(14px, 4vw, 18px); font-style: italic; color: #ffffff; font-weight: 400; margin: 0; opacity: 0.95;\">Atmosfer\u0103 romantic\u0103 \u0219i rafinament la superlativ<\/p>\n<\/p><\/div>\n<div style=\"padding: clamp(20px, 5vw, 40px);\">\n<p style=\"font-size: clamp(15px, 3.5vw, 17px); text-align: center; color: #1a1a1a; margin-bottom: 35px; max-width: 750px; margin-left: auto; margin-right: auto;\">\n            Setul 7156 este conceput pentru un impact vizual maxim: <strong>inimile metalizate<\/strong> reflect\u0103 lumina cu elegan\u021b\u0103, \u00een timp ce <strong>baloanele cu confeti<\/strong> adaug\u0103 dinamism. O compozi\u021bie sofisticat\u0103, ancorat\u0103 de o greutate practic\u0103, gata s\u0103 surprind\u0103 imediat ce este livrat\u0103 de <strong>iubeste.md<\/strong>.\n        <\/p>\n<div style=\"display: flex; flex-wrap: wrap; gap: 15px; margin-bottom: 40px; justify-content: center;\">\n<div style=\"flex: 1 1 180px; background: #fffafb; padding: 20px; border-radius: 15px; border: 1px solid #f8bbd0; text-align: center;\">\n                <span style=\"font-size: 24px; display: block;\">\ud83d\udc95<\/span><br \/>\n                <strong style=\"color: #ad1457; font-size: 14px; display: block; margin-top: 5px;\">2 INIMI MARI<\/strong><br \/>\n                <span style=\"font-size: 11px; color: #757575;\">Folie rose gold metalizat\u0103.<\/span>\n            <\/div>\n<div style=\"flex: 1 1 180px; background: #fffafb; padding: 20px; border-radius: 15px; border: 1px solid #f8bbd0; text-align: center;\">\n                <span style=\"font-size: 24px; display: block;\">\ud83c\udf88<\/span><br \/>\n                <strong style=\"color: #ad1457; font-size: 14px; display: block; margin-top: 5px;\">9 BALOANE LATEX<\/strong><br \/>\n                <span style=\"font-size: 11px; color: #757575;\">Roz pal, alb mat \u0219i confeti.<\/span>\n            <\/div>\n<div style=\"flex: 1 1 180px; background: #fffafb; padding: 20px; border-radius: 15px; border: 1px solid #f8bbd0; text-align: center;\">\n                <span style=\"font-size: 24px; display: block;\">\u2693<\/span><br \/>\n                <strong style=\"color: #ad1457; font-size: 14px; display: block; margin-top: 5px;\">GREUTATE INCLUS\u0102<\/strong><br \/>\n                <span style=\"font-size: 11px; color: #757575;\">Stabilitate \u0219i ordine estetic\u0103.<\/span>\n            <\/div><\/div>\n<div style=\"background-color: #fffafb; padding: clamp(20px, 4vw, 30px); border-radius: 20px; margin-bottom: 40px; border-left: 8px solid #ad1457;\">\n<h3 style=\"color: #ad1457; margin-top: 0; font-size: 18px; text-transform: uppercase; font-weight: 800;\">Ideal pentru momente magice \u2728<\/h3>\n<ul style=\"font-size: 14px; color: #4a4a4a; padding-left: 20px; margin-bottom: 0;\">\n<li style=\"margin-bottom: 8px;\"><strong>Anivers\u0103ri &#038; Cereri:<\/strong> Inimile transmit un mesaj profund de dragoste.<\/li>\n<li style=\"margin-bottom: 8px;\"><strong>Zile de Na\u0219tere:<\/strong> Nuan\u021bele pastelate, preferatele doamnelor \u0219i domni\u0219oarelor.<\/li>\n<li style=\"margin-bottom: 8px;\"><strong>Botez &#038; Baby Shower:<\/strong> O cromatic\u0103 delicat\u0103 pentru decoruri suave.<\/li>\n<li><strong>Gata de Folosit:<\/strong> Livr\u0103m setul umflat \u0219i aranjat \u00een Chi\u0219in\u0103u, B\u0103l\u021bi \u0219i tot Nordul.<\/li>\n<\/ul><\/div>\n<div style=\"display: flex; flex-wrap: wrap; gap: 20px; margin-bottom: 40px;\">\n<div style=\"flex: 1 1 300px; border: 1px solid #eeeeee; padding: 25px; border-radius: 20px; background: #ffffff;\">\n<h3 style=\"color: #ad1457; margin-top: 0; font-size: 17px; border-bottom: 2px solid #fce4ec; padding-bottom: 10px; font-weight: 800;\">\u00centreb\u0103ri Frecvente \u2753<\/h3>\n<div style=\"font-size: 13px; margin-top: 15px;\">\n<p><strong>C\u00e2t timp plutesc?<\/strong><br \/>Inimile plutesc peste o s\u0103pt\u0103m\u00e2n\u0103; latexul tratat plute\u0219te c\u00e2teva zile.<\/p>\n<p><strong>Personalizare?<\/strong><br \/>Contacta\u021bi-ne pentru a verifica schimbarea nuan\u021belor de latex.<\/p>\n<\/p><\/div><\/div>\n<div style=\"flex: 1 1 300px; border: 1px solid #c5a059; padding: 25px; border-radius: 20px; background: #fffdf9;\">\n<h3 style=\"color: #c5a059; margin-top: 0; font-size: 17px; border-bottom: 2px solid #f1f1f1; padding-bottom: 10px; font-weight: 800;\">Sugestii de Asortare \ud83c\udf81<\/h3>\n<div style=\"font-size: 13px; margin-top: 15px;\">\n<p><strong>\ud83c\udf6c Dulce:<\/strong> Bomboane Raffaello (estetic\u0103 alb\u0103 impecabil\u0103).<\/p>\n<p><strong>\ud83c\udf6b Gourmet:<\/strong> Ciocolat\u0103 Heidi Dark Sour Cherry sau Orange.<\/p>\n<p><strong>\ud83e\udd42 Toast:<\/strong> Spumant Bacio di Bolle White Moscato.<\/p>\n<\/p><\/div><\/div><\/div>\n<div style=\"background: #ad1457; padding: clamp(30px, 6vw, 50px) 20px; border-radius: 30px; text-align: center; box-shadow: 0 10px 30px rgba(173, 20, 87, 0.3);\">\n<p style=\"font-size: clamp(18px, 4.5vw, 22px); color: #ffffff; margin-bottom: 15px; font-weight: 800;\">\ud83c\udf1f Surprinde-i cu stil!<\/p>\n<p style=\"font-size: 14px; color: #ffffff; margin-bottom: 25px; font-weight: 400; opacity: 0.9;\">\n                Comand\u0103 Setul 7156 pe <strong>iubeste.md<\/strong> \u0219i transform\u0103 o zi obi\u0219nuit\u0103 \u00eentr-o s\u0103rb\u0103toare plin\u0103 de str\u0103lucire.\n            <\/p>\n<p>            <a href=\"https:\/\/iubeste.md\" style=\"display: inline-block; background-color: #ffffff; color: #ad1457; padding: 15px clamp(25px, 6vw, 50px); border-radius: 10px; font-weight: 900; text-decoration: none; font-size: 15px; text-transform: uppercase; letter-spacing: 1px;\">Comand\u0103 pe iubeste.md<\/a><\/p>\n<div style=\"margin-top: 25px; font-size: 11px; color: #ffffff; font-weight: 700; text-transform: uppercase; letter-spacing: 2px; opacity: 0.8;\">\n                \ud83c\udf88 HELIU INCLUS \u2022 LIVRARE RAPID\u0102 NORD \ud83d\ude9a\u2728\n            <\/div><\/div><\/div>\n<\/div>\n","protected":false},"excerpt":{"rendered":"<div style=\"font-family: 'Segoe UI', Roboto, Helvetica, Arial, sans-serif; color: #4a4a4a; line-height: 1.6; max-width: 100%; width: 850px; margin: 20px auto; background-color: #ffffff; border: 1px solid #fce4ec; border-radius: 25px; overflow: hidden; box-shadow: 0 15px 45px rgba(173, 20, 87, 0.1);\">\n<div style=\"background: linear-gradient(135deg, #f8bbd0 0%, #f48fb1 100%); padding: clamp(40px, 8vw, 60px) 20px; text-align: center; border-bottom: 5px solid #ad1457;\">\n<h1 style=\"margin: 0; font-size: clamp(20px, 5vw, 28px); text-transform: uppercase; letter-spacing: 2px; font-weight: 800; color: #ffffff; text-shadow: 1px 1px 3px rgba(0,0,0,0.1);\">Set Baloane Art: 7156<\/h1>\n<div style=\"width: 50px; height: 3px; background: #ffffff; margin: 15px auto; border-radius: 2px;\"><\/div>\n<p style=\"font-size: clamp(14px, 4vw, 18px); font-style: italic; color: #ffffff; font-weight: 400; margin: 0; opacity: 0.95;\">S\u0103rb\u0103toare plin\u0103 de stil \u0219i str\u0103lucire \u2013 Disponibil pe iubeste.md<\/p>\n<\/p><\/div>\n<div style=\"padding: clamp(20px, 5vw, 40px);\">\n<p style=\"font-size: clamp(15px, 3.5vw, 18px); text-align: center; color: #1a1a1a; margin-bottom: clamp(25px, 5vw, 40px); border-bottom: 1px solid #fce4ec; padding-bottom: 25px; max-width: 750px; margin-left: auto; margin-right: auto; font-weight: 400;\">\n            Transform\u0103 orice moment \u00eentr-o celebrare memorabil\u0103 cu <strong>Setul 7156<\/strong>. Aceast\u0103 compozi\u021bie armonioas\u0103 combin\u0103 str\u0103lucirea <strong>inimilor rose gold<\/strong> cu delicate\u021bea baloanelor pastelate \u0219i sclipirea magic\u0103 a <strong>confetiului<\/strong>, totul gata de livrare pentru a surprinde persoana iubit\u0103.\n        <\/p>\n<div style=\"display: flex; flex-wrap: wrap; gap: 15px; margin-bottom: 40px; justify-content: center;\">\n<div style=\"flex: 1 1 200px; background: #fffafb; padding: 25px; border-radius: 15px; border: 1px solid #f8bbd0; text-align: center;\">\n                <span style=\"font-size: 35px; display: block; margin-bottom: 10px;\">\ud83d\udc96<\/span><br \/>\n                <strong style=\"color: #ad1457; font-size: 15px; display: block; text-transform: uppercase;\">Inimi Rose Gold<\/strong><br \/>\n                <span style=\"font-size: 12px; color: #757575;\">Str\u0103lucire metalizat\u0103 premium.<\/span>\n            <\/div>\n<div style=\"flex: 1 1 200px; background: #fffafb; padding: 25px; border-radius: 15px; border: 1px solid #f8bbd0; text-align: center;\">\n                <span style=\"font-size: 35px; display: block; margin-bottom: 10px;\">\ud83c\udf38<\/span><br \/>\n                <strong style=\"color: #ad1457; font-size: 15px; display: block; text-transform: uppercase;\">Baloane Pastel<\/strong><br \/>\n                <span style=\"font-size: 12px; color: #757575;\">Nuan\u021be delicate \u0219i catifelate.<\/span>\n            <\/div>\n<div style=\"flex: 1 1 200px; background: #fffafb; padding: 25px; border-radius: 15px; border: 1px solid #f8bbd0; text-align: center;\">\n                <span style=\"font-size: 35px; display: block; margin-bottom: 10px;\">\u2728<\/span><br \/>\n                <strong style=\"color: #ad1457; font-size: 15px; display: block; text-transform: uppercase;\">Magic Confetti<\/strong><br \/>\n                <span style=\"font-size: 12px; color: #757575;\">Efect vizual festiv \u0219i juc\u0103u\u0219.<\/span>\n            <\/div>\n<\/p><\/div>\n<div style=\"background-color: #ad1457; padding: clamp(25px, 4vw, 35px); border-radius: 20px; margin-bottom: 40px; border-left: clamp(5px, 1.5vw, 10px) solid #f48fb1; box-shadow: 0 10px 20px rgba(173, 20, 87, 0.2);\">\n<h3 style=\"color: #ffffff; margin-top: 0; font-size: clamp(17px, 4vw, 20px); text-transform: uppercase; font-weight: 800; letter-spacing: 1px;\">Livrare Direct la Loca\u021bia Petrecerii \ud83d\udce6<\/h3>\n<p style=\"font-size: clamp(14px, 3.5vw, 16px); color: #ffffff; font-weight: 500; margin-bottom: 0; line-height: 1.6;\">\n                Echipa <span style=\"color: #f8bbd0; font-weight: 800;\">iubeste.md<\/span> asigur\u0103 livrarea prompt\u0103 \u00een <span style=\"color: #ffffff; text-decoration: underline;\">B\u0103l\u021bi, Chi\u0219in\u0103u, Orhei<\/span> \u0219i \u00een localit\u0103\u021bile din Nord. Baloanele ajung <span style=\"color: #ffffff; font-weight: 800;\">GATA UMFLATE CU HELIU<\/span>, preg\u0103tite s\u0103 aduc\u0103 z\u00e2mbete instantaneu!\n            <\/p>\n<\/p><\/div>\n<div style=\"background: #ffffff; border: 2px solid #ad1457; padding: clamp(30px, 6vw, 45px) 20px; border-radius: 30px; text-align: center;\">\n<p style=\"font-size: clamp(18px, 4.5vw, 22px); color: #ad1457; margin-bottom: 15px; font-weight: 800;\">\ud83c\udf1f Creeaz\u0103 un decor memorabil!<\/p>\n<p style=\"font-size: clamp(14px, 3.5vw, 16px); color: #757575; margin-bottom: 25px; font-weight: 400;\">\n                Comand\u0103 acum Setul 7156 pe <strong>iubeste.md<\/strong> \u0219i ofer\u0103 o surpriz\u0103 vizual\u0103 care va r\u0103m\u00e2ne \u00een amintiri (\u0219i fotografii) pentru totdeauna.\n            <\/p>\n<p>            <a href=\"https:\/\/iubeste.md\" style=\"display: inline-block; background-color: #ad1457; color: #ffffff; padding: 15px clamp(25px, 6vw, 50px); border-radius: 10px; font-weight: 900; text-decoration: none; font-size: 15px; text-transform: uppercase; letter-spacing: 1px; transition: 0.3s;\">Comand\u0103 pe iubeste.md<\/a><\/p>\n<div style=\"margin-top: 25px; font-size: 11px; color: #ad1457; font-weight: 700; text-transform: uppercase; letter-spacing: 2px; opacity: 0.8;\">\n                \ud83c\udf88 HELIU INCLUS \u2022 LIVRARE PRIORITAR\u0102 \ud83d\ude9a\u2728\n            <\/div>\n<\/p><\/div>\n<\/p><\/div>\n<\/div>\n<p>Vezi \u0219i alte buchete dulci pe <a href=\"https:\/\/iubeste.md\/prod-cat\/buchete-din-dulciuri\/\">iubeste.md<\/a> sau urm\u0103re\u0219te-ne pe <a href=\"https:\/\/www.instagram.com\/iubeste.md\/\">Instagram<\/a> pentru inspira\u021bie.<\/p>\n","protected":false},"featured_media":3331,"template":"","meta":[],"product_brand":[],"product_cat":[502],"product_tag":[141,1405,1402,1404,1408,1406,663,1407,1403,587],"class_list":{"0":"post-2582","1":"product","2":"type-product","3":"status-publish","4":"has-post-thumbnail","6":"product_cat-vozdushnye-shary","7":"product_tag-baloane","8":"product_tag-baloane-confeti","9":"product_tag-baloane-cu-heliu","10":"product_tag-baloane-inima-rose-gold","11":"product_tag-baloane-roz-si-alb","12":"product_tag-decor-evenimente-balti","13":"product_tag-iubeste-md","14":"product_tag-livrare-baloane-chisinau","15":"product_tag-set-baloane-7156","16":"product_tag-surprize-la-domiciliu","18":"first","19":"instock","20":"shipping-taxable","21":"purchasable","22":"product-type-simple"},"aioseo_notices":[],"_links":{"self":[{"href":"https:\/\/iubeste.md\/ru\/wp-json\/wp\/v2\/product\/2582","targetHints":{"allow":["GET"]}}],"collection":[{"href":"https:\/\/iubeste.md\/ru\/wp-json\/wp\/v2\/product"}],"about":[{"href":"https:\/\/iubeste.md\/ru\/wp-json\/wp\/v2\/types\/product"}],"wp:featuredmedia":[{"embeddable":true,"href":"https:\/\/iubeste.md\/ru\/wp-json\/wp\/v2\/media\/3331"}],"wp:attachment":[{"href":"https:\/\/iubeste.md\/ru\/wp-json\/wp\/v2\/media?parent=2582"}],"wp:term":[{"taxonomy":"product_brand","embeddable":true,"href":"https:\/\/iubeste.md\/ru\/wp-json\/wp\/v2\/product_brand?post=2582"},{"taxonomy":"product_cat","embeddable":true,"href":"https:\/\/iubeste.md\/ru\/wp-json\/wp\/v2\/product_cat?post=2582"},{"taxonomy":"product_tag","embeddable":true,"href":"https:\/\/iubeste.md\/ru\/wp-json\/wp\/v2\/product_tag?post=2582"}],"curies":[{"name":"wp","href":"https:\/\/api.w.org\/{rel}","templated":true}]}}