{"id":2576,"date":"2021-04-11T11:35:19","date_gmt":"2021-04-11T08:35:19","guid":{"rendered":"http:\/\/iubeste.md\/?post_type=product&#038;p=2576"},"modified":"2026-04-07T00:09:00","modified_gmt":"2026-04-06T21:09:00","slug":"articol-7153","status":"publish","type":"product","link":"https:\/\/iubeste.md\/ru\/product\/articol-7153\/","title":{"rendered":"Set de Baloane Personalizat Aniversar \u2013 Articol: 7153"},"content":{"rendered":"<div style=\"font-family: 'Segoe UI', Roboto, Helvetica, Arial, sans-serif; color: #2d3748; line-height: 1.6; max-width: 100%; width: 850px; margin: 20px auto; background-color: #ffffff; border: 1px solid #fce4ec; border-radius: 25px; overflow: hidden; box-shadow: 0 15px 45px rgba(173, 20, 87, 0.1);\">\n<div style=\"background: linear-gradient(135deg, #ec4899 0%, #be185d 100%); padding: clamp(40px, 8vw, 60px) 20px; text-align: center; border-bottom: 5px solid #9d174d;\">\n<h1 style=\"margin: 0; font-size: clamp(20px, 5vw, 28px); text-transform: uppercase; letter-spacing: 2px; font-weight: 800; color: #ffffff; text-shadow: 1px 1px 3px rgba(0,0,0,0.2);\">Set Aniversar Art: 7153<\/h1>\n<div style=\"width: 50px; height: 3px; background: #ffffff; margin: 15px auto; border-radius: 2px;\"><\/div>\n<p style=\"font-size: clamp(14px, 4vw, 18px); font-style: italic; color: #fce4ec; font-weight: 400; margin: 0; opacity: 0.95;\">Versatilitate, lux \u0219i personalizare total\u0103<\/p>\n<\/p><\/div>\n<div style=\"padding: clamp(20px, 5vw, 40px);\">\n<p style=\"font-size: clamp(15px, 3.5vw, 17px); text-align: center; color: #831843; margin-bottom: 35px; max-width: 750px; margin-left: auto; margin-right: auto;\">\n            Setul 7153 define\u0219te elegan\u021ba modern\u0103 prin mixul de <strong>roz chrome, argintiu \u0219i pene delicate<\/strong>. Punctul focal este format din dou\u0103 cifre gigantice \u0219i un balon <strong>Bubbles personalizabil<\/strong> cu mesajul t\u0103u, cre\u00e2nd un decor de lux gata de livrare prin <strong>iubeste.md<\/strong>.\n        <\/p>\n<div style=\"display: flex; flex-wrap: wrap; gap: 15px; margin-bottom: 40px; justify-content: center;\">\n<div style=\"flex: 1 1 180px; background: #fffafb; padding: 20px; border-radius: 15px; border: 1px solid #fbcfe8; text-align: center;\">\n                <span style=\"font-size: 24px; display: block;\">\ud83d\udd22<\/span><br \/>\n                <strong style=\"color: #be185d; font-size: 14px; display: block; margin-top: 5px;\">2 CIFRE GIGANT<\/strong><br \/>\n                <span style=\"font-size: 11px; color: #4a5568;\">Folie argintie (orice cifr\u0103).<\/span>\n            <\/div>\n<div style=\"flex: 1 1 180px; background: #fffafb; padding: 20px; border-radius: 15px; border: 1px solid #fbcfe8; text-align: center;\">\n                <span style=\"font-size: 24px; display: block;\">\ud83d\udcad<\/span><br \/>\n                <strong style=\"color: #be185d; font-size: 14px; display: block; margin-top: 5px;\">BALON BUBBLES<\/strong><br \/>\n                <span style=\"font-size: 11px; color: #4a5568;\">Transparent, pene &#038; text custom.<\/span>\n            <\/div>\n<div style=\"flex: 1 1 180px; background: #fffafb; padding: 20px; border-radius: 15px; border: 1px solid #fbcfe8; text-align: center;\">\n                <span style=\"font-size: 24px; display: block;\">\ud83c\udf88<\/span><br \/>\n                <strong style=\"color: #be185d; font-size: 14px; display: block; margin-top: 5px;\">8 BALOANE LATEX<\/strong><br \/>\n                <span style=\"font-size: 11px; color: #4a5568;\">Roz chrome, argintiu &#038; pastel.<\/span>\n            <\/div><\/div>\n<div style=\"background-color: #fffafb; padding: clamp(20px, 4vw, 30px); border-radius: 20px; margin-bottom: 40px; border-left: 8px solid #be185d;\">\n<h3 style=\"color: #be185d; margin-top: 0; font-size: 18px; text-transform: uppercase; font-weight: 800;\">Perfect pentru momente de referin\u021b\u0103 \ud83c\udf80<\/h3>\n<ul style=\"font-size: 14px; color: #2d3748; padding-left: 20px; margin-bottom: 0;\">\n<li style=\"margin-bottom: 8px;\"><strong>Jubilee:<\/strong> Ideal pentru 18, 20, 30 sau 50 de ani.<\/li>\n<li style=\"margin-bottom: 8px;\"><strong>Anivers\u0103ri:<\/strong> Cifrele pot reprezenta anii de rela\u021bie sau c\u0103snicie.<\/li>\n<li style=\"margin-bottom: 8px;\"><strong>Corporate:<\/strong> Celebreaz\u0103 cu stil anii de succes ai companiei.<\/li>\n<li><strong>Livrare &#8220;La Cheie&#8221;:<\/strong> Prime\u0219ti setul complet umflat \u00een Chi\u0219in\u0103u, B\u0103l\u021bi \u0219i tot Nordul.<\/li>\n<\/ul><\/div>\n<div style=\"display: flex; flex-wrap: wrap; gap: 20px; margin-bottom: 40px;\">\n<div style=\"flex: 1 1 300px; border: 1px solid #fce4ec; padding: 25px; border-radius: 20px; background: #ffffff;\">\n<h3 style=\"color: #be185d; margin-top: 0; font-size: 17px; border-bottom: 2px solid #fce4ec; padding-bottom: 10px; font-weight: 800;\">\u00centreb\u0103ri Frecvente \u2753<\/h3>\n<div style=\"font-size: 13px; margin-top: 15px;\">\n<p><strong>Ce scriem pe Bubbles?<\/strong><br \/>Orice mesaj scurt (nume, date, &#8220;La mul\u021bi ani!&#8221;).<\/p>\n<p><strong>Alte culori la cifre?<\/strong><br \/>Contacta\u021bi-ne pentru auriu sau rose gold \u00een func\u021bie de stoc.<\/p>\n<\/p><\/div><\/div>\n<div style=\"flex: 1 1 300px; border: 1px solid #d4d4d4; padding: 25px; border-radius: 20px; background: #fafafa;\">\n<h3 style=\"color: #444; margin-top: 0; font-size: 17px; border-bottom: 2px solid #eeeeee; padding-bottom: 10px; font-weight: 800;\">Sugestii de Asortare \ud83c\udf81<\/h3>\n<div style=\"font-size: 13px; margin-top: 15px;\">\n<p><strong>\ud83c\udf6b Dulce:<\/strong> Ferrero Rocher (300g) sau Heidi Dark Intense 75%.<\/p>\n<p><strong>\ud83e\udd42 Celebrare:<\/strong> Spumant Bacio di Bolle sau Bacardi Carta Negra.<\/p>\n<\/p><\/div><\/div><\/div>\n<div style=\"background: #be185d; padding: clamp(30px, 6vw, 50px) 20px; border-radius: 30px; text-align: center; box-shadow: 0 10px 30px rgba(190, 24, 93, 0.3);\">\n<p style=\"font-size: clamp(18px, 4.5vw, 22px); color: #ffffff; margin-bottom: 15px; font-weight: 800;\">\ud83c\udf1f Creeaz\u0103 o surpriz\u0103 de impact!<\/p>\n<p style=\"font-size: 14px; color: #ffffff; margin-bottom: 25px; font-weight: 400; opacity: 0.9;\">\n                Alege Setul 7153 pe <strong>iubeste.md<\/strong> \u0219i personalizeaz\u0103-\u021bi s\u0103rb\u0103toarea exact a\u0219a cum ai visat.\n            <\/p>\n<p>            <a style=\"display: inline-block; background-color: #ffffff; color: #be185d; padding: 18px clamp(30px, 8vw, 60px); border-radius: 12px; font-weight: 900; text-decoration: none; font-size: 16px; text-transform: uppercase; letter-spacing: 1px; transition: 0.3s; cursor: pointer; box-shadow: 0 5px 15px rgba(0,0,0,0.1);\" \n               href=\"#\" \n               onclick=\"document.querySelector('.single_add_to_cart_button').click(); return false;\"><br \/>\n               Comand\u0103 pe iubeste.md<br \/>\n            <\/a><\/p>\n<div style=\"margin-top: 25px; font-size: 11px; color: #ffffff; font-weight: 700; text-transform: uppercase; letter-spacing: 2px; opacity: 0.8;\">\n                \ud83c\udf88 HELIU INCLUS \u2022 MESAJ PERSONALIZAT \u2022 LIVRARE RAPID\u0102 \ud83d\ude9a\u2728\n            <\/div><\/div><\/div>\n<\/div>\n","protected":false},"excerpt":{"rendered":"<div style=\"font-family: 'Segoe UI', Roboto, Helvetica, Arial, sans-serif; color: #2d3748; line-height: 1.6; max-width: 100%; width: 850px; margin: 20px auto; background-color: #ffffff; border: 1px solid #fef3c7; border-radius: 25px; overflow: hidden; box-shadow: 0 15px 45px rgba(217, 119, 6, 0.1);\">\n<div style=\"background: linear-gradient(135deg, #d97706 0%, #f59e0b 100%); padding: clamp(40px, 8vw, 60px) 20px; text-align: center; border-bottom: 5px solid #b45309;\">\n<h1 style=\"margin: 0; font-size: clamp(20px, 5vw, 28px); text-transform: uppercase; letter-spacing: 2px; font-weight: 800; color: #ffffff; text-shadow: 1px 1px 3px rgba(0,0,0,0.2);\">Set Aniversar Art: 7153<\/h1>\n<div style=\"width: 50px; height: 3px; background: #ffffff; margin: 15px auto; border-radius: 2px;\"><\/div>\n<p style=\"font-size: clamp(14px, 4vw, 18px); font-style: italic; color: #fef3c7; font-weight: 400; margin: 0; opacity: 0.95;\">Personalizare unic\u0103 pentru momente memorabile<\/p>\n<\/p><\/div>\n<div style=\"padding: clamp(20px, 5vw, 40px);\">\n<p style=\"font-size: clamp(15px, 3.5vw, 18px); text-align: center; color: #92400e; margin-bottom: clamp(25px, 5vw, 40px); border-bottom: 1px solid #fef3c7; padding-bottom: 25px; max-width: 750px; margin-left: auto; margin-right: auto; font-weight: 400;\">\n            Marcheaz\u0103 o born\u0103 important\u0103 din via\u021b\u0103 cu <strong>Setul 7153<\/strong>, o compozi\u021bie premium creat\u0103 pentru a transforma orice aniversare \u00eentr-un eveniment spectaculos. Disponibil pe <strong>iubeste.md<\/strong>, acest set \u00ee\u021bi ofer\u0103 libertatea de a personaliza <strong>mesajul \u0219i cifrele<\/strong>, fiind decorul ideal pentru amintiri de neuitat.\n        <\/p>\n<div style=\"display: flex; flex-wrap: wrap; gap: 15px; margin-bottom: 40px; justify-content: center;\">\n<div style=\"flex: 1 1 200px; background: #fffdfa; padding: 25px; border-radius: 15px; border: 1px solid #fde68a; text-align: center;\">\n                <span style=\"font-size: 35px; display: block; margin-bottom: 10px;\">\ud83d\udd22<\/span><br \/>\n                <strong style=\"color: #b45309; font-size: 15px; display: block; text-transform: uppercase;\">Cifre Gigant<\/strong><br \/>\n                <span style=\"font-size: 12px; color: #78350f;\">Alege orice combina\u021bie de v\u00e2rst\u0103.<\/span>\n            <\/div>\n<div style=\"flex: 1 1 200px; background: #fffdfa; padding: 25px; border-radius: 15px; border: 1px solid #fde68a; text-align: center;\">\n                <span style=\"font-size: 35px; display: block; margin-bottom: 10px;\">\u270d\ufe0f<\/span><br \/>\n                <strong style=\"color: #b45309; font-size: 15px; display: block; text-transform: uppercase;\">Mesaj Custom<\/strong><br \/>\n                <span style=\"font-size: 12px; color: #78350f;\">Textul t\u0103u pe balonul central.<\/span>\n            <\/div>\n<div style=\"flex: 1 1 200px; background: #fffdfa; padding: 25px; border-radius: 15px; border: 1px solid #fde68a; text-align: center;\">\n                <span style=\"font-size: 35px; display: block; margin-bottom: 10px;\">\ud83d\udcf8<\/span><br \/>\n                <strong style=\"color: #b45309; font-size: 15px; display: block; text-transform: uppercase;\">Photo Ready<\/strong><br \/>\n                <span style=\"font-size: 12px; color: #78350f;\">Impact vizual maxim \u00een poze.<\/span>\n            <\/div>\n<\/p><\/div>\n<div style=\"background-color: #d97706; padding: clamp(25px, 4vw, 35px); border-radius: 20px; margin-bottom: 40px; border-left: clamp(5px, 1.5vw, 10px) solid #b45309; box-shadow: 0 10px 20px rgba(217, 119, 6, 0.15);\">\n<h3 style=\"color: #ffffff; margin-top: 0; font-size: clamp(17px, 4vw, 20px); text-transform: uppercase; font-weight: 800; letter-spacing: 1px;\">Livrare Personalizat\u0103 \u00een Moldova \ud83d\udce6<\/h3>\n<p style=\"font-size: clamp(14px, 3.5vw, 16px); color: #ffffff; font-weight: 500; margin-bottom: 0; line-height: 1.6;\">\n                Echipa <span style=\"color: #fef3c7; font-weight: 800;\">iubeste.md<\/span> se ocup\u0103 de tot! Livr\u0103m \u00een <span style=\"color: #ffffff; text-decoration: underline;\">B\u0103l\u021bi, Chi\u0219in\u0103u, Orhei<\/span> \u0219i \u00een localit\u0103\u021bile din Nord. Setul ajunge <strong>UMFLAT CU HELIU<\/strong> \u0219i gata configurat cu mesajul t\u0103u ales!\n            <\/p>\n<\/p><\/div>\n<div style=\"background: #ffffff; border: 2px solid #d97706; padding: clamp(30px, 6vw, 45px) 20px; border-radius: 30px; text-align: center;\">\n<p style=\"font-size: clamp(18px, 4.5vw, 22px); color: #b45309; margin-bottom: 15px; font-weight: 800;\">\ud83c\udf1f Creeaz\u0103 o aniversare de vis!<\/p>\n<p style=\"font-size: clamp(14px, 3.5vw, 16px); color: #78350f; margin-bottom: 25px; font-weight: 400;\">\n                Comand\u0103 acum Setul 7153 pe <strong>iubeste.md<\/strong> \u0219i ofer\u0103 o surpriz\u0103 care va r\u0103m\u00e2ne \u00een amintiri pentru totdeauna.\n            <\/p>\n<p>            <a style=\"display: inline-block; background-color: #d97706; color: #ffffff; padding: 18px clamp(30px, 8vw, 60px); border-radius: 12px; font-weight: 900; text-decoration: none; font-size: 16px; text-transform: uppercase; letter-spacing: 1px; transition: 0.3s; cursor: pointer; box-shadow: 0 8px 20px rgba(217, 119, 6, 0.3);\" \n               href=\"#\" \n               onclick=\"document.querySelector('.single_add_to_cart_button').click(); return false;\"><br \/>\n               Comand\u0103 pe iubeste.md<br \/>\n            <\/a><\/p>\n<div style=\"margin-top: 25px; font-size: 11px; color: #d97706; font-weight: 700; text-transform: uppercase; letter-spacing: 2px; opacity: 0.8;\">\n                \ud83c\udf88 HELIU INCLUS \u2022 TEXT PERSONALIZAT \u2022 LIVRARE RAPID\u0102 \ud83d\ude9a\u2728\n            <\/div>\n<\/p><\/div>\n<\/p><\/div>\n<\/div>\n<p>Vezi \u0219i alte buchete dulci pe <a href=\"https:\/\/iubeste.md\/prod-cat\/buchete-din-dulciuri\/\">iubeste.md<\/a> sau urm\u0103re\u0219te-ne pe <a href=\"https:\/\/www.instagram.com\/iubeste.md\/\">Instagram<\/a> pentru inspira\u021bie.<\/p>\n","protected":false},"featured_media":3325,"template":"","meta":[],"product_brand":[],"product_cat":[502],"product_tag":[141,1415,1419,1420,1416,1418,663,1226,1417,587],"class_list":{"0":"post-2576","1":"product","2":"type-product","3":"status-publish","4":"has-post-thumbnail","6":"product_cat-vozdushnye-shary","7":"product_tag-baloane","8":"product_tag-baloane-cifre","9":"product_tag-baloane-cu-heliu-chisinau","10":"product_tag-baloane-roz-chrome-si-argintii","11":"product_tag-balon-bubbles-personalizat","12":"product_tag-decor-aniversare-30-ani","13":"product_tag-iubeste-md","14":"product_tag-livrare-baloane-balti","15":"product_tag-set-baloane-7153","16":"product_tag-surprize-la-domiciliu","18":"first","19":"instock","20":"shipping-taxable","21":"purchasable","22":"product-type-simple"},"aioseo_notices":[],"_links":{"self":[{"href":"https:\/\/iubeste.md\/ru\/wp-json\/wp\/v2\/product\/2576","targetHints":{"allow":["GET"]}}],"collection":[{"href":"https:\/\/iubeste.md\/ru\/wp-json\/wp\/v2\/product"}],"about":[{"href":"https:\/\/iubeste.md\/ru\/wp-json\/wp\/v2\/types\/product"}],"wp:featuredmedia":[{"embeddable":true,"href":"https:\/\/iubeste.md\/ru\/wp-json\/wp\/v2\/media\/3325"}],"wp:attachment":[{"href":"https:\/\/iubeste.md\/ru\/wp-json\/wp\/v2\/media?parent=2576"}],"wp:term":[{"taxonomy":"product_brand","embeddable":true,"href":"https:\/\/iubeste.md\/ru\/wp-json\/wp\/v2\/product_brand?post=2576"},{"taxonomy":"product_cat","embeddable":true,"href":"https:\/\/iubeste.md\/ru\/wp-json\/wp\/v2\/product_cat?post=2576"},{"taxonomy":"product_tag","embeddable":true,"href":"https:\/\/iubeste.md\/ru\/wp-json\/wp\/v2\/product_tag?post=2576"}],"curies":[{"name":"wp","href":"https:\/\/api.w.org\/{rel}","templated":true}]}}