{"id":2568,"date":"2021-04-11T11:30:40","date_gmt":"2021-04-11T08:30:40","guid":{"rendered":"http:\/\/iubeste.md\/?post_type=product&#038;p=2568"},"modified":"2026-04-07T00:12:07","modified_gmt":"2026-04-06T21:12:07","slug":"articol-7149","status":"publish","type":"product","link":"https:\/\/iubeste.md\/ru\/product\/articol-7149\/","title":{"rendered":"Set de Baloane Personalizat &#8220;Mama&#8221; \u2013 Articol: 7149"},"content":{"rendered":"<div style=\"font-family: 'Segoe UI', Roboto, Helvetica, Arial, sans-serif; color: #2d3748; line-height: 1.6; max-width: 100%; width: 850px; margin: 20px auto; background-color: #ffffff; border: 1px solid #fce4ec; border-radius: 25px; overflow: hidden; box-shadow: 0 15px 45px rgba(236, 72, 153, 0.1);\">\n<div style=\"background: linear-gradient(135deg, #f472b6 0%, #db2777 100%); padding: clamp(40px, 8vw, 60px) 20px; text-align: center; border-bottom: 5px solid #be185d;\">\n<h1 style=\"margin: 0; font-size: clamp(20px, 5vw, 28px); text-transform: uppercase; letter-spacing: 2px; font-weight: 800; color: #ffffff; text-shadow: 1px 1px 3px rgba(0,0,0,0.2);\">Set Tandre\u021be Art: 7149<\/h1>\n<div style=\"width: 50px; height: 3px; background: #ffffff; margin: 15px auto; border-radius: 2px;\"><\/div>\n<p style=\"font-size: clamp(14px, 4vw, 18px); font-style: italic; color: #fce4ec; font-weight: 400; margin: 0; opacity: 0.95;\">Mesajul t\u0103u, emo\u021bia lor \u2013 Disponibil pe iubeste.md<\/p>\n<\/p><\/div>\n<div style=\"padding: clamp(20px, 5vw, 40px);\">\n<p style=\"font-size: clamp(15px, 3.5vw, 17px); text-align: center; color: #9d174d; margin-bottom: 35px; max-width: 750px; margin-left: auto; margin-right: auto;\">\n            Setul 7149 este o pies\u0103 de decor premium ce eman\u0103 tandre\u021be \u0219i stil. Elementul central, un balon <strong>Bubbles cu pene diafane<\/strong>, poate fi inscrip\u021bionat cu orice mesaj de suflet. Mixul de <strong>roz chrome \u0219i argintiu<\/strong> creeaz\u0103 un contrast vizual spectaculos, livrat gata asamblat prin <strong>iubeste.md<\/strong>.\n        <\/p>\n<div style=\"display: flex; flex-wrap: wrap; gap: 15px; margin-bottom: 40px; justify-content: center;\">\n<div style=\"flex: 1 1 180px; background: #fffafb; padding: 20px; border-radius: 15px; border: 1px solid #fbcfe8; text-align: center;\">\n                <span style=\"font-size: 24px; display: block;\">\ud83d\udcad<\/span><br \/>\n                <strong style=\"color: #db2777; font-size: 14px; display: block; margin-top: 5px;\">BUBBLES CUSTOM<\/strong><br \/>\n                <span style=\"font-size: 11px; color: #4a5568;\">Transparent, pene roz &#038; text la alegere.<\/span>\n            <\/div>\n<div style=\"flex: 1 1 180px; background: #fffafb; padding: 20px; border-radius: 15px; border: 1px solid #fbcfe8; text-align: center;\">\n                <span style=\"font-size: 24px; display: block;\">\ud83e\udd0d<\/span><br \/>\n                <strong style=\"color: #db2777; font-size: 14px; display: block; margin-top: 5px;\">2 INIMI ARGINTII<\/strong><br \/>\n                <span style=\"font-size: 11px; color: #4a5568;\">Folie metalizat\u0103 de \u00eenalt\u0103 calitate.<\/span>\n            <\/div>\n<div style=\"flex: 1 1 180px; background: #fffafb; padding: 20px; border-radius: 15px; border: 1px solid #fbcfe8; text-align: center;\">\n                <span style=\"font-size: 24px; display: block;\">\ud83c\udf88<\/span><br \/>\n                <strong style=\"color: #db2777; font-size: 14px; display: block; margin-top: 5px;\">7 BALOANE LATEX<\/strong><br \/>\n                <span style=\"font-size: 11px; color: #4a5568;\">Mix roz chrome \u0219i roz pastel.<\/span>\n            <\/div><\/div>\n<div style=\"background-color: #fffafb; padding: clamp(20px, 4vw, 30px); border-radius: 20px; margin-bottom: 40px; border-left: 8px solid #db2777;\">\n<h3 style=\"color: #db2777; margin-top: 0; font-size: 18px; text-transform: uppercase; font-weight: 800;\">Ideal pentru momente pline de iubire \ud83d\udc9e<\/h3>\n<ul style=\"font-size: 14px; color: #2d3748; padding-left: 20px; margin-bottom: 0;\">\n<li style=\"margin-bottom: 8px;\"><strong>Ziua Mamei &#038; 8 Martie:<\/strong> Un gest de mul\u021bumire personalizat cu impact maxim.<\/li>\n<li style=\"margin-bottom: 8px;\"><strong>Ceremonii de Bun Venit:<\/strong> O modalitate festiv\u0103 de a \u00eent\u00e2mpina pe cineva drag.<\/li>\n<li style=\"margin-bottom: 8px;\"><strong>Sedin\u021be Foto:<\/strong> Adaug\u0103 un element modern \u0219i sofisticat oric\u0103rui cadru.<\/li>\n<li><strong>Livrare &#8220;La Cheie&#8221;:<\/strong> Livr\u0103m \u00een Chi\u0219in\u0103u, B\u0103l\u021bi, Orhei \u0219i tot Nordul Moldovei.<\/li>\n<\/ul><\/div>\n<div style=\"display: flex; flex-wrap: wrap; gap: 20px; margin-bottom: 40px;\">\n<div style=\"flex: 1 1 300px; border: 1px solid #fce4ec; padding: 25px; border-radius: 20px; background: #ffffff;\">\n<h3 style=\"color: #db2777; margin-top: 0; font-size: 17px; border-bottom: 2px solid #fce4ec; padding-bottom: 10px; font-weight: 800;\">\u00centreb\u0103ri Frecvente \u2753<\/h3>\n<div style=\"font-size: 13px; margin-top: 15px;\">\n<p><strong>C\u00e2t de lung poate fi mesajul?<\/strong><br \/>Recomand\u0103m 3-5 cuvinte pentru o estetic\u0103 impecabil\u0103.<\/p>\n<p><strong>Pot schimba culoarea penelor?<\/strong><br \/>Contacta\u021bi-ne pentru a verifica disponibilitatea penelor albe sau argintii.<\/p>\n<\/p><\/div><\/div>\n<div style=\"flex: 1 1 300px; border: 1px solid #d4d4d4; padding: 25px; border-radius: 20px; background: #fafafa;\">\n<h3 style=\"color: #444; margin-top: 0; font-size: 17px; border-bottom: 2px solid #eeeeee; padding-bottom: 10px; font-weight: 800;\">Sugestii de Asortare \ud83c\udf81<\/h3>\n<div style=\"font-size: 13px; margin-top: 15px;\">\n<p><strong>\ud83c\udf6c Delicii:<\/strong> Bomboane Raffaello (150g) pentru un contrast de alb \u0219i roz.<\/p>\n<p><strong>\ud83c\udf6b R\u0103sf\u0103\u021b:<\/strong> Ciocolat\u0103 Heidi Bouquet Dark &#038; Cherry.<\/p>\n<p><strong>\ud83c\udf77 Toast:<\/strong> O sticl\u0103 de Bacardi Carta Negra pentru momente festive.<\/p>\n<\/p><\/div><\/div><\/div>\n<div style=\"background: #db2777; padding: clamp(30px, 6vw, 50px) 20px; border-radius: 30px; text-align: center; box-shadow: 0 10px 30px rgba(219, 39, 119, 0.3);\">\n<p style=\"font-size: clamp(18px, 4.5vw, 22px); color: #ffffff; margin-bottom: 15px; font-weight: 800;\">\ud83c\udf1f Surprinde cu un gest de neuitat!<\/p>\n<p style=\"font-size: 14px; color: #ffffff; margin-bottom: 25px; font-weight: 400; opacity: 0.9;\">\n                Alege Setul 7149 pe <strong>iubeste.md<\/strong> \u0219i transform\u0103 recuno\u0219tin\u021ba \u00eentr-o amintire pre\u021bioas\u0103.\n            <\/p>\n<p>            <a style=\"display: inline-block; background-color: #ffffff; color: #db2777; padding: 18px clamp(30px, 8vw, 60px); border-radius: 12px; font-weight: 900; text-decoration: none; font-size: 16px; text-transform: uppercase; letter-spacing: 1px; transition: 0.3s; cursor: pointer; box-shadow: 0 5px 15px rgba(0,0,0,0.1);\" \n               href=\"#\" \n               onclick=\"document.querySelector('.single_add_to_cart_button').click(); return false;\"><br \/>\n               Comand\u0103 pe iubeste.md<br \/>\n            <\/a><\/p>\n<div style=\"margin-top: 25px; font-size: 11px; color: #ffffff; font-weight: 700; text-transform: uppercase; letter-spacing: 2px; opacity: 0.8;\">\n                \ud83c\udf88 HELIU INCLUS \u2022 MESAJ PERSONALIZAT \u2022 LIVRARE RAPID\u0102 \ud83d\ude9a\u2728\n            <\/div><\/div><\/div>\n<\/div>\n","protected":false},"excerpt":{"rendered":"<div style=\"font-family: 'Segoe UI', Roboto, Helvetica, Arial, sans-serif; color: #2d3748; line-height: 1.6; max-width: 100%; width: 850px; margin: 20px auto; background-color: #ffffff; border: 1px solid #f3e8ff; border-radius: 25px; overflow: hidden; box-shadow: 0 15px 45px rgba(107, 33, 168, 0.1);\">\n<div style=\"background: linear-gradient(135deg, #a855f7 0%, #7e22ce 100%); padding: clamp(40px, 8vw, 60px) 20px; text-align: center; border-bottom: 5px solid #6b21a8;\">\n<h1 style=\"margin: 0; font-size: clamp(20px, 5vw, 28px); text-transform: uppercase; letter-spacing: 2px; font-weight: 800; color: #ffffff; text-shadow: 1px 1px 3px rgba(0,0,0,0.2);\">Set Recuno\u0219tin\u021b\u0103 Art: 7149<\/h1>\n<div style=\"width: 50px; height: 3px; background: #ffffff; margin: 15px auto; border-radius: 2px;\"><\/div>\n<p style=\"font-size: clamp(14px, 4vw, 18px); font-style: italic; color: #f3e8ff; font-weight: 400; margin: 0; opacity: 0.95;\">Emo\u021bie \u0219i delicate\u021be \u00eentr-un gest spectaculos<\/p>\n<\/p><\/div>\n<div style=\"padding: clamp(20px, 5vw, 40px);\">\n<p style=\"font-size: clamp(15px, 3.5vw, 17px); text-align: center; color: #581c87; margin-bottom: 35px; max-width: 750px; margin-left: auto; margin-right: auto;\">\n            Exprim\u0103-\u021bi recuno\u0219tin\u021ba \u00eentr-un mod memorabil cu <strong>Setul 7149<\/strong>. Aceast\u0103 compozi\u021bie elegant\u0103 \u00ee\u021bi ofer\u0103 posibilitatea unic\u0103 de a ad\u0103uga un <strong>mesaj personalizat<\/strong> direct pe balonul central Bubbles, transform\u00e2nd un simplu cadou \u00eentr-o amintire pre\u021bioas\u0103, disponibil\u0103 pe <strong>iubeste.md<\/strong>.\n        <\/p>\n<div style=\"display: flex; flex-wrap: wrap; gap: 15px; margin-bottom: 40px; justify-content: center;\">\n<div style=\"flex: 1 1 200px; background: #faf5ff; padding: 25px; border-radius: 15px; border: 1px solid #e9d5ff; text-align: center;\">\n                <span style=\"font-size: 35px; display: block; margin-bottom: 10px;\">\u2728<\/span><br \/>\n                <strong style=\"color: #7e22ce; font-size: 15px; display: block; text-transform: uppercase;\">Bubbles Custom<\/strong><br \/>\n                <span style=\"font-size: 12px; color: #6b21a8;\">Mesajul t\u0103u pe balonul central.<\/span>\n            <\/div>\n<div style=\"flex: 1 1 200px; background: #faf5ff; padding: 25px; border-radius: 15px; border: 1px solid #e9d5ff; text-align: center;\">\n                <span style=\"font-size: 35px; display: block; margin-bottom: 10px;\">\ud83d\udc9c<\/span><br \/>\n                <strong style=\"color: #7e22ce; font-size: 15px; display: block; text-transform: uppercase;\">Palet\u0103 Delicat\u0103<\/strong><br \/>\n                <span style=\"font-size: 12px; color: #6b21a8;\">Nuan\u021be rafinate de lavand\u0103 \u0219i alb.<\/span>\n            <\/div>\n<div style=\"flex: 1 1 200px; background: #faf5ff; padding: 25px; border-radius: 15px; border: 1px solid #e9d5ff; text-align: center;\">\n                <span style=\"font-size: 35px; display: block; margin-bottom: 10px;\">\ud83c\udf81<\/span><br \/>\n                <strong style=\"color: #7e22ce; font-size: 15px; display: block; text-transform: uppercase;\">Impact Emo\u021bional<\/strong><br \/>\n                <span style=\"font-size: 12px; color: #6b21a8;\">Cadoul ideal pentru a spune &#8220;Mul\u021bumesc&#8221;.<\/span>\n            <\/div>\n<\/p><\/div>\n<div style=\"background-color: #7e22ce; padding: clamp(25px, 4vw, 35px); border-radius: 20px; margin-bottom: 40px; border-left: clamp(5px, 1.5vw, 10px) solid #d8b4fe; box-shadow: 0 10px 20px rgba(126, 34, 206, 0.2);\">\n<h3 style=\"color: #ffffff; margin-top: 0; font-size: clamp(17px, 4vw, 20px); text-transform: uppercase; font-weight: 800; letter-spacing: 1px;\">Livrare Premium \u00een toat\u0103 Moldova \ud83d\udce6<\/h3>\n<p style=\"font-size: clamp(14px, 3.5vw, 16px); color: #ffffff; font-weight: 500; margin-bottom: 0; line-height: 1.6;\">\n                Echipa <span style=\"color: #f3e8ff; font-weight: 800;\">iubeste.md<\/span> livreaz\u0103 \u00een <span style=\"color: #ffffff; text-decoration: underline;\">B\u0103l\u021bi, Chi\u0219in\u0103u, Orhei<\/span> \u0219i localit\u0103\u021bile \u00eenvecinate. Baloanele ajung <span style=\"color: #ffffff; font-weight: 800;\">UMFLATE CU HELIU<\/span> \u0219i personalizate, gata s\u0103 aduc\u0103 z\u00e2mbete sincere!\n            <\/p>\n<\/p><\/div>\n<div style=\"background: #ffffff; border: 2px solid #7e22ce; padding: clamp(30px, 6vw, 45px) 20px; border-radius: 30px; text-align: center;\">\n<p style=\"font-size: clamp(18px, 4.5vw, 22px); color: #7e22ce; margin-bottom: 15px; font-weight: 800;\">\ud83c\udf1f Surprinde cu un mesaj de suflet!<\/p>\n<p style=\"font-size: clamp(14px, 3.5vw, 16px); color: #4b5563; margin-bottom: 25px; font-weight: 400;\">\n                Comand\u0103 acum Setul 7149 pe <strong>iubeste.md<\/strong> \u0219i transform\u0103 recuno\u0219tin\u021ba \u00eentr-un decor spectaculos.\n            <\/p>\n<p>            <a style=\"display: inline-block; background-color: #7e22ce; color: #ffffff; padding: 18px clamp(30px, 8vw, 60px); border-radius: 12px; font-weight: 900; text-decoration: none; font-size: 16px; text-transform: uppercase; letter-spacing: 1px; transition: 0.3s; cursor: pointer; box-shadow: 0 8px 20px rgba(126, 34, 206, 0.3);\" \n               href=\"#\" \n               onclick=\"document.querySelector('.single_add_to_cart_button').click(); return false;\"><br \/>\n               Comand\u0103 pe iubeste.md<br \/>\n            <\/a><\/p>\n<div style=\"margin-top: 25px; font-size: 11px; color: #7e22ce; font-weight: bold; text-transform: uppercase; letter-spacing: 2px; opacity: 0.8;\">\n                \ud83c\udf88 HELIU INCLUS \u2022 MESAJ PERSONALIZAT \u2022 LIVRARE RAPID\u0102 \ud83d\ude9a\u2728\n            <\/div>\n<\/p><\/div>\n<\/p><\/div>\n<\/div>\n<p>Vezi \u0219i alte buchete dulci pe <a href=\"https:\/\/iubeste.md\/prod-cat\/buchete-din-dulciuri\/\">iubeste.md<\/a> sau urm\u0103re\u0219te-ne pe <a href=\"https:\/\/www.instagram.com\/iubeste.md\/\">Instagram<\/a> pentru inspira\u021bie.<\/p>\n","protected":false},"featured_media":3317,"template":"","meta":[],"product_brand":[],"product_cat":[502],"product_tag":[141,1426,1424,1425,1421,1423,663,1407,1422,1283],"class_list":{"0":"post-2568","1":"product","2":"type-product","3":"status-publish","4":"has-post-thumbnail","6":"product_cat-vozdushnye-shary","7":"product_tag-baloane","8":"product_tag-baloane-cu-heliu-personalizate","9":"product_tag-baloane-inima-argintie","10":"product_tag-baloane-roz-chrome","11":"product_tag-balon-bubbles-cu-text","12":"product_tag-cadou-mama-zi-de-nastere","13":"product_tag-iubeste-md","14":"product_tag-livrare-baloane-chisinau","15":"product_tag-set-baloane-7149","16":"product_tag-surprize-la-domiciliu-balti","18":"first","19":"instock","20":"shipping-taxable","21":"purchasable","22":"product-type-simple"},"aioseo_notices":[],"_links":{"self":[{"href":"https:\/\/iubeste.md\/ru\/wp-json\/wp\/v2\/product\/2568","targetHints":{"allow":["GET"]}}],"collection":[{"href":"https:\/\/iubeste.md\/ru\/wp-json\/wp\/v2\/product"}],"about":[{"href":"https:\/\/iubeste.md\/ru\/wp-json\/wp\/v2\/types\/product"}],"wp:featuredmedia":[{"embeddable":true,"href":"https:\/\/iubeste.md\/ru\/wp-json\/wp\/v2\/media\/3317"}],"wp:attachment":[{"href":"https:\/\/iubeste.md\/ru\/wp-json\/wp\/v2\/media?parent=2568"}],"wp:term":[{"taxonomy":"product_brand","embeddable":true,"href":"https:\/\/iubeste.md\/ru\/wp-json\/wp\/v2\/product_brand?post=2568"},{"taxonomy":"product_cat","embeddable":true,"href":"https:\/\/iubeste.md\/ru\/wp-json\/wp\/v2\/product_cat?post=2568"},{"taxonomy":"product_tag","embeddable":true,"href":"https:\/\/iubeste.md\/ru\/wp-json\/wp\/v2\/product_tag?post=2568"}],"curies":[{"name":"wp","href":"https:\/\/api.w.org\/{rel}","templated":true}]}}