{"id":2566,"date":"2021-04-11T11:29:21","date_gmt":"2021-04-11T08:29:21","guid":{"rendered":"http:\/\/iubeste.md\/?post_type=product&#038;p=2566"},"modified":"2026-04-07T00:14:38","modified_gmt":"2026-04-06T21:14:38","slug":"articol-7147","status":"publish","type":"product","link":"https:\/\/iubeste.md\/ru\/product\/articol-7147\/","title":{"rendered":"Set de Baloane &#8220;Vibrant Mix&#8221; \u2013 Articol: 7147"},"content":{"rendered":"<div style=\"font-family: 'Segoe UI', Roboto, Helvetica, Arial, sans-serif; color: #2d3748; line-height: 1.6; max-width: 100%; width: 850px; margin: 20px auto; background-color: #ffffff; border: 1px solid #fff7ed; border-radius: 25px; overflow: hidden; box-shadow: 0 15px 45px rgba(245, 158, 11, 0.1);\">\n<div style=\"background: linear-gradient(135deg, #f59e0b 0%, #f97316 100%); padding: clamp(40px, 8vw, 60px) 20px; text-align: center; border-bottom: 5px solid #ea580c;\">\n<h1 style=\"margin: 0; font-size: clamp(20px, 5vw, 28px); text-transform: uppercase; letter-spacing: 2px; font-weight: 800; color: #ffffff; text-shadow: 1px 1px 3px rgba(0,0,0,0.1);\">Set Bucurie Art: 7147<\/h1>\n<div style=\"width: 50px; height: 3px; background: #ffffff; margin: 15px auto; border-radius: 2px;\"><\/div>\n<p style=\"font-size: clamp(14px, 4vw, 18px); font-style: italic; color: #ffedd5; font-weight: 400; margin: 0; opacity: 0.95;\">Explozie de culori pentru o stare de bine \u2013 Pe iubeste.md<\/p>\n<\/p><\/div>\n<div style=\"padding: clamp(20px, 5vw, 40px);\">\n<p style=\"font-size: clamp(15px, 3.5vw, 17px); text-align: center; color: #9a3412; margin-bottom: 35px; max-width: 750px; margin-left: auto; margin-right: auto;\">\n            Setul 7147 mizeaz\u0103 pe puterea culorilor pentru a crea o atmosfer\u0103 festiv\u0103 instantanee. Mixul de <strong>galben solar, piersic\u0103, roz \u0219i mov vibrant<\/strong> ofer\u0103 un aspect modern \u0219i curat, fiind solu\u021bia ideal\u0103 pentru un decor rapid sau un gest de aten\u021bie plin de energie pozitiv\u0103 prin <strong>iubeste.md<\/strong>.\n        <\/p>\n<div style=\"display: flex; flex-wrap: wrap; gap: 15px; margin-bottom: 40px; justify-content: center;\">\n<div style=\"flex: 1 1 180px; background: #fffcf0; padding: 20px; border-radius: 15px; border: 1px solid #fef3c7; text-align: center;\">\n                <span style=\"font-size: 24px; display: block;\">\ud83c\udf88<\/span><br \/>\n                <strong style=\"color: #c2410c; font-size: 14px; display: block; margin-top: 5px;\">5 BALOANE LATEX<\/strong><br \/>\n                <span style=\"font-size: 11px; color: #4a5568;\">Mix vesel (Galben, Piersic\u0103, Roz, Mov).<\/span>\n            <\/div>\n<div style=\"flex: 1 1 180px; background: #fffcf0; padding: 20px; border-radius: 15px; border: 1px solid #fef3c7; text-align: center;\">\n                <span style=\"font-size: 24px; display: block;\">\u2693<\/span><br \/>\n                <strong style=\"color: #c2410c; font-size: 14px; display: block; margin-top: 5px;\">GREUTATE INCLUS\u0102<\/strong><br \/>\n                <span style=\"font-size: 11px; color: #4a5568;\">Men\u021bine buchetul compact \u0219i stabil.<\/span>\n            <\/div>\n<div style=\"flex: 1 1 180px; background: #fffcf0; padding: 20px; border-radius: 15px; border: 1px solid #fef3c7; text-align: center;\">\n                <span style=\"font-size: 24px; display: block;\">\u2728<\/span><br \/>\n                <strong style=\"color: #c2410c; font-size: 14px; display: block; margin-top: 5px;\">TEXTUR\u0102 MAT\u0102<\/strong><br \/>\n                <span style=\"font-size: 11px; color: #4a5568;\">Aspect premium \u0219i culori saturate.<\/span>\n            <\/div><\/div>\n<div style=\"background-color: #fff7ed; padding: clamp(20px, 4vw, 30px); border-radius: 20px; margin-bottom: 40px; border-left: 8px solid #f97316;\">\n<h3 style=\"color: #c2410c; margin-top: 0; font-size: 18px; text-transform: uppercase; font-weight: 800;\">Perfect pentru orice surpriz\u0103 \ud83c\udf08<\/h3>\n<ul style=\"font-size: 14px; color: #2d3748; padding-left: 20px; margin-bottom: 0;\">\n<li style=\"margin-bottom: 8px;\"><strong>Petreceri copii:<\/strong> Culori vii care \u00eenc\u00e2nt\u0103 privirile celor mici.<\/li>\n<li style=\"margin-bottom: 8px;\"><strong>Gesturi de mul\u021bumire:<\/strong> Un buchet accesibil cu impact vizual maxim.<\/li>\n<li style=\"margin-bottom: 8px;\"><strong>Decor Birou:<\/strong> Dimensiunea ideal\u0103 pentru a \u00eenveseli spa\u021biul de lucru.<\/li>\n<li><strong>Livrare Express:<\/strong> Ajungem rapid la u\u0219a ta \u00een Chi\u0219in\u0103u, B\u0103l\u021bi \u0219i tot restul Moldovei.<\/li>\n<\/ul><\/div>\n<div style=\"display: flex; flex-wrap: wrap; gap: 20px; margin-bottom: 40px;\">\n<div style=\"flex: 1 1 300px; border: 1px solid #ffedd5; padding: 25px; border-radius: 20px; background: #ffffff;\">\n<h3 style=\"color: #ea580c; margin-top: 0; font-size: 17px; border-bottom: 2px solid #ffedd5; padding-bottom: 10px; font-weight: 800;\">\u00centreb\u0103ri Frecvente \u2753<\/h3>\n<div style=\"font-size: 13px; margin-top: 15px;\">\n<p><strong>C\u00e2t timp plutesc?<\/strong><br \/>Sunt tratate cu solu\u021bii profesionale pentru durat\u0103 extins\u0103.<\/p>\n<p><strong>Pot schimba culorile?<\/strong><br \/>Mixul este standard, dar contacta\u021bi-ne pentru adapt\u0103ri \u00een func\u021bie de stoc.<\/p>\n<\/p><\/div><\/div>\n<div style=\"flex: 1 1 300px; border: 1px solid #d4d4d4; padding: 25px; border-radius: 20px; background: #fafafa;\">\n<h3 style=\"color: #444; margin-top: 0; font-size: 17px; border-bottom: 2px solid #eeeeee; padding-bottom: 10px; font-weight: 800;\">Sugestii de Asortare \ud83c\udf81<\/h3>\n<div style=\"font-size: 13px; margin-top: 15px;\">\n<p><strong>\ud83c\udf6b Dulce:<\/strong> Heidi Dark Orange pentru a completa nuan\u021bele calde.<\/p>\n<p><strong>\ud83e\uddf8 Magic:<\/strong> Urs de Plu\u0219 Alb (1.2m) pentru un decor de poveste.<\/p>\n<p><strong>\ud83e\udd42 Toast:<\/strong> Spumant Bacio di Bolle Fragola pentru momente vesele.<\/p>\n<\/p><\/div><\/div><\/div>\n<div style=\"background: #f97316; padding: clamp(30px, 6vw, 50px) 20px; border-radius: 30px; text-align: center; box-shadow: 0 10px 30px rgba(249, 115, 22, 0.3);\">\n<p style=\"font-size: clamp(18px, 4.5vw, 22px); color: #ffffff; margin-bottom: 15px; font-weight: 800;\">\ud83c\udf1f \u00cenvesele\u0219te ziua cuiva drag!<\/p>\n<p style=\"font-size: 14px; color: #ffffff; margin-bottom: 25px; font-weight: 400; opacity: 0.9;\">\n                Alege Setul 7147 pe <strong>iubeste.md<\/strong> \u2013 un gest simplu care aduce z\u00e2mbete garantate.\n            <\/p>\n<p>            <a style=\"display: inline-block; background-color: #ffffff; color: #f97316; padding: 18px clamp(30px, 8vw, 60px); border-radius: 12px; font-weight: 900; text-decoration: none; font-size: 16px; text-transform: uppercase; letter-spacing: 1px; transition: 0.3s; cursor: pointer; box-shadow: 0 5px 15px rgba(0,0,0,0.1);\" \n               href=\"#\" \n               onclick=\"document.querySelector('.single_add_to_cart_button').click(); return false;\"><br \/>\n               Comand\u0103 pe iubeste.md<br \/>\n            <\/a><\/p>\n<div style=\"margin-top: 25px; font-size: 11px; color: #ffffff; font-weight: 700; text-transform: uppercase; letter-spacing: 2px; opacity: 0.8;\">\n                \ud83c\udf88 HELIU INCLUS \u2022 ECONOMIE &#038; IMPACT \u2022 LIVRARE RAPID\u0102 \ud83d\ude9a\u2728\n            <\/div><\/div><\/div>\n<\/div>\n","protected":false},"excerpt":{"rendered":"<div style=\"font-family: 'Segoe UI', Roboto, Helvetica, Arial, sans-serif; color: #2d3748; line-height: 1.6; max-width: 100%; width: 850px; margin: 20px auto; background-color: #ffffff; border: 1px solid #fef3c7; border-radius: 25px; overflow: hidden; box-shadow: 0 15px 45px rgba(245, 158, 11, 0.1);\">\n<div style=\"background: linear-gradient(135deg, #f59e0b 0%, #fbbf24 100%); padding: clamp(40px, 8vw, 60px) 20px; text-align: center; border-bottom: 5px solid #d97706;\">\n<h1 style=\"margin: 0; font-size: clamp(20px, 5vw, 28px); text-transform: uppercase; letter-spacing: 2px; font-weight: 800; color: #ffffff; text-shadow: 1px 1px 3px rgba(0,0,0,0.1);\">Set Bucurie Art: 7147<\/h1>\n<div style=\"width: 50px; height: 3px; background: #ffffff; margin: 15px auto; border-radius: 2px;\"><\/div>\n<p style=\"font-size: clamp(14px, 4vw, 18px); font-style: italic; color: #fef3c7; font-weight: 400; margin: 0; opacity: 0.95;\">Simplitate, culoare \u0219i z\u00e2mbete \u2013 Disponibil pe iubeste.md<\/p>\n<\/p><\/div>\n<div style=\"padding: clamp(20px, 5vw, 40px);\">\n<p style=\"font-size: clamp(15px, 3.5vw, 18px); text-align: center; color: #92400e; margin-bottom: 35px; max-width: 750px; margin-left: auto; margin-right: auto;\">\n            \u00cenvesele\u0219te orice zi special\u0103 cu <strong>Setul 7147<\/strong>. Aceast\u0103 compozi\u021bie echilibrat\u0103, dar de mare impact, reune\u0219te nuan\u021be calde \u0219i vesele, fiind solu\u021bia perfect\u0103 pentru un decor rapid sau un gest de aten\u021bie plin de c\u0103ldur\u0103, gata de livrare prin <strong>iubeste.md<\/strong>.\n        <\/p>\n<div style=\"display: flex; flex-wrap: wrap; gap: 15px; margin-bottom: 40px; justify-content: center;\">\n<div style=\"flex: 1 1 200px; background: #fffdfa; padding: 25px; border-radius: 15px; border: 1px solid #fde68a; text-align: center;\">\n                <span style=\"font-size: 35px; display: block; margin-bottom: 10px;\">\u2600\ufe0f<\/span><br \/>\n                <strong style=\"color: #b45309; font-size: 15px; display: block; text-transform: uppercase;\">Nuan\u021be Calde<\/strong><br \/>\n                <span style=\"font-size: 12px; color: #78350f;\">O explozie de energie \u0219i optimism.<\/span>\n            <\/div>\n<div style=\"flex: 1 1 200px; background: #fffdfa; padding: 25px; border-radius: 15px; border: 1px solid #fde68a; text-align: center;\">\n                <span style=\"font-size: 35px; display: block; margin-bottom: 10px;\">\u26a1<\/span><br \/>\n                <strong style=\"color: #b45309; font-size: 15px; display: block; text-transform: uppercase;\">Decor Rapid<\/strong><br \/>\n                <span style=\"font-size: 12px; color: #78350f;\">Ideal pentru surprize de ultim moment.<\/span>\n            <\/div>\n<div style=\"flex: 1 1 200px; background: #fffdfa; padding: 25px; border-radius: 15px; border: 1px solid #fde68a; text-align: center;\">\n                <span style=\"font-size: 35px; display: block; margin-bottom: 10px;\">\ud83c\udf88<\/span><br \/>\n                <strong style=\"color: #b45309; font-size: 15px; display: block; text-transform: uppercase;\">Heliu Inclus<\/strong><br \/>\n                <span style=\"font-size: 12px; color: #78350f;\">Gata de plutire la livrare.<\/span>\n            <\/div>\n<\/p><\/div>\n<div style=\"background-color: #f59e0b; padding: clamp(25px, 4vw, 35px); border-radius: 20px; margin-bottom: 40px; border-left: clamp(5px, 1.5vw, 10px) solid #d97706; box-shadow: 0 10px 20px rgba(245, 158, 11, 0.2);\">\n<h3 style=\"color: #ffffff; margin-top: 0; font-size: clamp(17px, 4vw, 20px); text-transform: uppercase; font-weight: 800; letter-spacing: 1px;\">Livrare Express \u00een Moldova \ud83d\udce6<\/h3>\n<p style=\"font-size: clamp(14px, 3.5vw, 16px); color: #ffffff; font-weight: 500; margin-bottom: 0; line-height: 1.6;\">\n                Echipa <span style=\"color: #fef3c7; font-weight: 800;\">iubeste.md<\/span> livreaz\u0103 bucurie \u00een <span style=\"color: #ffffff; text-decoration: underline;\">B\u0103l\u021bi, Chi\u0219in\u0103u, Orhei<\/span> \u0219i localit\u0103\u021bile \u00eenvecinate. Baloanele ajung umflate, aranjate \u0219i gata s\u0103 aduc\u0103 z\u00e2mbete celor dragi!\n            <\/p>\n<\/p><\/div>\n<div style=\"background: #ffffff; border: 2px solid #f59e0b; padding: clamp(30px, 6vw, 45px) 20px; border-radius: 30px; text-align: center;\">\n<p style=\"font-size: clamp(18px, 4.5vw, 22px); color: #b45309; margin-bottom: 15px; font-weight: 800;\">\ud83c\udf1f Lumineaz\u0103-le ziua cu un gest simplu!<\/p>\n<p style=\"font-size: clamp(14px, 3.5vw, 16px); color: #78350f; margin-bottom: 25px; font-weight: 400;\">\n                Comand\u0103 acum Setul 7147 pe <strong>iubeste.md<\/strong> \u0219i ofer\u0103 o mic\u0103 aten\u021bie cu un mare impact vizual.\n            <\/p>\n<p>            <a style=\"display: inline-block; background-color: #f59e0b; color: #ffffff; padding: 18px clamp(30px, 8vw, 60px); border-radius: 12px; font-weight: 900; text-decoration: none; font-size: 16px; text-transform: uppercase; letter-spacing: 1px; transition: 0.3s; cursor: pointer; box-shadow: 0 8px 20px rgba(245, 158, 11, 0.3);\" \n               href=\"#\" \n               onclick=\"document.querySelector('.single_add_to_cart_button').click(); return false;\"><br \/>\n               Comand\u0103 pe iubeste.md<br \/>\n            <\/a><\/p>\n<div style=\"margin-top: 25px; font-size: 11px; color: #f59e0b; font-weight: bold; text-transform: uppercase; letter-spacing: 2px; opacity: 0.8;\">\n                \ud83c\udf88 PROSPE\u021aIME GARANTAT\u0102 \u2022 LIVRARE RAPID\u0102 \ud83d\ude9a\u2728\n            <\/div>\n<\/p><\/div>\n<\/p><\/div>\n<\/div>\n<p>Vezi \u0219i alte buchete dulci pe <a href=\"https:\/\/iubeste.md\/prod-cat\/buchete-din-dulciuri\/\">iubeste.md<\/a> sau urm\u0103re\u0219te-ne pe <a href=\"https:\/\/www.instagram.com\/iubeste.md\/\">Instagram<\/a> pentru inspira\u021bie.<\/p>\n","protected":false},"featured_media":3314,"template":"","meta":[],"product_brand":[],"product_cat":[502],"product_tag":[141,1427,1432,1429,1431,1430,663,1226,1428,1004],"class_list":{"0":"post-2566","1":"product","2":"type-product","3":"status-publish","4":"has-post-thumbnail","6":"product_cat-vozdushnye-shary","7":"product_tag-baloane","8":"product_tag-baloane-colorate","9":"product_tag-baloane-ieftine-heliu","10":"product_tag-baloane-latex-heliu","11":"product_tag-baloane-roz-si-mov","12":"product_tag-decor-petrecere-copii","13":"product_tag-iubeste-md","14":"product_tag-livrare-baloane-balti","15":"product_tag-set-baloane-7147","16":"product_tag-surprize-la-domiciliu-moldova","18":"first","19":"instock","20":"shipping-taxable","21":"purchasable","22":"product-type-simple"},"aioseo_notices":[],"_links":{"self":[{"href":"https:\/\/iubeste.md\/ru\/wp-json\/wp\/v2\/product\/2566","targetHints":{"allow":["GET"]}}],"collection":[{"href":"https:\/\/iubeste.md\/ru\/wp-json\/wp\/v2\/product"}],"about":[{"href":"https:\/\/iubeste.md\/ru\/wp-json\/wp\/v2\/types\/product"}],"wp:featuredmedia":[{"embeddable":true,"href":"https:\/\/iubeste.md\/ru\/wp-json\/wp\/v2\/media\/3314"}],"wp:attachment":[{"href":"https:\/\/iubeste.md\/ru\/wp-json\/wp\/v2\/media?parent=2566"}],"wp:term":[{"taxonomy":"product_brand","embeddable":true,"href":"https:\/\/iubeste.md\/ru\/wp-json\/wp\/v2\/product_brand?post=2566"},{"taxonomy":"product_cat","embeddable":true,"href":"https:\/\/iubeste.md\/ru\/wp-json\/wp\/v2\/product_cat?post=2566"},{"taxonomy":"product_tag","embeddable":true,"href":"https:\/\/iubeste.md\/ru\/wp-json\/wp\/v2\/product_tag?post=2566"}],"curies":[{"name":"wp","href":"https:\/\/api.w.org\/{rel}","templated":true}]}}