{"id":2546,"date":"2021-04-11T11:16:11","date_gmt":"2021-04-11T08:16:11","guid":{"rendered":"http:\/\/iubeste.md\/?post_type=product&#038;p=2546"},"modified":"2026-04-07T00:27:15","modified_gmt":"2026-04-06T21:27:15","slug":"articol-7132","status":"publish","type":"product","link":"https:\/\/iubeste.md\/ru\/product\/articol-7132\/","title":{"rendered":"Set de Baloane Aniversar &#8220;Gold &#038; Pink&#8221; \u2013 Articol: 7132"},"content":{"rendered":"<div style=\"font-family: 'Segoe UI', Roboto, Helvetica, Arial, sans-serif; color: #2d3748; line-height: 1.6; max-width: 100%; width: 850px; margin: 20px auto; background-color: #ffffff; border: 1px solid #fef3c7; border-radius: 25px; overflow: hidden; box-shadow: 0 15px 45px rgba(217, 119, 6, 0.1);\">\n<div style=\"background: linear-gradient(135deg, #d97706 0%, #f59e0b 100%); padding: clamp(40px, 8vw, 60px) 20px; text-align: center; border-bottom: 5px solid #fbcfe8;\">\n<h1 style=\"margin: 0; font-size: clamp(20px, 5vw, 28px); text-transform: uppercase; letter-spacing: 2px; font-weight: 800; color: #ffffff; text-shadow: 1px 1px 3px rgba(0,0,0,0.2);\">Set Aniversar Art: 7132<\/h1>\n<div style=\"width: 50px; height: 3px; background: #ffffff; margin: 15px auto; border-radius: 2px;\"><\/div>\n<p style=\"font-size: clamp(14px, 4vw, 18px); font-style: italic; color: #fef3c7; font-weight: 400; margin: 0; opacity: 0.95;\">Magie aurie \u0219i tonuri calde de s\u0103rb\u0103toare \u2013 Pe iubeste.md<\/p>\n<\/p><\/div>\n<div style=\"padding: clamp(20px, 5vw, 40px);\">\n<p style=\"font-size: clamp(15px, 3.5vw, 17px); text-align: center; color: #92400e; margin-bottom: 35px; max-width: 750px; margin-left: auto; margin-right: auto;\">\n            Setul 7132 ofer\u0103 un decor festiv complet \u00eentr-un format compact \u0219i stilat. Punctul focal este <strong>cifra gigant aurie<\/strong>, completat\u0103 armonios de o <strong>inim\u0103 rose gold<\/strong> \u0219i un buchet delicat cu <strong>confeti aurii<\/strong>, creat special pentru momente magice prin <strong>iubeste.md<\/strong>.\n        <\/p>\n<div style=\"display: flex; flex-wrap: wrap; gap: 15px; margin-bottom: 40px; justify-content: center;\">\n<div style=\"flex: 1 1 180px; background: #fffdf2; padding: 20px; border-radius: 15px; border: 1px solid #fef3c7; text-align: center;\">\n                <span style=\"font-size: 24px; display: block;\">\ud83d\udd22<\/span><br \/>\n                <strong style=\"color: #d97706; font-size: 14px; display: block; margin-top: 5px;\">CIFR\u0102 GIGANT<\/strong><br \/>\n                <span style=\"font-size: 11px; color: #4a5568;\">Folie metalizat\u0103 aurie la alegere.<\/span>\n            <\/div>\n<div style=\"flex: 1 1 180px; background: #fffdf2; padding: 20px; border-radius: 15px; border: 1px solid #fef3c7; text-align: center;\">\n                <span style=\"font-size: 24px; display: block;\">\ud83d\udc96<\/span><br \/>\n                <strong style=\"color: #d97706; font-size: 14px; display: block; margin-top: 5px;\">INIM\u0102 ROSE GOLD<\/strong><br \/>\n                <span style=\"font-size: 11px; color: #4a5568;\">O not\u0103 metalizat\u0103 de tandre\u021be.<\/span>\n            <\/div>\n<div style=\"flex: 1 1 180px; background: #fffdf2; padding: 20px; border-radius: 15px; border: 1px solid #fef3c7; text-align: center;\">\n                <span style=\"font-size: 24px; display: block;\">\u2728<\/span><br \/>\n                <strong style=\"color: #d97706; font-size: 14px; display: block; margin-top: 5px;\">MIX 5 BALOANE<\/strong><br \/>\n                <span style=\"font-size: 11px; color: #4a5568;\">Roz pastel, albe &#038; confeti aurii.<\/span>\n            <\/div><\/div>\n<div style=\"background-color: #fffdf2; padding: clamp(20px, 4vw, 30px); border-radius: 20px; margin-bottom: 40px; border-left: 8px solid #f59e0b;\">\n<h3 style=\"color: #92400e; margin-top: 0; font-size: 18px; text-transform: uppercase; font-weight: 800;\">Perfect pentru clipe pre\u021bioase \u2b50<\/h3>\n<ul style=\"font-size: 14px; color: #2d3748; padding-left: 20px; margin-bottom: 0;\">\n<li style=\"margin-bottom: 8px;\"><strong>Prima Aniversare (1 Ani\u0219or):<\/strong> Culori calde, ideale pentru primele poze de album.<\/li>\n<li style=\"margin-bottom: 8px;\"><strong>Surprize pentru Ea:<\/strong> Combina\u021bia auriu &#038; rose gold este favorita doamnelor.<\/li>\n<li style=\"margin-bottom: 8px;\"><strong>Decor Foto Versatil:<\/strong> Adaug\u0103 un aer festiv instantaneu oric\u0103rui spa\u021biu restr\u00e2ns.<\/li>\n<li><strong>Livrare &#8220;Ready-to-Party&#8221;:<\/strong> Livr\u0103m setul umflat \u00een Chi\u0219in\u0103u, B\u0103l\u021bi, Orhei \u0219i tot Nordul Moldovei.<\/li>\n<\/ul><\/div>\n<div style=\"display: flex; flex-wrap: wrap; gap: 20px; margin-bottom: 40px;\">\n<div style=\"flex: 1 1 300px; border: 1px solid #fef3c7; padding: 25px; border-radius: 20px; background: #ffffff;\">\n<h3 style=\"color: #d97706; margin-top: 0; font-size: 17px; border-bottom: 2px solid #fef3c7; padding-bottom: 10px; font-weight: 800;\">\u00centreb\u0103ri Frecvente \u2753<\/h3>\n<div style=\"font-size: 13px; margin-top: 15px;\">\n<p><strong>C\u00e2t timp plutesc baloanele?<\/strong><br \/>Cifra \u0219i inima pot pluti p\u00e2n\u0103 la o s\u0103pt\u0103m\u00e2n\u0103, cele din latex c\u00e2teva zile.<\/p>\n<p><strong>Pot schimba culoarea cifrei?<\/strong><br \/>Contacta\u021bi-ne pentru a verifica disponibilitatea altor culori (ex: argintiu).<\/p>\n<\/p><\/div><\/div>\n<div style=\"flex: 1 1 300px; border: 1px solid #d4d4d4; padding: 25px; border-radius: 20px; background: #fafafa;\">\n<h3 style=\"color: #444; margin-top: 0; font-size: 17px; border-bottom: 2px solid #eeeeee; padding-bottom: 10px; font-weight: 800;\">Sugestii de Asortare \ud83c\udf81<\/h3>\n<div style=\"font-size: 13px; margin-top: 15px;\">\n<p><strong>\ud83c\udf6c Raffaello:<\/strong> Elegan\u021ba alb\u0103 (150g) care completeaz\u0103 perfect setul.<\/p>\n<p><strong>\ud83c\udf6b Heidi Dark Orange:<\/strong> O not\u0103 intens\u0103 pentru tonurile aurii.<\/p>\n<p><strong>\ud83e\uddf8 Urs de Plu\u0219 Alb:<\/strong> Gigantul de 1.2m pentru un impact emo\u021bional maxim.<\/p>\n<\/p><\/div><\/div><\/div>\n<div style=\"background: #d97706; padding: clamp(30px, 6vw, 50px) 20px; border-radius: 30px; text-align: center; box-shadow: 0 10px 30px rgba(217, 119, 6, 0.3);\">\n<p style=\"font-size: clamp(18px, 4.5vw, 22px); color: #ffffff; margin-bottom: 15px; font-weight: 800;\">\ud83c\udf1f S\u0103rb\u0103tore\u0219te cu str\u0103lucire!<\/p>\n<p style=\"font-size: 14px; color: #ffffff; margin-bottom: 25px; font-weight: 400; opacity: 0.9;\">\n                Alege Setul 7132 pe <strong>iubeste.md<\/strong> \u2013 un decor plin de stil care transform\u0103 orice zi \u00eentr-o zi de neuitat.\n            <\/p>\n<p>            <a style=\"display: inline-block; background-color: #ffffff; color: #d97706; padding: 18px clamp(30px, 8vw, 60px); border-radius: 12px; font-weight: 900; text-decoration: none; font-size: 16px; text-transform: uppercase; letter-spacing: 1px; transition: 0.3s; cursor: pointer; box-shadow: 0 5px 15px rgba(0,0,0,0.1);\" \n               href=\"#\" \n               onclick=\"document.querySelector('.single_add_to_cart_button').click(); return false;\"><br \/>\n               Comand\u0103 pe iubeste.md<br \/>\n            <\/a><\/p>\n<div style=\"margin-top: 25px; font-size: 11px; color: #ffffff; font-weight: 700; text-transform: uppercase; letter-spacing: 2px; opacity: 0.8;\">\n                \ud83c\udf88 HELIU INCLUS \u2022 CIFR\u0102 PERSONALIZAT\u0102 \u2022 LIVRARE RAPID\u0102 \ud83d\ude9a\u2728\n            <\/div><\/div><\/div>\n<\/div>\n","protected":false},"excerpt":{"rendered":"<div style=\"font-family: 'Segoe UI', Roboto, Helvetica, Arial, sans-serif; color: #2d3748; line-height: 1.6; max-width: 100%; width: 850px; margin: 20px auto; background-color: #ffffff; border: 1px solid #fef3c7; border-radius: 25px; overflow: hidden; box-shadow: 0 15px 45px rgba(217, 119, 6, 0.1);\">\n<div style=\"background: linear-gradient(135deg, #d97706 0%, #f59e0b 100%); padding: clamp(40px, 8vw, 60px) 20px; text-align: center; border-bottom: 5px solid #fbcfe8;\">\n<h1 style=\"margin: 0; font-size: clamp(20px, 5vw, 28px); text-transform: uppercase; letter-spacing: 2px; font-weight: 800; color: #ffffff; text-shadow: 1px 1px 3px rgba(0,0,0,0.2);\">Set Aniversar Art: 7132<\/h1>\n<div style=\"width: 50px; height: 3px; background: #ffffff; margin: 15px auto; border-radius: 2px;\"><\/div>\n<p style=\"font-size: clamp(14px, 4vw, 18px); font-style: italic; color: #fef3c7; font-weight: 400; margin: 0; opacity: 0.95;\">Prestan\u021b\u0103 aurie \u0219i delicate\u021be roz \u2013 Pe iubeste.md<\/p>\n<\/p><\/div>\n<div style=\"padding: clamp(20px, 5vw, 40px);\">\n<p style=\"font-size: clamp(15px, 3.5vw, 18px); text-align: center; color: #92400e; margin-bottom: 35px; max-width: 750px; margin-left: auto; margin-right: auto;\">\n            Creeaz\u0103 o amintire str\u0103lucitoare cu <strong>Setul 7132<\/strong>. Aceast\u0103 compozi\u021bie echilibrat\u0103 combin\u0103 prestan\u021ba unei <strong>cifre aurii gigant<\/strong> cu delicate\u021bea tonurilor de <strong>roz<\/strong>, fiind solu\u021bia ideal\u0103 pentru a marca prima aniversare sau orice prag important, disponibil\u0103 pe <strong>iubeste.md<\/strong>.\n        <\/p>\n<div style=\"display: flex; flex-wrap: wrap; gap: 15px; margin-bottom: 40px; justify-content: center;\">\n<div style=\"flex: 1 1 200px; background: #fffdf2; padding: 25px; border-radius: 15px; border: 1px solid #fef3c7; text-align: center;\">\n                <span style=\"font-size: 35px; display: block; margin-bottom: 10px;\">\ud83d\udc51<\/span><br \/>\n                <strong style=\"color: #d97706; font-size: 15px; display: block; text-transform: uppercase;\">Cifr\u0103 Gigant<\/strong><br \/>\n                <span style=\"font-size: 12px; color: #78350f;\">Auriu intens pentru un impact vizual major.<\/span>\n            <\/div>\n<div style=\"flex: 1 1 200px; background: #fffdf2; padding: 25px; border-radius: 15px; border: 1px solid #fef3c7; text-align: center;\">\n                <span style=\"font-size: 35px; display: block; margin-bottom: 10px;\">\ud83c\udf38<\/span><br \/>\n                <strong style=\"color: #d97706; font-size: 15px; display: block; text-transform: uppercase;\">Roz Pastel<\/strong><br \/>\n                <span style=\"font-size: 12px; color: #78350f;\">O not\u0103 de tandre\u021be \u0219i bucurie pur\u0103.<\/span>\n            <\/div>\n<div style=\"flex: 1 1 200px; background: #fffdf2; padding: 25px; border-radius: 15px; border: 1px solid #fef3c7; text-align: center;\">\n                <span style=\"font-size: 35px; display: block; margin-bottom: 10px;\">\ud83d\udcf8<\/span><br \/>\n                <strong style=\"color: #d97706; font-size: 15px; display: block; text-transform: uppercase;\">Fundal Foto<\/strong><br \/>\n                <span style=\"font-size: 12px; color: #78350f;\">Cadru perfect pentru poze memorabile.<\/span>\n            <\/div>\n<\/p><\/div>\n<div style=\"background-color: #d97706; padding: clamp(25px, 4vw, 35px); border-radius: 20px; margin-bottom: 40px; border-left: clamp(5px, 1.5vw, 10px) solid #fbcfe8; box-shadow: 0 10px 20px rgba(217, 119, 6, 0.2);\">\n<h3 style=\"color: #ffffff; margin-top: 0; font-size: clamp(17px, 4vw, 20px); text-transform: uppercase; font-weight: 800; letter-spacing: 1px;\">Livrare Rapid\u0103 \u00een Moldova \ud83d\ude9a<\/h3>\n<p style=\"font-size: clamp(14px, 3.5vw, 16px); color: #ffffff; font-weight: 500; margin-bottom: 0; line-height: 1.6;\">\n                Echipa <span style=\"color: #fef3c7; font-weight: 800;\">iubeste.md<\/span> asigur\u0103 livrarea prompt\u0103 \u00een <span style=\"color: #ffffff; text-decoration: underline;\">B\u0103l\u021bi, Chi\u0219in\u0103u, Orhei<\/span> \u0219i localit\u0103\u021bile \u00eenvecinate. Setul ajunge <strong>UMFLAT CU HELIU<\/strong>, preg\u0103tit s\u0103 radieze la evenimentul t\u0103u!\n            <\/p>\n<\/p><\/div>\n<div style=\"background: #ffffff; border: 2px solid #d97706; padding: clamp(30px, 6vw, 45px) 20px; border-radius: 30px; text-align: center;\">\n<p style=\"font-size: clamp(18px, 4.5vw, 22px); color: #d97706; margin-bottom: 15px; font-weight: 800;\">\ud83c\udf1f S\u0103rb\u0103tore\u0219te primii pa\u0219i cu stil!<\/p>\n<p style=\"font-size: clamp(14px, 3.5vw, 16px); color: #4b5563; margin-bottom: 25px; font-weight: 400;\">\n                Comand\u0103 acum Setul 7132 pe <strong>iubeste.md<\/strong> \u0219i transform\u0103 ziua aniversar\u0103 \u00eentr-o poveste plin\u0103 de lumin\u0103.\n            <\/p>\n<p>            <a style=\"display: inline-block; background-color: #d97706; color: #ffffff; padding: 18px clamp(30px, 8vw, 60px); border-radius: 12px; font-weight: 900; text-decoration: none; font-size: 16px; text-transform: uppercase; letter-spacing: 1px; transition: 0.3s; cursor: pointer; box-shadow: 0 8px 20px rgba(217, 119, 6, 0.3);\" \n               href=\"#\" \n               onclick=\"document.querySelector('.single_add_to_cart_button').click(); return false;\"><br \/>\n               Comand\u0103 pe iubeste.md<br \/>\n            <\/a><\/p>\n<div style=\"margin-top: 25px; font-size: 11px; color: #d97706; font-weight: bold; text-transform: uppercase; letter-spacing: 2px; opacity: 0.8;\">\n                \ud83c\udf88 HELIU INCLUS \u2022 CIFR\u0102 LA ALEGERE \u2022 LIVRARE RAPID\u0102 \ud83d\ude9a\u2728\n            <\/div>\n<\/p><\/div>\n<\/p><\/div>\n<\/div>\n<p>Vezi \u0219i alte buchete dulci pe <a href=\"https:\/\/iubeste.md\/prod-cat\/buchete-din-dulciuri\/\">iubeste.md<\/a> sau urm\u0103re\u0219te-ne pe <a href=\"https:\/\/www.instagram.com\/iubeste.md\/\">Instagram<\/a> pentru inspira\u021bie.<\/p>\n","protected":false},"featured_media":3297,"template":"","meta":[],"product_brand":[],"product_cat":[502],"product_tag":[141,1452,1241,1454,1456,1455,663,1407,1453,1283],"class_list":{"0":"post-2546","1":"product","2":"type-product","3":"status-publish","4":"has-post-thumbnail","6":"product_cat-vozdushnye-shary","7":"product_tag-baloane","8":"product_tag-baloane-cifre-aurii","9":"product_tag-baloane-cu-confeti","10":"product_tag-baloane-cu-heliu-aniversare","11":"product_tag-baloane-roz-si-aurii","12":"product_tag-decor-1-an","13":"product_tag-iubeste-md","14":"product_tag-livrare-baloane-chisinau","15":"product_tag-set-baloane-7132","16":"product_tag-surprize-la-domiciliu-balti","18":"first","19":"instock","20":"shipping-taxable","21":"purchasable","22":"product-type-simple"},"aioseo_notices":[],"_links":{"self":[{"href":"https:\/\/iubeste.md\/ru\/wp-json\/wp\/v2\/product\/2546","targetHints":{"allow":["GET"]}}],"collection":[{"href":"https:\/\/iubeste.md\/ru\/wp-json\/wp\/v2\/product"}],"about":[{"href":"https:\/\/iubeste.md\/ru\/wp-json\/wp\/v2\/types\/product"}],"wp:featuredmedia":[{"embeddable":true,"href":"https:\/\/iubeste.md\/ru\/wp-json\/wp\/v2\/media\/3297"}],"wp:attachment":[{"href":"https:\/\/iubeste.md\/ru\/wp-json\/wp\/v2\/media?parent=2546"}],"wp:term":[{"taxonomy":"product_brand","embeddable":true,"href":"https:\/\/iubeste.md\/ru\/wp-json\/wp\/v2\/product_brand?post=2546"},{"taxonomy":"product_cat","embeddable":true,"href":"https:\/\/iubeste.md\/ru\/wp-json\/wp\/v2\/product_cat?post=2546"},{"taxonomy":"product_tag","embeddable":true,"href":"https:\/\/iubeste.md\/ru\/wp-json\/wp\/v2\/product_tag?post=2546"}],"curies":[{"name":"wp","href":"https:\/\/api.w.org\/{rel}","templated":true}]}}